{"id":616,"date":"2023-01-14T17:23:20","date_gmt":"2023-01-14T17:23:20","guid":{"rendered":"https:\/\/runtzcartsdisposables.com\/?post_type=product&#038;p=616"},"modified":"2024-11-25T20:11:28","modified_gmt":"2024-11-25T20:11:28","slug":"hawaiian-skunk","status":"publish","type":"product","link":"https:\/\/runtzcartsdisposables.com\/es\/product\/hawaiian-skunk\/","title":{"rendered":"Hawaiian Skunk"},"content":{"rendered":"<h1>Comprar Skunk hawaiana online en Noruega<\/h1>\n<p>Hawaiian Skunk online kaufen in Norwegen. Hawaiian Skunk ist eine Indica-dominante Hybridsorte (manche Pflanzen werden als Indica-dominant geerntet), die erntereife Knospen produziert, die eine Reihe von dunklen und hellen Gr\u00fcnt\u00f6nen aufweisen und einen Duft verstr\u00f6men, der an Fr\u00fcchte mit Untert\u00f6nen von Skunk und Erde erinnert. Einige bemerken einen Hauch von Salbei.<\/p>\n<p>Los niveles de THC promedian entre el 11 y el 17 %, por lo que la potencia debe verificarse antes de la compra\/consumo. El subid\u00f3n es conocido por inducir un efecto edificante en los usuarios que mejora el estado de \u00e1nimo y alivia la tensi\u00f3n f\u00edsica. Aunque esta variedad es sativa dominante, produce una mente nublada en lugar de mejorar la concentraci\u00f3n e induce la sedaci\u00f3n, por lo que se recomienda consumirla en casa unas horas antes de acostarse. El enfoque y la concentraci\u00f3n disminuir\u00e1n, pero el consumidor flotar\u00e1 felizmente en su propia cabeza. Comprar hierba en l\u00ednea<\/p>\n<p>Zu den negativen Nebeneffekten geh\u00f6ren neben Mund- und Augentrockenheit auch Paranoia und Schwindelgef\u00fchl, wenn der Konsum die Toleranzgrenze \u00fcberschreitet. Hawaiian-Skunk online in Norwegen kaufen<\/p>\n<p>La Hawaiian Skunk tarda unas 11 semanas en florecer por completo, por lo que los cultivadores impacientes deber\u00edan elegir otra variedad para cultivar.<\/p>\n<p>Hawaiian-Skunk ist ein Indica-dominanter Hybrid (einige Ernten werden als Indica-dominant eingestuft), der erntereife Knospen produziert, die eine Reihe von dunklen und hellen Gr\u00fcnt\u00f6nen aufweisen und einen Duft verstr\u00f6men, der an Fr\u00fcchte mit Untert\u00f6nen von Skunk und Erde erinnert. Super <a href=\"https:\/\/runtzcartsdisposables.com\/es\/product\/florida-cake-jungleboys-kaufen\/\">Og Cookie<\/a>.<\/p>\n<p>Hawaiian-Skunk ist ein 65%iger Indica-Hybrid, der dicke \u00c4ste mit schweren Knospen in dunkelgr\u00fcner Farbe hervorbringt. Diese Sorte f\u00f6rdert die totale Entspannung und wird als medizinische Sorte von denjenigen bevorzugt, die mit chronischer Schlaflosigkeit zu k\u00e4mpfen haben. Unkraut online kaufen<\/p>\n<p>Die Eltern dieser Sorte sind Hawaiian Indica und Skunk #1, die beide potente Eigenschaften haben, die ihrem Ph\u00e4notyp entsprechen. Hawaiian Skunk erh\u00e4lt ihren moschusartigen, skunkigen Geruch und den starken Rausch von ihren Skunk #1-Wurzeln, und ihre beruhigenden Eigenschaften stammen von der Indica-Abstammung. Hawaiian-Skunk online kaufen in Norwegen<\/p>\n<p>Gusto:<\/p>\n<p>Hawaiian-Skunk ist sehr geschmackvoll und angenehm. Der s\u00fc\u00dfe und erdige Geschmack ist am offensichtlichsten beim Einatmen und kann in einen skunkigen und chemischen Nachgeschmack \u00fcbergehen. Der Rauch dieser Sorte schmeckt wie s\u00fc\u00dfer Salbei, gemischt mit holzigen und pflanzlichen Untert\u00f6nen, die an der Innenseite des Mundes haften bleiben.<\/p>\n<h2>Comprar Skunk hawaiana online en Noruega<\/h2>\n<p>Beneficios medicinales de la mofeta hawaiana<\/p>\n<p>Wenn Sie unter Schlaflosigkeit leiden, ist dieses Gras die Linderung, nach der Sie gesucht haben. Aufgrund ihrer stark sedierenden Eigenschaften brauchen die Nutzer nur wenige Z\u00fcge, um in einen tiefen Schlaf zu fallen. Der Rausch scheint zun\u00e4chst zu t\u00e4uschen, da er einen anf\u00e4nglichen Rausch ausl\u00f6st, der den Konsumenten f\u00fcr kurze Zeit geselliger macht, der jedoch nach kurzer Zeit durch einen extrem schweren K\u00f6rper und einen nebligen Geist ersetzt wird, der perfekt f\u00fcr die Schlafenszeit ist. Diese Sorte kann f\u00fcr Nutzer, die unter \u00dcbelkeit und Kopfschmerzen sowie einigen anderen psychischen Problemen wie Depressionen und Stress leiden, von Vorteil sein, wird aber nicht zur prim\u00e4ren Behandlung empfohlen. Diese Sorte kann auch denjenigen helfen, die unter leichten Anf\u00e4llen von chronischer Depression leiden, da sie das Gef\u00fchl vermittelt, sich erhobener und frei von st\u00e4ndigen Sorgen zu f\u00fchlen. Hawaiian-Skunk online in Norwegen kaufen. Kubanische Magic Mushrooms <a href=\"https:\/\/hhcvapekaufen.com\/\" target=\"_blank\" rel=\"noopener\">online kaufen<\/a>.<\/p>\n<p>Wirkungen von Hawaiian-Skunk<\/p>\n<p>Efectos positivos:<\/p>\n<p>Hawaiian-Skunk hat viele positive Wirkungen, die die Nutzer dazu bringen, immer wieder zu kommen. Diese Sorte macht nicht nur unglaublich schl\u00e4frig, sondern wirkt auch erhebend, entspannend und euphorisierend. Es ist ein gl\u00fcckliches High, das oft zu einem Kicheranfall f\u00fchrt &#8211; wenn der Schlaf nicht zuerst kommt. Sowohl der K\u00f6rper als auch der Geist werden beeinflusst: W\u00e4hrend die Gezeiten des Schlummers den K\u00f6rper verlangsamen, schwirrt der Geist vor dem Absturz in fr\u00f6hlicher Stimmung. Kaufen Sie Hawaiian Skunk Online in Norwegen. Diazepam 10mg Tabletten online kaufen<\/p>\n<p>efectos negativos<\/p>\n<p>W\u00e4hrend Hawaiian-Skunk \u00fcberwiegend positive Wirkungen hat, hat der Konsum eine klare negative Konsequenz: Schwindelgef\u00fchl. Benutzer sollten sich dessen bewusst sein und entsprechend planen. Man sollte sich bequem und an einem sicheren Ort hinlegen oder schlafen gehen. Andere Nebenwirkungen, wie trockener Mund und trockene Augen, sind ebenfalls m\u00f6glich. Hawaiian-Skunk online in Norwegen kaufen.<\/p>","protected":false},"excerpt":{"rendered":"<p>Hawaiian Skunk es s\u00faper arom\u00e1tica y agradable. El sabor dulce y terroso es m\u00e1s evidente al inhalarlo y puede desvanecerse en un regusto a zorrillo y qu\u00edmico. El humo de esta cepa sabe a salvia dulce mezclada con notas amaderadas y herbales que permanecen en el interior de la boca.<\/p>\n<p>&nbsp;<\/p>","protected":false},"featured_media":617,"comment_status":"open","ping_status":"closed","template":"","meta":{"_monsterinsights_skip_tracking":false,"_monsterinsights_sitenote_active":false,"_monsterinsights_sitenote_note":"","_monsterinsights_sitenote_category":0},"product_cat":[126,245,351],"product_tag":[291,292,294,293,295,296,297,298],"_links":{"self":[{"href":"https:\/\/runtzcartsdisposables.com\/es\/wp-json\/wp\/v2\/product\/616"}],"collection":[{"href":"https:\/\/runtzcartsdisposables.com\/es\/wp-json\/wp\/v2\/product"}],"about":[{"href":"https:\/\/runtzcartsdisposables.com\/es\/wp-json\/wp\/v2\/types\/product"}],"replies":[{"embeddable":true,"href":"https:\/\/runtzcartsdisposables.com\/es\/wp-json\/wp\/v2\/comments?post=616"}],"wp:featuredmedia":[{"embeddable":true,"href":"https:\/\/runtzcartsdisposables.com\/es\/wp-json\/wp\/v2\/media\/617"}],"wp:attachment":[{"href":"https:\/\/runtzcartsdisposables.com\/es\/wp-json\/wp\/v2\/media?parent=616"}],"wp:term":[{"taxonomy":"product_cat","embeddable":true,"href":"https:\/\/runtzcartsdisposables.com\/es\/wp-json\/wp\/v2\/product_cat?post=616"},{"taxonomy":"product_tag","embeddable":true,"href":"https:\/\/runtzcartsdisposables.com\/es\/wp-json\/wp\/v2\/product_tag?post=616"}],"curies":[{"name":"wp","href":"https:\/\/api.w.org\/{rel}","templated":true}]}}