{"id":628,"date":"2023-01-14T17:32:09","date_gmt":"2023-01-14T17:32:09","guid":{"rendered":"https:\/\/runtzcartsdisposables.com\/?post_type=product&#038;p=628"},"modified":"2024-11-25T20:11:25","modified_gmt":"2024-11-25T20:11:25","slug":"jealousy","status":"publish","type":"product","link":"https:\/\/runtzcartsdisposables.com\/es\/product\/jealousy\/","title":{"rendered":"Jealousy"},"content":{"rendered":"<h1>Comprar variedad de marihuana Jealousy en linea en Polonia<\/h1>\n<p>Kaufen Jealousy Marihuana <a href=\"https:\/\/runtzcartsdisposables.com\/es\/product\/skittles-moonrocks\/\">Strain<\/a> Online In Polen. Sch\u00f6ne lila Blume, sehr klebrig und dicht, leuchtend orange Haare und smaragdgr\u00fcne Bl\u00e4tter sprie\u00dfen in der ganzen Blume mit Tonnen von #Trichomen BUY WAX (Pro Gramm)<\/p>\n<p>Fuerte e intenso subid\u00f3n f\u00edsico y cerebral, de acci\u00f3n r\u00e1pida y que instant\u00e1neamente elevar\u00e1 tu mente a una nube y har\u00e1 que tu cuerpo sienta toda la gravedad. Compre tabletas de diazepam de 10 mg en l\u00ednea.<\/p>\n<p>Hermosa flor morada, muy pegajosa y densa, pelos de color naranja brillante y hojas de color verde esmeralda brotan a trav\u00e9s de la flor con toneladas de #tricomasCompre Cake Mix\/Mintz<\/p>\n<p>Fuerte e intenso subid\u00f3n f\u00edsico y cerebral, de acci\u00f3n r\u00e1pida y que instant\u00e1neamente elevar\u00e1 tu mente a una nube y har\u00e1 que tu cuerpo sienta toda la gravedad. Jealousy (Gelato41 x Sherb bx1) de Cookies y Mintz criada por Seed Junky Genetics. Los cogollos Jealousy tienen un tono p\u00farpura oscuro y un brillo helado. los sabores de helado y sorbete son una combinaci\u00f3n perfecta de gaseoso, funky y dulce. Puedes compartir o puedes poner celosos a tus amigos. comprar falda Kurupt Moon<\/p>\n<p>Preciosa flor morada, muy pegajosa y densa, pelos de color naranja brillante y hojas verde esmeralda que brotan por toda la flor con toneladas de #tricomas compra Strawnana<\/p>\n<h2>Comprar variedad de marihuana Jealousy en linea en Polonia<\/h2>\n<p>Fuerte e intenso subid\u00f3n f\u00edsico y cerebral que golpea r\u00e1pido e instant\u00e1neamente hace que tu mente flote en una nube y deja que tu cuerpo sienta toda la gravedad. comprar Lemon Skittle<\/p>\n<p>Wundersch\u00f6ne lila Bl\u00fcte, sehr klebrig und dicht, leuchtend orangefarbene Haare und smaragdgr\u00fcne Bl\u00e4tter, die durch die ganze Bl\u00fcte mit Tonnen von #Trichomen sprie\u00dfen<a href=\"https:\/\/ketaminkaufenn.com\/\" target=\"_blank\" rel=\"noopener\">.<\/a> Kaufen Jealousy Marihuana Strain Online In Polen<\/p>\n<p>Fuerte e intenso subid\u00f3n f\u00edsico y cerebral que golpea r\u00e1pido y al instante hace que tu mente flote en una nube y que tu cuerpo sienta toda la gravedad. comprar HASH<\/p>\n<p>Preciosa flor morada, muy pegajosa y densa, pelos de color naranja brillante y hojas verde esmeralda que brotan por toda la flor con toneladas de #tricomas. Comprar Hongos M\u00e1gicos Cubanos online.<\/p>\n<p>Fuerte e intenso subid\u00f3n f\u00edsico y cerebral, de acci\u00f3n r\u00e1pida y que instant\u00e1neamente elevar\u00e1 tu mente a una nube y har\u00e1 que tu cuerpo sienta toda la gravedad. Jealousy (Gelato41 x Sherb bx1) de Cookies y Mintz criada por Seed Junky Genetics. Los cogollos celosos tienen un tono p\u00farpura oscuro y un brillo helado. Los sabores de helado y sorbete son una combinaci\u00f3n perfecta de gaseoso, funky y dulce. Puedes compartir o puedes poner celosos a tus amigos. Comprar Celos en Arizona comprar CHOCOLATE FUDGE BROWNIE<\/p>\n<p>Preciosa flor morada, muy pegajosa y densa, pelos de color naranja brillante y hojas verde esmeralda que brotan por toda la flor, con toneladas de #tricomas. Comprar variedad de marihuana Jealousy en l\u00ednea en Polonia<\/p>\n<p>Starkes und intensives k\u00f6rperliches und zerebrales High, schnell wirkend und wird deinen Geist sofort auf eine Wolke heben und deinen K\u00f6rper die ganze Schwerkraft sp\u00fcren lassen.<\/p>","protected":false},"excerpt":{"rendered":"<h2 style=\"text-align: center;\"><strong>Jealousy<\/strong><\/h2>\n<hr \/>\n<p>Magn\u00edfico cogollo morado, muy pegajoso y denso, pelos de color naranja brillante y hojas verde esmeralda que brotan por todo el cogollo, con toneladas de tricomas.<\/p>\n<p>&nbsp;<\/p>","protected":false},"featured_media":629,"comment_status":"open","ping_status":"closed","template":"","meta":{"_monsterinsights_skip_tracking":false,"_monsterinsights_sitenote_active":false,"_monsterinsights_sitenote_note":"","_monsterinsights_sitenote_category":0},"product_cat":[126,245,351],"product_tag":[299,233,301,302,303,304,305,306,307,308,309,300],"_links":{"self":[{"href":"https:\/\/runtzcartsdisposables.com\/es\/wp-json\/wp\/v2\/product\/628"}],"collection":[{"href":"https:\/\/runtzcartsdisposables.com\/es\/wp-json\/wp\/v2\/product"}],"about":[{"href":"https:\/\/runtzcartsdisposables.com\/es\/wp-json\/wp\/v2\/types\/product"}],"replies":[{"embeddable":true,"href":"https:\/\/runtzcartsdisposables.com\/es\/wp-json\/wp\/v2\/comments?post=628"}],"wp:featuredmedia":[{"embeddable":true,"href":"https:\/\/runtzcartsdisposables.com\/es\/wp-json\/wp\/v2\/media\/629"}],"wp:attachment":[{"href":"https:\/\/runtzcartsdisposables.com\/es\/wp-json\/wp\/v2\/media?parent=628"}],"wp:term":[{"taxonomy":"product_cat","embeddable":true,"href":"https:\/\/runtzcartsdisposables.com\/es\/wp-json\/wp\/v2\/product_cat?post=628"},{"taxonomy":"product_tag","embeddable":true,"href":"https:\/\/runtzcartsdisposables.com\/es\/wp-json\/wp\/v2\/product_tag?post=628"}],"curies":[{"name":"wp","href":"https:\/\/api.w.org\/{rel}","templated":true}]}}