{"id":640,"date":"2023-01-14T17:40:04","date_gmt":"2023-01-14T17:40:04","guid":{"rendered":"https:\/\/runtzcartsdisposables.com\/?post_type=product&#038;p=640"},"modified":"2024-11-25T20:11:24","modified_gmt":"2024-11-25T20:11:24","slug":"kush-mint","status":"publish","type":"product","link":"https:\/\/runtzcartsdisposables.com\/es\/product\/kush-mint\/","title":{"rendered":"Kush Mint"},"content":{"rendered":"<h1>Compara Kush Mint en l\u00ednea y en Jap\u00f3n<\/h1>\n<p>Kaufen Sie Kush Mint online in Japan. Kush Mint ist eine gleichm\u00e4\u00dfig ausgewogene Hybridsorte (50% Indica\/50% Sativa), die durch eine potente Kreuzung der klassischen Bubba Kush X Animal Mints-Sorten entstanden ist. Perfekt f\u00fcr jeden Fan eines super minzigen Geschmacks, bringt Kush-Mint eine ausgewogene Wirkung, die sowohl Geist als auch K\u00f6rper mit einem hohen Ma\u00df an Potenz dank ihrer super schweren 22-24% durchschnittlichen THC-Gehalt zu treffen. Kush-Mint hat einen fabelhaft scharfen minzigen Geschmack mit einem Hauch von frischem Kaffee und erdigen Keksen. Cherry Pie kaufen Das Aroma besteht aus erdigen, s\u00fc\u00dfen H\u00f6lzern und reichhaltigem, w\u00fcrzigem Kaffee mit einem starken Minzkick. Das Kush-Mint-High ist nicht ganz so augen\u00f6ffnend wie der Geschmack, mit entspannenden Effekten, die Sie zur\u00fccktreten und ziemlich schl\u00e4frig machen, wenn Sie nicht aufpassen. Es beginnt mit einem w\u00e4rmenden Kribbeln in der Wirbels\u00e4ule. WACHSEN KAUFEN (pro Gramm)<\/p>\n<p>Kush Mints es una potente combinaci\u00f3n de un sabor terroso similar al combustible y toques de menta fresca. Esta \u00edndica tiene un nivel de THC superior al 30% y es una variedad excelente para disfrutar cuando se necesita una relajaci\u00f3n profunda. Esta variedad inducir\u00e1 serios efectos de tirantez en el sof\u00e1 y aliviar\u00e1 el estr\u00e9s. Big Mex Magic Mushroom en l\u00ednea EE. UU.<\/p>\n<h2>Compara Kush Mint en l\u00ednea y en Jap\u00f3n<\/h2>\n<p>THC: 30,1% Ein weiteres Mitglied der ber\u00fcchtigten Cookies-Familie, Kush-Mints, ist ein schwerer Schlag, der als eine Kreuzung zwischen Bubba Kush und Seed Junky Genetics exklusive Animal Mints erstellt wurde. Diese Sorte aus der Top Shelf Collection ist ein Ph\u00e4notyp, der perfekt f\u00fcr diejenigen ist, die ein leicht minziges Gef\u00fchl w\u00fcnschen, das durch cremige, kaffeeartige, erdige und Gas- oder Kush-Noten ausgeglichen wird. Dieser einzigartige indicadominierte Hybrid weist eine \u00fcberdurchschnittlich hohe <a href=\"https:\/\/lsdkaufenn.com\/\" target=\"_blank\" rel=\"noopener\">THC<\/a>-Konzentration auf, die in der Spitze um die 26% liegt und den Nutzern ein starkes High verschafft, \u00e4hnlich wie sein Vorg\u00e4nger Bubba Kush aus den 1990er Jahren. Das High von Kush-Mints ist ein Kriechgang, der mit einer Welle der Ruhe beginnt, die vom Kopf bis zu den Zehen reicht, Schmerzen lindert und die Muskeln entspannt, w\u00e4hrend sie den Geist beruhigt und erhebt. Wie viele der charakteristischen Sorten von Seed Junkyz Genetics ist Kush-Mints f\u00fcr ihr extrem ausgepr\u00e4gtes und appetitanregendes Terpenprofil bekannt, in dem Pinen, Limonen, Caryophyllen und Linalool-Verbindungen dominieren. Diese au\u00dfergew\u00f6hnliche Kombination von Terpenen f\u00fchrt zu Kush-Mints&#8216; dessertartigem Aroma und Geschmack, der als cremig und erdig erkannt werden kann, mit einem spektakul\u00e4ren Menthol- oder minzartigen Kick. <a href=\"https:\/\/runtzcartsdisposables.com\/es\/product\/hawaiian-skunk\/\">Kush<\/a> Mint online in Japan kaufen.<\/p>","protected":false},"excerpt":{"rendered":"<h3 style=\"text-align: center;\">Kush Mint<\/h3>\n<hr \/>\n<p>Kush Mint es una variedad h\u00edbrida uniformemente equilibrada (50 % \u00edndica\/50 % sativa) creada a partir de un potente cruce de cepas cl\u00e1sicas Bubba Kush X Animal Mints.<\/p>\n<p>&nbsp;<\/p>","protected":false},"featured_media":641,"comment_status":"open","ping_status":"closed","template":"","meta":{"_monsterinsights_skip_tracking":false,"_monsterinsights_sitenote_active":false,"_monsterinsights_sitenote_note":"","_monsterinsights_sitenote_category":0},"product_cat":[126,245,351],"product_tag":[],"_links":{"self":[{"href":"https:\/\/runtzcartsdisposables.com\/es\/wp-json\/wp\/v2\/product\/640"}],"collection":[{"href":"https:\/\/runtzcartsdisposables.com\/es\/wp-json\/wp\/v2\/product"}],"about":[{"href":"https:\/\/runtzcartsdisposables.com\/es\/wp-json\/wp\/v2\/types\/product"}],"replies":[{"embeddable":true,"href":"https:\/\/runtzcartsdisposables.com\/es\/wp-json\/wp\/v2\/comments?post=640"}],"wp:featuredmedia":[{"embeddable":true,"href":"https:\/\/runtzcartsdisposables.com\/es\/wp-json\/wp\/v2\/media\/641"}],"wp:attachment":[{"href":"https:\/\/runtzcartsdisposables.com\/es\/wp-json\/wp\/v2\/media?parent=640"}],"wp:term":[{"taxonomy":"product_cat","embeddable":true,"href":"https:\/\/runtzcartsdisposables.com\/es\/wp-json\/wp\/v2\/product_cat?post=640"},{"taxonomy":"product_tag","embeddable":true,"href":"https:\/\/runtzcartsdisposables.com\/es\/wp-json\/wp\/v2\/product_tag?post=640"}],"curies":[{"name":"wp","href":"https:\/\/api.w.org\/{rel}","templated":true}]}}