{"id":652,"date":"2023-01-14T17:49:08","date_gmt":"2023-01-14T17:49:08","guid":{"rendered":"https:\/\/runtzcartsdisposables.com\/?post_type=product&#038;p=652"},"modified":"2024-11-25T20:11:21","modified_gmt":"2024-11-25T20:11:21","slug":"lemon-cherry-gelato","status":"publish","type":"product","link":"https:\/\/runtzcartsdisposables.com\/es\/product\/lemon-cherry-gelato\/","title":{"rendered":"Lemon cherry gelato"},"content":{"rendered":"<h1>Comprar Lemon Cherry Gelato en l\u00ednea en Grecia<\/h1>\n<p>Comprar Lemon Cherry Gelato en l\u00ednea en Grecia. Antique, una operaci\u00f3n con sede en Oakland, est\u00e1 trabajando arduamente para demostrar que East Bay todav\u00eda est\u00e1 a la vanguardia.<\/p>\n<p>\u00bfSu \u00faltima gota de helado de cereza y lim\u00f3n? ? es el siguiente nivel. Big Mex Magic Mushroom en l\u00ednea EE. UU.<\/p>\n<p>Lo primero que te llama la atenci\u00f3n es lo bien que ha crecido, enrojecido, curado y cuidado. Se quema con una suavidad incre\u00edble que recuerda a las flores limpias y verdes certificadas.compra Pre-Rolls de Galletas<\/p>\n<p>El perfil de sabor se siente como si hubiera sido hecho por un chef famoso. El equilibrio entre cereza, lim\u00f3n y helado es impecable. El helado no es demasiado abrumador, mientras que las notas de lim\u00f3n y cereza complementan muy bien el helado.<\/p>\n<p>Lemon Gelato ist eine indicadominierte Hybridsorte, die Liebhabern von Geruch und Geschmack gefallen wird. Wie der Name schon sagt, bietet Lemon Gelato einen s\u00fc\u00dfen, Sorbet-\u00e4hnlichen Geschmack, der an Zitronen und Blaubeeren erinnert, aber mit einem holzartigen Geschmack beim Ausatmen. Der Duft ist \u00e4hnlich und wird nur noch intensiver, wenn man die Knospen dieser Sorte aufbricht. Mit ihrer Abstammung von Sunset Sherbet, Thin Mint Girl Scout Cookies und Lemon Haze ist es kein Wunder, dass sowohl ihr Duft als auch ihr Geschmack so abwechslungsreich und lecker sind. Kubanische <a href=\"https:\/\/bobdispensary.com\/\" target=\"_blank\" rel=\"noopener\">Magic Mushrooms<\/a> online kaufen<\/p>\n<h2>Comprar Lemon Cherry Gelato en l\u00ednea en Grecia<\/h2>\n<p>Un lote bien cultivado de Lemon Gelato produce cogollos con puntas de color verde intenso que se aclaran hacia el tallo, junto con pistilos de color marr\u00f3n dorado y una ligera polinizaci\u00f3n de tricomas. Comprar MoneyBagg Runtz en Dammam<\/p>\n<p>Der<a href=\"https:\/\/runtzcartsdisposables.com\/es\/product\/la-kush-cake-jungleboy-bestellen\/\"> THC-Gehalt<\/a> von Lemon Gelato kann variieren, daher sollte man den Prozentsatz \u00fcberpr\u00fcfen, bevor man sie probiert. Rezensenten dieser Sorte haben oft angegeben, dass ihr Fokus zusammen mit der Energie zunimmt, und ein zerebraler Kopf Rausch wird von einem K\u00f6rper Summen, das von Kopf bis Fu\u00df schwingt begleitetFans dieser Sorte schwelgen oft in Entspannung, Ruhe und Frieden, wenn sie es versuchen, und haben auch festgestellt, dass es helfen kann, Schmerzen zu lindern, Kopfschmerzen, und m\u00f6glicherweise von M\u00fcdigkeit zu befreien.<\/p>","protected":false},"excerpt":{"rendered":"<h4 style=\"text-align: center;\">Lemon cherry gelato<\/h4>\n<hr \/>\n<p>Esta cepa desciende de la cepa Sunset Sherbet. Somos el proveedor n\u00famero uno de helado.<br \/>\nLemon Gelato es una variedad h\u00edbrida de dominancia \u00edndica que atraer\u00e1 a los amantes del olfato y. Tal como sugiere su nombre, Lemon Gelato ofrece un sabor dulce parecido a un sorbete que recuerda a limones y ar\u00e1ndanos.<\/p>","protected":false},"featured_media":653,"comment_status":"open","ping_status":"closed","template":"","meta":{"_monsterinsights_skip_tracking":false,"_monsterinsights_sitenote_active":false,"_monsterinsights_sitenote_note":"","_monsterinsights_sitenote_category":0},"product_cat":[126,245,351],"product_tag":[],"_links":{"self":[{"href":"https:\/\/runtzcartsdisposables.com\/es\/wp-json\/wp\/v2\/product\/652"}],"collection":[{"href":"https:\/\/runtzcartsdisposables.com\/es\/wp-json\/wp\/v2\/product"}],"about":[{"href":"https:\/\/runtzcartsdisposables.com\/es\/wp-json\/wp\/v2\/types\/product"}],"replies":[{"embeddable":true,"href":"https:\/\/runtzcartsdisposables.com\/es\/wp-json\/wp\/v2\/comments?post=652"}],"wp:featuredmedia":[{"embeddable":true,"href":"https:\/\/runtzcartsdisposables.com\/es\/wp-json\/wp\/v2\/media\/653"}],"wp:attachment":[{"href":"https:\/\/runtzcartsdisposables.com\/es\/wp-json\/wp\/v2\/media?parent=652"}],"wp:term":[{"taxonomy":"product_cat","embeddable":true,"href":"https:\/\/runtzcartsdisposables.com\/es\/wp-json\/wp\/v2\/product_cat?post=652"},{"taxonomy":"product_tag","embeddable":true,"href":"https:\/\/runtzcartsdisposables.com\/es\/wp-json\/wp\/v2\/product_tag?post=652"}],"curies":[{"name":"wp","href":"https:\/\/api.w.org\/{rel}","templated":true}]}}