{"id":688,"date":"2023-01-14T18:32:28","date_gmt":"2023-01-14T18:32:28","guid":{"rendered":"https:\/\/runtzcartsdisposables.com\/?post_type=product&#038;p=688"},"modified":"2024-11-25T20:11:12","modified_gmt":"2024-11-25T20:11:12","slug":"purple-punch-2","status":"publish","type":"product","link":"https:\/\/runtzcartsdisposables.com\/es\/product\/purple-punch-2\/","title":{"rendered":"Purple Punch"},"content":{"rendered":"<h1>Comprar ponche morado en l\u00ednea Reino Unido<\/h1>\n<p>Comprar Purple Punch en l\u00ednea. Gracias a los criadores de Mystery del Reino Unido, Purple Punch entr\u00f3 en nuestras vidas, ya que este potente cogollo ofrece una explosi\u00f3n de sabor con un efecto que seguir\u00e1s deseando. Cruzar la Granddaddy Purple con la Larry OG fue una buena idea, ya que esta variedad de dominancia \u00edndica saca lo mejor de ambos padres. Las personas que deseen un subid\u00f3n mental y f\u00edsico igualmente potente deber\u00edan probar esta cepa. Comprar mezcla para pastel\/Minntz<\/p>\n<p>Auch wenn sie mit 20% THC nicht sehr stark klingt, enth\u00e4lt Purple Punch auch 1%<a href=\"https:\/\/nembutalprezzo.com\/\" target=\"_blank\" rel=\"noopener\"> CBD<\/a> und trifft Dich wie ein Mack Truck. Die Nuggets sind sehr flauschig und hell mit einem Neon-Ton, begleitet von r\u00f6tlichen Stempeln und bernsteinfarbenen Trichomen. Einige w\u00fcrden die Aromen und Geschmacksrichtungen dieser Knospe als einen Schlag ins Gesicht beschreiben, und das zu Recht, da eine starke Trauben-Kool-Aid-Note vorhanden ist. Dies wird jedoch durch andere k\u00f6stliche Aromen wie Blaubeeren, Vanille und Kr\u00e4uter ausgeglichen.buy Northern light<\/p>\n<p>El subid\u00f3n de Purple Punch comienza con toda su fuerza, ya que una poderosa estimulaci\u00f3n cerebral te golpea justo detr\u00e1s de los ojos. El estado de \u00e1nimo se eleva con facilidad y casi te sentir\u00e1s como un globo que se eleva hacia el cielo. A medida que literalmente se eleva m\u00e1s y m\u00e1s alto, los efectos f\u00edsicos se activan y ayudan a equilibrar las cosas con un fuerte estado de sedaci\u00f3n. Dependiendo de tu tolerancia, este es el momento ideal para acurrucarte e irte a dormir, o al menos el momento de la noche para ver tu pel\u00edcula favorita y relajarte.Mintz<\/p>\n<p>Purple Punch ist bekannt f\u00fcr seine F\u00e4higkeit, die Stimmung mit Leichtigkeit zu heben, und so ist es nicht verwunderlich, dass sich medizinische Anwender an sie wenden, wenn sie niedergeschlagen sind. Sowohl Stress als auch Depressionen werden relativ schnell gelindert, und auch k\u00f6rperliche Schmerzen werden mit Leichtigkeit behandelt. Wenn Sie Kopfschmerzen, Kr\u00e4mpfe, Muskelkr\u00e4mpfe oder fast jedes andere Leiden haben, wenden Sie sich an Purple Punch. Nat\u00fcrlich ist diese Knospe auch gro\u00dfartig f\u00fcr Menschen, die regelm\u00e4\u00dfig mit Schlaflosigkeit zu <a href=\"https:\/\/runtzcartsdisposables.com\/es\/product\/purple-haze\/\">k\u00e4mpfen haben<\/a>.<\/p>\n<p>Si te has enamorado de esta variedad, lo m\u00e1s probable es que quieras llev\u00e1rtela a casa y hacerla tuya. Afortunadamente, las semillas de Purple Punch son muy f\u00e1ciles de obtener, y despu\u00e9s de solo 8 a 10 semanas, esperar\u00e1s un rendimiento muy alto. Las especificaciones de cultivo son un poco confusas en esta variedad, pero sabemos que se puede cultivar f\u00e1cilmente tanto en interiores como en exteriores. Compre Pluto Cookies en l\u00ednea.<\/p>\n<p>Si quieres deleitar tus papilas gustativas y tener una experiencia cann\u00e1bica verdaderamente inolvidable, Purple Punch es para ti. Este brote est\u00e1 disponible en muchas ubicaciones en todo el pa\u00eds, as\u00ed que pru\u00e9balo y observa c\u00f3mo se desvanecen todas tus preocupaciones. sue\u00f1o azul<\/p>","protected":false},"excerpt":{"rendered":"<h3 style=\"text-align: center;\">Purple Punch<\/h3>\n<hr \/>\n<p>Purple Punch es la fusi\u00f3n dulce y relajante de dos cl\u00e1sicos de dominancia \u00edndica. Al cruzar Larry OG con Granddaddy Purple, la incre\u00edble...<\/p>\n<p>&nbsp;<\/p>","protected":false},"featured_media":689,"comment_status":"open","ping_status":"closed","template":"","meta":{"_monsterinsights_skip_tracking":false,"_monsterinsights_sitenote_active":false,"_monsterinsights_sitenote_note":"","_monsterinsights_sitenote_category":0},"product_cat":[126,245,351],"product_tag":[],"_links":{"self":[{"href":"https:\/\/runtzcartsdisposables.com\/es\/wp-json\/wp\/v2\/product\/688"}],"collection":[{"href":"https:\/\/runtzcartsdisposables.com\/es\/wp-json\/wp\/v2\/product"}],"about":[{"href":"https:\/\/runtzcartsdisposables.com\/es\/wp-json\/wp\/v2\/types\/product"}],"replies":[{"embeddable":true,"href":"https:\/\/runtzcartsdisposables.com\/es\/wp-json\/wp\/v2\/comments?post=688"}],"wp:featuredmedia":[{"embeddable":true,"href":"https:\/\/runtzcartsdisposables.com\/es\/wp-json\/wp\/v2\/media\/689"}],"wp:attachment":[{"href":"https:\/\/runtzcartsdisposables.com\/es\/wp-json\/wp\/v2\/media?parent=688"}],"wp:term":[{"taxonomy":"product_cat","embeddable":true,"href":"https:\/\/runtzcartsdisposables.com\/es\/wp-json\/wp\/v2\/product_cat?post=688"},{"taxonomy":"product_tag","embeddable":true,"href":"https:\/\/runtzcartsdisposables.com\/es\/wp-json\/wp\/v2\/product_tag?post=688"}],"curies":[{"name":"wp","href":"https:\/\/api.w.org\/{rel}","templated":true}]}}