{"id":718,"date":"2023-01-14T19:00:03","date_gmt":"2023-01-14T19:00:03","guid":{"rendered":"https:\/\/runtzcartsdisposables.com\/?post_type=product&#038;p=718"},"modified":"2024-11-25T20:11:05","modified_gmt":"2024-11-25T20:11:05","slug":"strawberry-kush","status":"publish","type":"product","link":"https:\/\/runtzcartsdisposables.com\/es\/product\/strawberry-kush\/","title":{"rendered":"Strawberry Kush"},"content":{"rendered":"<h1>Comprar Strawberry Kush online<\/h1>\n<p>Compre Strawberry Kush en l\u00ednea: Strawberry Kush es una cepa fuerte y dulce que es una dama bien redondeada. Con su sabor a fresa almizclada, esta cepa hace honor a su linaje. Por lo general, un cruce entre la dulce Strawberry Cough y la picante OG Kush, la Strawberry Kush es fuerte pero no abrumadora. Una cepa potente para.<\/p>\n<p>Para principiantes, es una cepa so\u00f1olienta que produce una sensaci\u00f3n de cuerpo pesado y calmante, aunque los efectos pueden variar seg\u00fan la dosis y los usuarios. Para los cultivadores, Strawberry Kush solo est\u00e1 disponible como clon y normalmente florece entre 8 y 9 semanas.<\/p>\n<h2>Comprar Strawberry Kush online<\/h2>\n<p>Strawberry Kush online kaufen. ist s\u00fc\u00df, stark und wahrhaft abgerundet. Diese Sorte rechtfertigt sicherlich ihre Abstammung und enth\u00e4lt einen moschusartigen k\u00fcnstlichen Erdbeergeschmack mit einem THC-Gehalt von 16 &#8211; 18% Prozent. Sie ist im Wesentlichen als eine Kreuzung zwischen der bitteren <a href=\"https:\/\/runtzcartsdisposables.com\/es\/product\/purple-og-kush\/\">OG Kush<\/a> und der zuckerhaltigen Strawberry Cough zu finden und ist meist stark, aber nicht \u00fcberw\u00e4ltigend. Je nach Apotheke variiert die Abstammung dieser Sorte. Manche Apotheken bieten eher Sativa-dominierte oder hybride Versionen an, die zu einer gegenteiligen, stimulierenden Wirkung f\u00fchren. Diese Sorte bl\u00fcht in der Regel in acht bis neun Wochen und ist nur durch Klonen zu erhalten. Strawberry Kush enth\u00e4lt Sativa-Genetik und wird eher wie eine Sativa als wie eine Indica geraucht. Wenn man dieses Weed anz\u00fcndet, erkennt man sofort Zitrusfr\u00fcchte, Kiefer und nat\u00fcrlich Erdbeeren. Die fruchtige Kombination sorgt f\u00fcr einen sauberen Geschmack und der Rausch dieses Weeds stimuliert eine Person geistig, macht sie wach und bereit f\u00fcr Action. buy weed online Europe Strawberry Kush ist ein guter Rauch f\u00fcr den Tagesgebrauch, da sie nicht schl\u00e4frig macht. Aus medizinischer Sicht hilft sie Patienten bei Stress und Appetitlosigkeit.<\/p>\n<h3>Informaci\u00f3n sobre la variedad.<\/h3>\n<p>Clasificada gen\u00e9ticamente como Sativa (80% Sativa y 20% Indica). Se dice que esta cepa es un cruce entre Strawberry Fields y una misteriosa variedad Haze de la vieja escuela. Aunque hay mucha especulaci\u00f3n sobre los hechos de c\u00f3mo surgi\u00f3 esta potente sativa.<\/p>\n<h3>Aroma, sabor y apariencia<\/h3>\n<p>Wie der Name schon sagt, ist das Gesamtaroma von Strawberry Kush \u00fcberwiegend gut. Strawberry; erinnert an frische Sommerbeeren, die auf einem Feld auf dem Land wachsen. Einige Untert\u00f6ne auch Spitze durch das <a href=\"https:\/\/nembutalprezzo.com\/\" target=\"_blank\" rel=\"noopener\">Duftprofil<\/a>, mit einem Hauch von Erde und Skunk, weshalb diese Marihuana-Sorte neigt sein k\u00f6nnte. Husten zu verursachen, nachdem sie inhaliert wurde. Der Duft verzehrt sofort jeden Raum, in dem er sich befindet, und verweilt f\u00fcr eine lange Zeit. Sogar nachdem die Knospen selbst fest weggeschlossen wurden.<br \/>\nDer Geschmack von Strawberry Banana Kush ist \u00e4hnlich wie das Aroma, abgesehen von ein paar subtilen Unterschieden. Der Gesamtgeschmack ist nat\u00fcrlich reich an fruchtigen Erdbeeren, aber auch ein Hauch von Erde ist zu schmecken, \u00e4hnlich wie bei einer Beere, die man direkt aus der Erde gepfl\u00fcckt hat.<\/p>\n<h5>Efectos<\/h5>\n<p>Strawberry Kush es una variedad sativa un tanto compleja, ya que exhibe la misma energ\u00eda y elevaci\u00f3n que otras cepas de la misma categor\u00eda, a la vez que es muy suave y relajante.<\/p>\n<p>&nbsp;<\/p>\n<p>&nbsp;<\/p>\n<p>&nbsp;<\/p>","protected":false},"excerpt":{"rendered":"<p>Strawberry Kush es una variedad sativa un tanto compleja, que muestra la misma energ\u00eda y elevaci\u00f3n que otras cepas de la misma categor\u00eda, a la vez que es muy suave y relajante.<\/p>\n<p>&nbsp;<\/p>","protected":false},"featured_media":719,"comment_status":"open","ping_status":"closed","template":"","meta":{"_monsterinsights_skip_tracking":false,"_monsterinsights_sitenote_active":false,"_monsterinsights_sitenote_note":"","_monsterinsights_sitenote_category":0},"product_cat":[126,245],"product_tag":[],"_links":{"self":[{"href":"https:\/\/runtzcartsdisposables.com\/es\/wp-json\/wp\/v2\/product\/718"}],"collection":[{"href":"https:\/\/runtzcartsdisposables.com\/es\/wp-json\/wp\/v2\/product"}],"about":[{"href":"https:\/\/runtzcartsdisposables.com\/es\/wp-json\/wp\/v2\/types\/product"}],"replies":[{"embeddable":true,"href":"https:\/\/runtzcartsdisposables.com\/es\/wp-json\/wp\/v2\/comments?post=718"}],"wp:featuredmedia":[{"embeddable":true,"href":"https:\/\/runtzcartsdisposables.com\/es\/wp-json\/wp\/v2\/media\/719"}],"wp:attachment":[{"href":"https:\/\/runtzcartsdisposables.com\/es\/wp-json\/wp\/v2\/media?parent=718"}],"wp:term":[{"taxonomy":"product_cat","embeddable":true,"href":"https:\/\/runtzcartsdisposables.com\/es\/wp-json\/wp\/v2\/product_cat?post=718"},{"taxonomy":"product_tag","embeddable":true,"href":"https:\/\/runtzcartsdisposables.com\/es\/wp-json\/wp\/v2\/product_tag?post=718"}],"curies":[{"name":"wp","href":"https:\/\/api.w.org\/{rel}","templated":true}]}}