{"id":736,"date":"2023-01-14T19:17:05","date_gmt":"2023-01-14T19:17:05","guid":{"rendered":"https:\/\/runtzcartsdisposables.com\/?post_type=product&#038;p=736"},"modified":"2024-11-25T20:11:00","modified_gmt":"2024-11-25T20:11:00","slug":"white-cherry-gelato-2","status":"publish","type":"product","link":"https:\/\/runtzcartsdisposables.com\/es\/product\/white-cherry-gelato-2\/","title":{"rendered":"white cherry gelato"},"content":{"rendered":"<h1>Comprar White Cherry Gelato en Australia<\/h1>\n<p>Comprar helado de cereza blanca en Australia. que ha ganado popularidad en los \u00faltimos a\u00f1os. Con su olor y sabor a mantequilla de man\u00ed. La mayor\u00eda de los fumadores han admirado y recomendado la variedad White Cherry Gelato. Con tal sabor, nunca estar\u00e1 satisfecho con su dosis. White Cherry Gelato es tambi\u00e9n otra gran variedad de la familia Cherry. No es exagerado decir que es una de las mejores cepas h\u00edbridas\/ex\u00f3ticas. Como sugiere su nombre, esta variedad tiene un sabor dulce, parecido a un sorbete, que siempre recuerda a las moras blancas y los ar\u00e1ndanos. Tambi\u00e9n tiene un sabor a madera. Comprar Helado de Cereza Blanca online. Comprar Hongos M\u00e1gicos Cubanos online.<\/p>\n<p>Esta variedad proviene del linaje de la Sunset Sorbet, la Thin Mint Girl Scout Cookies y la Lemon Haze. Por eso, su sabor y olor son tan variados y deliciosos. Qu\u00e9 cepa tan maravillosa con tantas propiedades hermosas. comprarPluto Cookies<\/p>\n<h2>Comprar White Cherry Gelato en Australia<\/h2>\n<p>Kaufen Sie wei\u00dfe Kirsche Gelato in Australien. Wenn sie unter g\u00fcnstigen Bedingungen kultiviert wird, wird eine Charge White Cherry-Gelato Nuggets mit tiefem Gr\u00fcn produzieren. An den Spitzen werden sie zum Stiel hin heller und weisen eine leichte Trichomisierung auf. White Cherry-Gelato hat einen THC-Gehalt von etwa 23-25%. Mit diesem hohen THC-Gehalt ist diese Sorte daf\u00fcr bekannt, dass sie zur L\u00f6sung vieler gesundheitlicher Probleme eingesetzt wird. Zu diesen gesundheitlichen Problemen, die durch das Rauchen von Lemon Cherry Gelato gel\u00f6st werden, geh\u00f6ren Kopfschmerzen, K\u00f6rperschmerzen und M\u00fcdigkeit. Kaufen White Runtz in Seattle Es hilft auch, in Entspannung, Ruhe und Frieden zu fr\u00f6nen, wenn Sie es versuchen. kaufen Chapo Cookies<\/p>\n<p>Name der Sorte: White Cherry-Gelato.<\/p>\n<p>Geschm\u00e4cker: Zitrone, Zitrusfr\u00fcchte, S\u00fc\u00df.<\/p>\n<p>Wirkungen: Gl\u00fccklich, Aufgeputscht, Euphorisch, Energetisch, Entspannend. MoneyBagg Runtz in Dammam <a href=\"http:\/\/ketaminkaufenn.com\" target=\"_blank\" rel=\"noopener\">kaufen<\/a><\/p>\n<p>Usos Medicinales Estr\u00e9s, Depresi\u00f3n, Dolor, Fatiga, Dolores de cabeza. Big Mex Magic Mushroom en l\u00ednea EE. UU.<\/p>\n<p>Kaufen Sie White Cherry-Gelato, Nachdem Sie all dies \u00fcber diese wunderbare Sorte gelesen haben, warum wollen Sie sie nicht ausprobieren? Ja, nat\u00fcrlich, werfen Sie einen Blick auf die Nugs und holen Sie sich. <a href=\"https:\/\/runtzcartsdisposables.com\/es\/\">Wo kann man in Europa Gras online kaufen<\/a>?<\/p>\n<p>&nbsp;<\/p>\n<p>&nbsp;<\/p>\n<p>&nbsp;<\/p>","protected":false},"excerpt":{"rendered":"<h3 style=\"text-align: center;\">White cherry gelato<\/h3>\n<hr \/>\n<p>Cuando se cultiva en condiciones favorables, un lote de White Cherry Gelato producir\u00e1 cogollos de color verde intenso. En sus puntas que se aclaran hacia el tallo y una ligera polinizaci\u00f3n de tricomas. White Cherry Gelato tiene un nivel de THC de alrededor del 23-25%. Con niveles tan altos de THC, esta variedad es conocida por ser utilizada para resolver muchos problemas de salud.<\/p>\n<p>&nbsp;<\/p>","protected":false},"featured_media":737,"comment_status":"open","ping_status":"closed","template":"","meta":{"_monsterinsights_skip_tracking":false,"_monsterinsights_sitenote_active":false,"_monsterinsights_sitenote_note":"","_monsterinsights_sitenote_category":0},"product_cat":[126,245,351],"product_tag":[],"_links":{"self":[{"href":"https:\/\/runtzcartsdisposables.com\/es\/wp-json\/wp\/v2\/product\/736"}],"collection":[{"href":"https:\/\/runtzcartsdisposables.com\/es\/wp-json\/wp\/v2\/product"}],"about":[{"href":"https:\/\/runtzcartsdisposables.com\/es\/wp-json\/wp\/v2\/types\/product"}],"replies":[{"embeddable":true,"href":"https:\/\/runtzcartsdisposables.com\/es\/wp-json\/wp\/v2\/comments?post=736"}],"wp:featuredmedia":[{"embeddable":true,"href":"https:\/\/runtzcartsdisposables.com\/es\/wp-json\/wp\/v2\/media\/737"}],"wp:attachment":[{"href":"https:\/\/runtzcartsdisposables.com\/es\/wp-json\/wp\/v2\/media?parent=736"}],"wp:term":[{"taxonomy":"product_cat","embeddable":true,"href":"https:\/\/runtzcartsdisposables.com\/es\/wp-json\/wp\/v2\/product_cat?post=736"},{"taxonomy":"product_tag","embeddable":true,"href":"https:\/\/runtzcartsdisposables.com\/es\/wp-json\/wp\/v2\/product_tag?post=736"}],"curies":[{"name":"wp","href":"https:\/\/api.w.org\/{rel}","templated":true}]}}