{"id":742,"date":"2023-01-14T19:21:08","date_gmt":"2023-01-14T19:21:08","guid":{"rendered":"https:\/\/runtzcartsdisposables.com\/?post_type=product&#038;p=742"},"modified":"2024-11-25T20:10:59","modified_gmt":"2024-11-25T20:10:59","slug":"white-widow","status":"publish","type":"product","link":"https:\/\/runtzcartsdisposables.com\/es\/product\/white-widow\/","title":{"rendered":"White widow"},"content":{"rendered":"<h1>Comprar Viuda Blanca online<\/h1>\n<p>Comprar White Widow en l\u00ednea. Una de las cepas m\u00e1s famosas del mundo es la White Widow, un h\u00edbrido equilibrado creado por primera vez en los Pa\u00edses Bajos por Green House Seeds. Un cruce entre una sativa aut\u00f3ctona brasile\u00f1a y una \u00edndica resinosa del sur de la India, la White Widow ha aparecido en los men\u00fas de todos los coffeeshops holandeses desde su nacimiento en la d\u00e9cada de 1990. Sus cogollos son blancos con resina cristalina, advirti\u00e9ndote de los potentes efectos que te esperan. Un poderoso estallido de euforia<\/p>\n<p>y la energ\u00eda irrumpe de inmediato, estimulando tanto la conversaci\u00f3n como la creatividad. La gen\u00e9tica de la White Widow ha dado lugar a muchas otras leyendas, como la White Russian, la White Rhino y la Blue Widow. Aun as\u00ed, muchos cultivadores prefieren cultivar la White Widow original, que florece en unos 60 d\u00edas en interior. comprar hierba en l\u00ednea Europa<\/p>\n<h2>White Widow p\u00e1gina en l\u00ednea<\/h2>\n<p>La cepa White Widow tiene efectos beneficiosos. Primero, crea euforia.<br \/>\nEl componente qu\u00edmico THC en la marihuana desencadena la liberaci\u00f3n de la hormona dopamina para sentirse bien en el sistema de recompensa del cerebro, lo que hace que las personas se sientan bien e incontrolablemente felices.<br \/>\nZweitens sorgt die Sorte f\u00fcr Entspannung. Sie erreicht dies, indem sie die Rezeptoren im K\u00f6rper, die <a href=\"https:\/\/runtzcartsdisposables.com\/es\/product\/biscotti\/\">Stress<\/a>, geistige und k\u00f6rperliche Erm\u00fcdung verarbeiten, hohen THC- und Cannabinoidkonzentrationen aussetzt, wodurch sich die Stimmung \u00e4ndert, der Geist frei wird und Spannungen im K\u00f6rper abgebaut werden. Drittens bietet die Sorte ein Mittel zur Energiegewinnung. Die Hybridsorte enth\u00e4lt einen hohen Anteil an Sativa, der die Energie des Nutzers wieder auff\u00fcllt und es ihm erm\u00f6glicht, an verschiedenen Aktivit\u00e4ten zu arbeiten, ohne sich ersch\u00f6pft zu f\u00fchlen. Viertens: White Window ist die perfekte Sorte, um gl\u00fccklich zu werden. Wenn ein Benutzer es verwendet, wird man gl\u00fccklich, giggly, und geschickt in sozialen Aktivit\u00e4ten mit Leichtigkeit. Au\u00dferdem erhebt sie den Nutzer, indem sie Traurigkeit, Wut und Stress abbaut und sie durch positive Gef\u00fchle ersetzt, die den Nutzer gl\u00fccklich machen.<br \/>\nLa Viuda Blanca tambi\u00e9n tiene efectos indeseables. En primer lugar, conduce a la boca seca. Con el consumo continuo de la cepa, el THC se une a los receptores productores de saliva en la boca y los apaga.<br \/>\nEn consecuencia, impiden que las gl\u00e1ndulas salivales produzcan saliva, lo que provoca sequedad en la boca. En segundo lugar, conduce a la paranoia ya que la tensi\u00f3n altera los sentidos del usuario, permiti\u00e9ndole sentir y ver cosas que no existen pero que son producto de su imaginaci\u00f3n. En tercer lugar, los usuarios desarrollan ansiedad.<br \/>\nTomar una dosis alta de White Widow hace que los usuarios desarrollen tendencias aterradoras y pensamientos negativos que los asustan. En cuarto lugar, el consumo de esta cepa puede causar sequedad en los ojos, ya que el tejido de la pel\u00edcula lagrimal se inactiva, lo que provoca sequedad en los ojos.<br \/>\nAdem\u00e1s, la tensi\u00f3n provoca mareos. Cuando un usuario consume una dosis alta de esta cepa, la presi\u00f3n arterial desciende y el flujo de sangre al cerebro disminuye, lo que provoca mareos.<br \/>\nZusammenfassend l\u00e4sst sich sagen, dass die White Widow<a href=\"http:\/\/ketaminkaufenn.com\" target=\"_blank\" rel=\"noopener\"> Sorte<\/a> von Marihuana eine gro\u00dfartige Sorte ist, deren hohe Potenz sowohl medizinische als auch positive Vorteile mit sich bringt. Allerdings ruft sie auch Nebenwirkungen hervor.<\/p>","protected":false},"excerpt":{"rendered":"<h3 style=\"text-align: center;\">White widow<\/h3>\n<hr \/>\n<p>La variedad de marihuana White Widow es una gran variedad cuya alta potencia brinda beneficios tanto medicinales como positivos. Sin embargo, tambi\u00e9n causa efectos secundarios.<\/p>\n<p>&nbsp;<\/p>","protected":false},"featured_media":743,"comment_status":"open","ping_status":"closed","template":"","meta":{"_monsterinsights_skip_tracking":false,"_monsterinsights_sitenote_active":false,"_monsterinsights_sitenote_note":"","_monsterinsights_sitenote_category":0},"product_cat":[126,245],"product_tag":[],"_links":{"self":[{"href":"https:\/\/runtzcartsdisposables.com\/es\/wp-json\/wp\/v2\/product\/742"}],"collection":[{"href":"https:\/\/runtzcartsdisposables.com\/es\/wp-json\/wp\/v2\/product"}],"about":[{"href":"https:\/\/runtzcartsdisposables.com\/es\/wp-json\/wp\/v2\/types\/product"}],"replies":[{"embeddable":true,"href":"https:\/\/runtzcartsdisposables.com\/es\/wp-json\/wp\/v2\/comments?post=742"}],"wp:featuredmedia":[{"embeddable":true,"href":"https:\/\/runtzcartsdisposables.com\/es\/wp-json\/wp\/v2\/media\/743"}],"wp:attachment":[{"href":"https:\/\/runtzcartsdisposables.com\/es\/wp-json\/wp\/v2\/media?parent=742"}],"wp:term":[{"taxonomy":"product_cat","embeddable":true,"href":"https:\/\/runtzcartsdisposables.com\/es\/wp-json\/wp\/v2\/product_cat?post=742"},{"taxonomy":"product_tag","embeddable":true,"href":"https:\/\/runtzcartsdisposables.com\/es\/wp-json\/wp\/v2\/product_tag?post=742"}],"curies":[{"name":"wp","href":"https:\/\/api.w.org\/{rel}","templated":true}]}}