{"id":771,"date":"2023-01-16T07:32:13","date_gmt":"2023-01-16T07:32:13","guid":{"rendered":"https:\/\/runtzcartsdisposables.com\/?post_type=product&#038;p=771"},"modified":"2024-11-25T20:10:56","modified_gmt":"2024-11-25T20:10:56","slug":"florida-cake-jungleboys-kaufen","status":"publish","type":"product","link":"https:\/\/runtzcartsdisposables.com\/es\/product\/florida-cake-jungleboys-kaufen\/","title":{"rendered":"Florida Cake Jungleboys kaufen"},"content":{"rendered":"<p>Florida Cake Jungleboys kaufen&#8211; Jede Packung Florida Cake Jungleboys enth\u00e4lt sorgf\u00e4ltig ausgew\u00e4hlte Knospen, die reich an Cannabinoiden und Terpenen sind. Diese hochwertigen Bl\u00fcten werden unter strengen Qualit\u00e4tsstandards angebaut und geerntet, um sicherzustellen, dass Sie das bestm\u00f6gliche Produkt erhalten.<a href=\"https:\/\/runtzcartsdisposables.com\/es\/\"> Egal<\/a>, ob Sie nach Entspannung, Schmerzlinderung oder einfach nur nach einem angenehmen Geschmackserlebnis suchen, die Florida Cake Jungleboys bieten Ihnen eine erstklassige Cannabis-Erfahrung, die Sie nicht entt\u00e4uschen wird. G\u00f6nnen Sie sich noch heute eine Packung und genie\u00dfen Sie das Beste, was die Welt des Cannabis zu<a href=\"https:\/\/hhcgraskaufen.com\/\" target=\"_blank\" rel=\"noopener\"> bieten<\/a> hat.<\/p>","protected":false},"excerpt":{"rendered":"<h2 style=\"text-align: center;\"><span class=\"\">Florida Cake Jungleboys kaufen<\/span><\/h2>\n<hr \/>\n<p>&nbsp;<\/p>\n<p><span class=\"\">La creaci\u00f3n espec\u00edfica de esta raza tambi\u00e9n fue la modificaci\u00f3n de un favorito de los fan\u00e1ticos, Girl Scout Cookies.\u00a0<\/span>Ordenar Torta Jungleboys Jungleboys Torta Jungleboys Entrega Comprar Torta Jungleboys Ordenar Torta Florida Jungleboys<\/p>","protected":false},"featured_media":772,"comment_status":"open","ping_status":"closed","template":"","meta":{"_monsterinsights_skip_tracking":false,"_monsterinsights_sitenote_active":false,"_monsterinsights_sitenote_note":"","_monsterinsights_sitenote_category":0},"product_cat":[126,352],"product_tag":[],"_links":{"self":[{"href":"https:\/\/runtzcartsdisposables.com\/es\/wp-json\/wp\/v2\/product\/771"}],"collection":[{"href":"https:\/\/runtzcartsdisposables.com\/es\/wp-json\/wp\/v2\/product"}],"about":[{"href":"https:\/\/runtzcartsdisposables.com\/es\/wp-json\/wp\/v2\/types\/product"}],"replies":[{"embeddable":true,"href":"https:\/\/runtzcartsdisposables.com\/es\/wp-json\/wp\/v2\/comments?post=771"}],"wp:featuredmedia":[{"embeddable":true,"href":"https:\/\/runtzcartsdisposables.com\/es\/wp-json\/wp\/v2\/media\/772"}],"wp:attachment":[{"href":"https:\/\/runtzcartsdisposables.com\/es\/wp-json\/wp\/v2\/media?parent=771"}],"wp:term":[{"taxonomy":"product_cat","embeddable":true,"href":"https:\/\/runtzcartsdisposables.com\/es\/wp-json\/wp\/v2\/product_cat?post=771"},{"taxonomy":"product_tag","embeddable":true,"href":"https:\/\/runtzcartsdisposables.com\/es\/wp-json\/wp\/v2\/product_tag?post=771"}],"curies":[{"name":"wp","href":"https:\/\/api.w.org\/{rel}","templated":true}]}}