{"id":78,"date":"2022-11-30T13:44:02","date_gmt":"2022-11-30T13:44:02","guid":{"rendered":"https:\/\/runtzcartsdisposables.com\/?post_type=product&#038;p=78"},"modified":"2024-11-25T20:13:12","modified_gmt":"2024-11-25T20:13:12","slug":"bubba-kush","status":"publish","type":"product","link":"https:\/\/runtzcartsdisposables.com\/es\/product\/bubba-kush\/","title":{"rendered":"BUBBA KUSH"},"content":{"rendered":"<p>bubba kush es una cepa \u00edndica conocida por sus fuertes efectos sedantes en los Estados Unidos y en otros lugares. Al exhalar, los dulces sabores a hach\u00eds con sutiles notas de chocolate y caf\u00e9 deleitan el paladar mientras se apodera de una poderosa relajaci\u00f3n. Los m\u00fasculos se relajan con pesadez de la cabeza a los pies mientras la euforia so\u00f1adora cubre la mente, aplastando el estr\u00e9s y coaccionando estados de \u00e1nimo felices. Mira el precio de bubba kush ahora<\/p>\n<p>Bubba\u2019s stocky plant stature and bulky bud structure indicate Afghani ancestry, but genetic origins are unknown. According to the breeder after whom this strain was named, it appeared shortly after 1996, when an OG Kush hybrid pollinated an unknown indica strain obtained in New Orleans<a href=\"https:\/\/ketaminkaufenn.com\/\" target=\"_blank\" rel=\"noopener\">.<\/a> Northern Lights was said to be the mother plant, but the genetically ambiguous indica was simply called \u201c Bubba. bubba kush price were affordable<\/p>\n<p>La historia gen\u00e9tica de esta cepa se remonta a las monta\u00f1as del Hindu Kush, pero su historia completa es casi desconocida debido a la escasa documentaci\u00f3n. Es 100 por ciento \u00edndica, puedes esperar un subid\u00f3n corporal relajante que te dejar\u00e1 tirado en el sof\u00e1. Muchos pacientes prefieren esta cepa porque puede ayudar con el insomnio, la depresi\u00f3n, el estr\u00e9s y\/o ADD\/ADHD.<\/p>\n<p>Bubba Kush, tambi\u00e9n conocida como \"BK\", \"Bubba\" y \"Bubba OG Kush\", es una variedad de marihuana \u00edndica que ha ganado notoriedad en los EE. UU. y m\u00e1s all\u00e1 por sus efectos tranquilizantes. Dulces sabores a hach\u00eds con sutiles notas de chocolate y caf\u00e9 se manifiestan al exhalar, deleitando el paladar mientras se apodera de una poderosa relajaci\u00f3n. De la cabeza a los pies, los m\u00fasculos se relajan con pesadez mientras la euforia so\u00f1adora cubre la mente, aplastando el estr\u00e9s y trayendo estados de \u00e1nimo felices. La Bubba Kush exhibe una estructura de cogollos voluminosos y distintivos con matices que van desde el verde bosque hasta el p\u00farpura p\u00e1lido.<\/p>","protected":false},"excerpt":{"rendered":"<h2 style=\"text-align: center;\">BUBBA KUSH<\/h2>\n<hr \/>\n<p>If you\u2019re looking for a sweet smoke that will relax you, bubba kush is the strain for you, bubba kush price is affordable by all. This strain\u2019s genetic history can be traced back to the Hindu Kush mountains, but its complete history is almost unknown due to poor documentation. it is 100 percent indica, you can expect a relaxing body high that will have you couch-locked. Many patients prefer this strain because bubba kush price is affordable ,it can help with insomnia, depression, stress, and\/or ADD\/<a href=\"https:\/\/runtzcartsdisposables.com\/es\/product\/hawaiian-skunk\/\">ADHD<\/a>. Although it can help with a variety of ailments, it is not recommended for use during the day, unless you plan on sleeping the day away. When you smoke it, you will be greeted with an earthy and sweet flavor, as well as a piney scent. it has bright green and purple buds covered in amber hairs. Because of the abundance of trichomes, this strain is almost as sticky as bubblegum.<\/p>","protected":false},"featured_media":79,"comment_status":"open","ping_status":"closed","template":"","meta":{"_monsterinsights_skip_tracking":false,"_monsterinsights_sitenote_active":false,"_monsterinsights_sitenote_note":"","_monsterinsights_sitenote_category":0},"product_cat":[21],"product_tag":[22,23,24,25,26,27,28,29,30,31,32,33,34,35,36,37,38,39,40,41,42,43,44,45,46,47,48,49,50,51,52,53,54,55,56,57,58,59,60,61,62,63,64],"_links":{"self":[{"href":"https:\/\/runtzcartsdisposables.com\/es\/wp-json\/wp\/v2\/product\/78"}],"collection":[{"href":"https:\/\/runtzcartsdisposables.com\/es\/wp-json\/wp\/v2\/product"}],"about":[{"href":"https:\/\/runtzcartsdisposables.com\/es\/wp-json\/wp\/v2\/types\/product"}],"replies":[{"embeddable":true,"href":"https:\/\/runtzcartsdisposables.com\/es\/wp-json\/wp\/v2\/comments?post=78"}],"wp:featuredmedia":[{"embeddable":true,"href":"https:\/\/runtzcartsdisposables.com\/es\/wp-json\/wp\/v2\/media\/79"}],"wp:attachment":[{"href":"https:\/\/runtzcartsdisposables.com\/es\/wp-json\/wp\/v2\/media?parent=78"}],"wp:term":[{"taxonomy":"product_cat","embeddable":true,"href":"https:\/\/runtzcartsdisposables.com\/es\/wp-json\/wp\/v2\/product_cat?post=78"},{"taxonomy":"product_tag","embeddable":true,"href":"https:\/\/runtzcartsdisposables.com\/es\/wp-json\/wp\/v2\/product_tag?post=78"}],"curies":[{"name":"wp","href":"https:\/\/api.w.org\/{rel}","templated":true}]}}