{"id":781,"date":"2023-01-16T07:55:30","date_gmt":"2023-01-16T07:55:30","guid":{"rendered":"https:\/\/runtzcartsdisposables.com\/?post_type=product&#038;p=781"},"modified":"2024-11-25T20:10:51","modified_gmt":"2024-11-25T20:10:51","slug":"la-kush-cake-jungleboy-bestellen","status":"publish","type":"product","link":"https:\/\/runtzcartsdisposables.com\/es\/product\/la-kush-cake-jungleboy-bestellen\/","title":{"rendered":"LA Kush Cake Jungleboy bestellen"},"content":{"rendered":"<h1>Ordene LA Kush Cake Jungleboy en Delaware<\/h1>\n<p>LA Kush Cake Jungleboy bestellen &#8212; Bestellen Sie LA Kush Cake Jungleboys in Delaware. Jungleboys Dispensary Near Me Buy LA Kush Cake Jungleboys Nach mehr als einem Jahrzehnt des Cannabisanbaus ist das einzige, was sich ge\u00e4ndert hat, die Anlage, in der wir anbauen. Als reinrassige Farmer aus Los Angeles bauen die Jungleboys seit Anfang der 2000er Jahre saubere, qualitativ hochwertige Bl\u00fcten an und haben sich k\u00fcrzlich auf Extrakte und Kolophonium spezialisiert. Unsere Mission ist einfach: Cannabis durch handwerkliche Praktiken zu erforschen und zu verfeinern, die die Pflanze respektieren und ehren. Durch diese einfache Methode sind wir in der Lage, unsere Patienten mit der Medizin zu versorgen, die sie verdienen und genie\u00dfen k\u00f6nnen. Bestellen Sie LA Kush Cake Jungleboys in Delaware Kaufen Sie Florida Cake Jungleboys. White-Ice Feminisierte Samen Online Kaufen(\u00d6ffnet in einem neuen Browser Tab)<\/p>\n<p>LA Kush Cake Jungleboy bestellen Jungle Cake, manchmal auch als <a href=\"https:\/\/runtzcartsdisposables.com\/es\/product\/dr-zodiaks-moonrock-og-klares-kief\/\">CAKE<\/a> bezeichnet (die Namen sind buchst\u00e4blich austauschbar), ist eine s\u00fc\u00dfe und berauschende Marihuana-Sorte mit einem Namen, der zu ihrer erhebenden Wirkung und ihrem schmackhaften Geschmacksprofil passt. Florida Cake Dschungeljungs kaufen. MoneyBagg Runtz kaufen<br \/>\nEn primer lugar, a los consumidores de cannabis les encanta el jungle pie por su capacidad para convertir los momentos amargos en algo hermoso, ya que las capacidades de esta variedad para alterar el estado de \u00e1nimo son poderosas, al igual que sus capacidades para sanar el cuerpo. Act\u00faa como una medicina equilibrada, ideal especialmente por la noche o m\u00e1s tarde, despu\u00e9s del trabajo, cuando esta variedad h\u00edbrida de cannabis puede brillar en su mejor momento. Comprar semillas de Afghan Kush online<\/p>\n<p>LA Kush Cake Jungleboy bestellen Auch die spezifische Schaffung dieser Rasse war die Ver\u00e4nderung eines Fan-Favoriten, Girl Scout Cookies. jungle cake jungleboys Lieferung Kauf jungle cake jungleboys Bestellung Florida Cake Jungleboys. LA Kush Cake Jungleboys in Delaware bestellen<\/p>\n<p>Dispensario Jungleboys cerca de m\u00ed. Comprar Peach Kobbler Runtz<\/p>\n<p>Ich w\u00fcrde empfehlen, Gelato #33 nach der Arbeit zu konsumieren, da diese Sorte Ihren K\u00f6rper entspannt, aber Ihr Gehirn kann sich ein wenig verlangsamen, wenn es medikament\u00f6s behandelt wird. Ich w\u00fcrde diese Sorte nicht empfehlen, wenn Sie wichtige Dinge auf Ihrer Agenda haben, aber diese Sorte bringt ein Gef\u00fchl der Positivit\u00e4t, was diese Sorte gro\u00dfartig f\u00fcr Comedy-Filme, Stand-up-Comedy oder mit engen Freunden macht, die keine Verantwortung f\u00fcr die Nacht haben. Florida Cake Jungleboys <a href=\"https:\/\/hhcgraskaufen.com\/\" target=\"_blank\" rel=\"noopener\">kaufen<\/a><\/p>","protected":false},"excerpt":{"rendered":"<h2 style=\"text-align: center;\">LA Kush Cake Jungleboy bestellen<\/h2>\n<hr \/>\n<p>LA Kush Cake Jungleboy bestellen Jungle Cake, manchmal auch als CAKE bezeichnet (die Namen sind buchst\u00e4blich austauschbar), ist eine s\u00fc\u00dfe und berauschende Marihuanasorte mit einem Namen, der zu seiner erhebenden Wirkung und seinem schmackhaften Geschmacksprofil passt.<\/p>\n<p>&nbsp;<\/p>","protected":false},"featured_media":782,"comment_status":"open","ping_status":"closed","template":"","meta":{"_monsterinsights_skip_tracking":false,"_monsterinsights_sitenote_active":false,"_monsterinsights_sitenote_note":"","_monsterinsights_sitenote_category":0},"product_cat":[126,352],"product_tag":[],"_links":{"self":[{"href":"https:\/\/runtzcartsdisposables.com\/es\/wp-json\/wp\/v2\/product\/781"}],"collection":[{"href":"https:\/\/runtzcartsdisposables.com\/es\/wp-json\/wp\/v2\/product"}],"about":[{"href":"https:\/\/runtzcartsdisposables.com\/es\/wp-json\/wp\/v2\/types\/product"}],"replies":[{"embeddable":true,"href":"https:\/\/runtzcartsdisposables.com\/es\/wp-json\/wp\/v2\/comments?post=781"}],"wp:featuredmedia":[{"embeddable":true,"href":"https:\/\/runtzcartsdisposables.com\/es\/wp-json\/wp\/v2\/media\/782"}],"wp:attachment":[{"href":"https:\/\/runtzcartsdisposables.com\/es\/wp-json\/wp\/v2\/media?parent=781"}],"wp:term":[{"taxonomy":"product_cat","embeddable":true,"href":"https:\/\/runtzcartsdisposables.com\/es\/wp-json\/wp\/v2\/product_cat?post=781"},{"taxonomy":"product_tag","embeddable":true,"href":"https:\/\/runtzcartsdisposables.com\/es\/wp-json\/wp\/v2\/product_tag?post=781"}],"curies":[{"name":"wp","href":"https:\/\/api.w.org\/{rel}","templated":true}]}}