{"id":794,"date":"2023-01-16T08:15:02","date_gmt":"2023-01-16T08:15:02","guid":{"rendered":"https:\/\/runtzcartsdisposables.com\/?post_type=product&#038;p=794"},"modified":"2024-11-25T20:10:45","modified_gmt":"2024-11-25T20:10:45","slug":"kurupt-moon-rock","status":"publish","type":"product","link":"https:\/\/runtzcartsdisposables.com\/es\/product\/kurupt-moon-rock\/","title":{"rendered":"Kurupt Moon Rock"},"content":{"rendered":"<h1 style=\"text-align: center;\"><span style=\"color: #ff6600;\">Kurupt Moon Rock online kaufen Europa<\/span><\/h1>\n<p>Kurupt Moon Rock online kaufen Europa, eine Art Marihuana, stammt nicht von einer bestimmten Cannabissorte, sondern ist eine Kombination aus einer potenten Cannabissorte, die als Girl Scout Cookies bekannt ist, die in Haschisch\u00f6l getaucht und mit Kief (Harze von Cannabispflanzen) bestreut werden. Dies f\u00fchrt zu einem dramatischen Anstieg des Wirkstoffs in Cannabis, Delta-9-Tetrahydrocannabinol (THC). Moonrocks online kaufen Europa. Gruntz in Connecticut kaufen<\/p>\n<p>De acuerdo con la Administraci\u00f3n de Servicios de Salud Mental y Abuso de Sustancias (SAMHSA), el t\u00e9rmino moonrocks tambi\u00e9n puede. Se refiere a una gama de cannabinoides sint\u00e9ticos. Sustancias qu\u00edmicas fabricadas en laboratorios que se roc\u00edan sobre material vegetal y est\u00e1n destinadas a fumar. Como alternativas legales a los productos de marihuana. COMPRAR PAQUETES DE JUNGLEBOYS EN L\u00cdNEA en Haw\u00e1i<\/p>\n<p>Compre rocas lunares en l\u00ednea en Alemania. Comprar cera de cannabis en l\u00ednea Vender marihuana en Inglaterra comprar hierba en Berl\u00edn. comprar rocas lunares Compra OG Kush en l\u00ednea. Comprar Galletas Pluto online<\/p>\n<h2>Kurupt Moon Rock online kaufen Europa<\/h2>\n<p>Ambas sustancias son potencialmente peligrosas. La inhalaci\u00f3n de Moon Rocks produce un sabor a kief extremadamente agradable y rico en terpenos que te har\u00e1 decir: \"Woooo, eso es delicioso\". comprar pastel de cereza<\/p>\n<p>\u00bfY la intoxicaci\u00f3n? Oh amigo, oh amigo, ni siquiera me hagas empezar por lo alto. El subid\u00f3n de Moon Rocks comienza en la cabeza y finalmente se extiende por todo el cuerpo hasta los dedos de los pies. El subid\u00f3n de Moon Rocks es uno de esos colmos de movimiento lento que definitivamente sientes al principio, pero 30 minutos despu\u00e9s te das cuenta de que has alcanzado el pico de una monta\u00f1a que quiz\u00e1s no estabas listo para escalar. Fum\u00e9 mi gramo de Moon Rocks alrededor de las 5:00 p. m. y cuando me despert\u00e9 a las 7:00 a. m. a la ma\u00f1ana siguiente todav\u00eda estaba en Marte esperando el tren de regreso a la Tierra. Compre rocas lunares en l\u00ednea en Alemania. Comprar Cannabis Wax Online Marihuana a la venta en Espa\u00f1a.<\/p>\n<h3>Aunque las Moon Rocks normalmente se fabrican con GSC Flower y\/o GSC Concentrate, eres libre de hacer tus propias Moon Rocks como quieras. Todo lo que necesitas es lo siguiente:<\/h3>\n<p>Deine Lieblingssorte\/<a href=\"https:\/\/runtzcartsdisposables.com\/es\/product\/hawaiian-skunk\/\">Blume<\/a><br \/>\nTu concentrado\/aceite de hach\u00eds favorito<br \/>\nUn taz\u00f3n grande de kief del fondo de su molinillo<br \/>\nUn par de alicates (o cualquier dispositivo de agarre\/tracci\u00f3n). Comprar Moonrocks online Europa<br \/>\nUn gotero l\u00edquido<br \/>\nSchritt 1: Nehmen Sie ein oder zwei Knospen Ihrer bevorzugten Knospe\/Blume. Ich schlage vor, eine der dichteren Knospen zu verwenden, da sie den endg\u00fcltigen Cannabis-Cocktail besser zusammenhalten wird. Schritt 2: Nimm dein Lieblingskonzentrat<a href=\"https:\/\/lsdkaufen.store\/\" target=\"_blank\" rel=\"noopener\">.<\/a> Wenn es sehr dickfl\u00fcssig und schwer zu handhaben ist, erhitze es, bis es ein wenig fl\u00fcssig ist, und verwende dann einen Tropfer, mit dem Du Deine Knospe vollst\u00e4ndig bedecken kannst, ohne sie in das Konzentrat tauchen zu m\u00fcssen. (Die \u00dcbers\u00e4ttigung Ihrer Knospe k\u00f6nnte zu l\u00e4ngeren Trocknungszeiten und Schwierigkeiten beim Anz\u00fcnden f\u00fchren). Moonrocks online kaufen Europa Schritt 3: Nimm die Knospe mit der Zange und w\u00e4lze sie in Kief, bis der gesamte Nug mit kristalliner G\u00fcte bedeckt ist.<\/p>","protected":false},"excerpt":{"rendered":"<h2 style=\"text-align: center;\">Kurupt Moon Rock<\/h2>\n<hr \/>\n<p>&nbsp;<\/p>\n<p>Compre rocas lunares en l\u00ednea, Dr. Zodiak moonrock stem de la farmacia es el cogollo m\u00e1s fuerte que jam\u00e1s encontrar\u00e1s en tu galaxia, compra Zodiak moonrock clear. \u2026.d\u00f3nde comprar moonrocks en l\u00ednea irlanda.d\u00f3nde comprar moonrocks en l\u00ednea alemania.<\/p>\n<p>&nbsp;<\/p>","protected":false},"featured_media":795,"comment_status":"open","ping_status":"closed","template":"","meta":{"_monsterinsights_skip_tracking":false,"_monsterinsights_sitenote_active":false,"_monsterinsights_sitenote_note":"","_monsterinsights_sitenote_category":0},"product_cat":[363],"product_tag":[],"_links":{"self":[{"href":"https:\/\/runtzcartsdisposables.com\/es\/wp-json\/wp\/v2\/product\/794"}],"collection":[{"href":"https:\/\/runtzcartsdisposables.com\/es\/wp-json\/wp\/v2\/product"}],"about":[{"href":"https:\/\/runtzcartsdisposables.com\/es\/wp-json\/wp\/v2\/types\/product"}],"replies":[{"embeddable":true,"href":"https:\/\/runtzcartsdisposables.com\/es\/wp-json\/wp\/v2\/comments?post=794"}],"wp:featuredmedia":[{"embeddable":true,"href":"https:\/\/runtzcartsdisposables.com\/es\/wp-json\/wp\/v2\/media\/795"}],"wp:attachment":[{"href":"https:\/\/runtzcartsdisposables.com\/es\/wp-json\/wp\/v2\/media?parent=794"}],"wp:term":[{"taxonomy":"product_cat","embeddable":true,"href":"https:\/\/runtzcartsdisposables.com\/es\/wp-json\/wp\/v2\/product_cat?post=794"},{"taxonomy":"product_tag","embeddable":true,"href":"https:\/\/runtzcartsdisposables.com\/es\/wp-json\/wp\/v2\/product_tag?post=794"}],"curies":[{"name":"wp","href":"https:\/\/api.w.org\/{rel}","templated":true}]}}