{"id":796,"date":"2023-01-16T10:19:49","date_gmt":"2023-01-16T10:19:49","guid":{"rendered":"https:\/\/runtzcartsdisposables.com\/?post_type=product&#038;p=796"},"modified":"2024-11-25T20:10:44","modified_gmt":"2024-11-25T20:10:44","slug":"moonrocks","status":"publish","type":"product","link":"https:\/\/runtzcartsdisposables.com\/es\/product\/moonrocks\/","title":{"rendered":"Rocas lunares"},"content":{"rendered":"<h1>Comparar Moonrock en Australia<\/h1>\n<p>Moonrocks in Australien kaufen Warst du jemals so high, dass du deine Augenbrauen nicht mehr sp\u00fcren konntest, selbst wenn du sie ber\u00fchrst? Wenn nicht, versuchen Sie Moon Rocks zu rauchen und ich garantiere Ihnen, dass Sie es schaffen werden. Ich habe sie vor kurzem zum ersten Mal geraucht, und zwei Monate sp\u00e4ter bin ich immer noch nicht in der Lage, meine Gesichtsz\u00fcge zu erkennen. (Es lohnt sich \u00fcbrigens.)<\/p>\n<p>Mediante este proceso, el producto alcanza un contenido de THC del 51,2%. En peque\u00f1as dosis, alivia el dolor, estimula el apetito y reduce las n\u00e1useas.<\/p>\n<h2>Comparar Moonrock en Australia<\/h2>\n<p>Para obtener el mejor sabor y humo, las chicas de Kush N Wax recomiendan usar una cazoleta o pipa para hach\u00eds y no triturar los cogollos con un molinillo, ya que perder\u00e1s la mayor parte del kif en el proceso.<br \/>\nMoonrocks Der Preis f\u00fcr ein Gramm Marihuana mag hoch erscheinen, aber die Qualit\u00e4t des Produkts spricht f\u00fcr sich. Snoop Dogg selbst ist zu sehen, wie er seine Expertenmeinung \u00fcber das Cannabis seines Dog Pound-Mitglieds abgibt.<\/p>\n<p>Tag | Mondschein online kaufen, Mondschein online kaufen, Mondschein kaufen, wo man Mondschein online kaufen kann, wie man Mondschein online kaufen kann. Weed online kaufen(Moonrocks)<\/p>\n<p>\u00bfQu\u00e9 son las rocas lunares?<br \/>\nMoon Rocks no es realmente un tipo de variedad de marihuana, sino una forma de consumir cannabis. Por lo general, son pepitas de la variedad de marihuana Girl Scout Cookies, sumergidas en aceite de hach\u00eds y luego espolvoreadas con kef. Venta de rocas lunares<\/p>\n<p>Si alguna vez sumergiste conos de helado en chocolate y los cubriste con chispas, entonces sabes exactamente qu\u00e9 es Moon Rocks. Cuando combinas consumir rocas lunares con conos de helado, seguro que queda delicioso.<\/p>\n<p>Dar un paseo por la luna<br \/>\nAlgunas celebridades han registrado sus propias hierbas lunares, que afirman que son los productos de c\u00e1\u00f1amo m\u00e1s potentes del mercado. Krupp, el rapero estadounidense y exvicepresidente de Death Row Records, tiene \"Kurrupts Mooncrock\", que tiene un contenido de THC del 51,2 %. En peque\u00f1as dosis, este producto de cannabis s\u00faper Frankenstein puede ser eficaz para aliviar el dolor.<br \/>\n. Grandes cantidades simplemente pueden enviarse a la luna. rocas de luna para la venta<\/p>\n<p>Betreten Sie das Raumschiff hier. <a href=\"https:\/\/runtzcartsdisposables.com\/es\/product\/kurupt-moon-rock\/\">Moonrock<\/a>-Eis kaufen<\/p>\n<p>Um Moon Rocks optimal zu konsumieren, solltest Du eine Haschischsch\u00fcssel oder Pfeife verwenden und darauf achten, dass Du die Knospen nicht in einem Grinder zerkleinerst, da Du sonst Kief verlierst.<br \/>\nTen en cuenta que la hierba promedio contiene entre un 17 % y un 30 % de THC. Moon Rocks tiene casi el doble de THC. Venta de rocas lunares<br \/>\nWenn Sie Moonrocks nicht ohne Weiteres in einer Apotheke finden, k\u00f6nnen Sie Ihren Lieblingsfreund fragen, wie Sie es selbst herstellen k\u00f6nnen. Du solltest ihn fragen, wie viele Dinge du kaufen solltest und welche Art von Sorte, Haschisch\u00f6l und Kif du brauchst, um dein Raumschiff auf dem Mond zu bauen. Ich w\u00fcrde sie auch fragen, ob dies die Art von Cannabis-Erfahrung ist, die man in der Sicherheit und Bequemlichkeit des eigenen Zuhauses machen sollte, oder ob sie anst\u00e4ndig genug w\u00e4ren, in die \u00d6ffentlichkeit zu gehen. ich sage nur. Moon Rocks zum Verkauf kaufen Blueberry<\/p>\n<p>Die Urspr\u00fcnge von Moonrocks sind etwas unklar, aber es gibt Ger\u00fcchte, dass die Apotheke Starbudz760 sie zuerst zusammengebraut hat, wobei der legend\u00e4re West Coast Rapper Kurupt das Produkt popul\u00e4r machte und seine eigene Version namens Kurupt Moonrock markenrechtlich sch\u00fctzen lie\u00df. buyPluto Cookies<\/p>\n<p>Moonrocks sind ein THC-Megazord &#8211; sie bestehen im Wesentlichen aus Cannabisknospen (historisch gesehen GSC<a href=\"https:\/\/hhcvapekaufen.com\/\" target=\"_blank\" rel=\"noopener\">,<\/a> aber jede Sorte reicht aus), die in Haschisch\u00f6l getaucht oder damit bespr\u00fcht und dann gerollt werden.<\/p>","protected":false},"excerpt":{"rendered":"<h2 style=\"text-align: center;\">Rocas lunares<\/h2>\n<hr \/>\n<p style=\"text-align: left;\">\nTenemos Moon Rocks 100% THC a la venta. Garantizamos un 100% de pedidos por correo y emitimos n\u00fameros de seguimiento y factura despu\u00e9s de cada...<\/p>\n<p>&nbsp;<\/p>","protected":false},"featured_media":797,"comment_status":"open","ping_status":"closed","template":"","meta":{"_monsterinsights_skip_tracking":false,"_monsterinsights_sitenote_active":false,"_monsterinsights_sitenote_note":"","_monsterinsights_sitenote_category":0},"product_cat":[16],"product_tag":[],"_links":{"self":[{"href":"https:\/\/runtzcartsdisposables.com\/es\/wp-json\/wp\/v2\/product\/796"}],"collection":[{"href":"https:\/\/runtzcartsdisposables.com\/es\/wp-json\/wp\/v2\/product"}],"about":[{"href":"https:\/\/runtzcartsdisposables.com\/es\/wp-json\/wp\/v2\/types\/product"}],"replies":[{"embeddable":true,"href":"https:\/\/runtzcartsdisposables.com\/es\/wp-json\/wp\/v2\/comments?post=796"}],"wp:featuredmedia":[{"embeddable":true,"href":"https:\/\/runtzcartsdisposables.com\/es\/wp-json\/wp\/v2\/media\/797"}],"wp:attachment":[{"href":"https:\/\/runtzcartsdisposables.com\/es\/wp-json\/wp\/v2\/media?parent=796"}],"wp:term":[{"taxonomy":"product_cat","embeddable":true,"href":"https:\/\/runtzcartsdisposables.com\/es\/wp-json\/wp\/v2\/product_cat?post=796"},{"taxonomy":"product_tag","embeddable":true,"href":"https:\/\/runtzcartsdisposables.com\/es\/wp-json\/wp\/v2\/product_tag?post=796"}],"curies":[{"name":"wp","href":"https:\/\/api.w.org\/{rel}","templated":true}]}}