{"id":88,"date":"2022-11-30T13:51:41","date_gmt":"2022-11-30T13:51:41","guid":{"rendered":"https:\/\/runtzcartsdisposables.com\/?post_type=product&#038;p=88"},"modified":"2024-11-25T20:13:10","modified_gmt":"2024-11-25T20:13:10","slug":"gelato-weed","status":"publish","type":"product","link":"https:\/\/runtzcartsdisposables.com\/es\/product\/gelato-weed\/","title":{"rendered":"Gelato Weed"},"content":{"rendered":"<h2 style=\"text-align: center;\">Gelato Weed<\/h2>\n<hr \/>\n<p>Gelato weed uk strain has aromas and flavors that have been described as earthy, sweet, minty, citrusy, berry-like, oaky, sherbet, orange, lavender, and cookie. The Gelato plant is short and stocky. Its leaves are forest green in color with dark purple hues. Gelato weed strain buds appear darkish purple and shot through with bright orange pistils. Its buds are sticky with average trichome crystal coverage.<\/p>\n<p>La variedad de marihuana Gelato tiene altos niveles de THC que oscilan entre el 15 y el 25 %, lo que la convierte en una variedad bastante potente. Los efectos h\u00edbridos de THC Design est\u00e1n bien equilibrados: una combinaci\u00f3n interesante de vigor y relajaci\u00f3n. Si lo que anhelas es un cuerpo \u00edndica entonado con una claridad sativa que te mantenga lo suficientemente activo como para disfrutar de los efectos de una variedad, entonces esta es para ti. Sus efectos son r\u00e1pidos, comenzando con un subid\u00f3n mental y una euforia de mano dura. El subid\u00f3n mental que produce es dichoso y edificante. Un zumbido corporal progresivo se impone gradualmente hasta que te sientas completamente relajado y tranquilo, pero proporcionando suficiente energ\u00eda y concentraci\u00f3n para mantenerte positivo y social.<\/p>\n<p>Buy gelato 45 UK, gelato #45 vs 33 also buy gelato 45 allbud, gelato 41 strain, gelato #45 yield, gelato 45 strain smart cart, gelato 45 vs 33<a href=\"https:\/\/hhcvapekaufen.com\/produkte-category\/cbd-vape\/\" target=\"_blank\" rel=\"noopener\">,<\/a> gelato 45 strain indica or sativa, gelati vs gelato strain, gelato strain 45, shark gelato strain, gelato 41 strain, wedding cake strain, blueberry gelato strain , lemon gelato strain , cannabis<\/p>\n<p>Beneficios m\u00e9dicos del uso de la cepa h\u00edbrida Gelato Weed<br \/>\nEl ligero efecto cerebral de Gelato con su relajaci\u00f3n corporal simult\u00e1nea lo convierte en el favorito para los trastornos de ansiedad y el estr\u00e9s cr\u00f3nico. Gelato proporciona un impulso de energ\u00eda cerebral que ayudar\u00e1 a aliviar la depresi\u00f3n cr\u00f3nica. Esta estimulaci\u00f3n tambi\u00e9n puede ayudar en el tratamiento de pacientes con trastornos de atenci\u00f3n como ADHD y ADD. El componente Indica relajar\u00e1 el cuerpo para suprimir la hiperactividad, mientras que el Sativa proporcionar\u00e1 la estimulaci\u00f3n necesaria para un enfoque sostenido. La cepa Gelato ayudar\u00e1 con las n\u00e1useas debido a su atractivo sabor y olor; Adem\u00e1s, esta variedad de cannabis gelato tambi\u00e9n ayudar\u00e1 con el apetito de los pacientes que experimentan n\u00e1useas debido a la quimioterapia para el c\u00e1ncer o enfermedades autoinmunes.<\/p>\n<p>Efectos de la variedad de marihuana Gelato 45<br \/>\nHappy<br \/>\nEuphoric<br \/>\nRelaxed<br \/>\nUplifted<br \/>\nCreative<br \/>\nClassification: 55% Indica\/45% Sativa<\/p>\n<p>Familia: Thin Mint Girl Scout Cookies X Sunset Sherbet<\/p>","protected":false},"excerpt":{"rendered":"<p>Gelato Weed uk has all the smooth and fruity appeal of Sunset <a href=\"https:\/\/runtzcartsdisposables.com\/es\/product\/gelato-weed\/\">Sherbert<\/a> with the earthy, herbal goodness of Thin Mints. With limited availability and a bold look and taste, this strain falls into an emerging category of west coast craft hybrids that are focused on taste. Carrying multiple desirable traits from its heavily crossbred lineage, Gelato has standout visuals and taste. Its trippy but relaxing vibe makes it a perfect choice for some solo introspection or for chatty socializing.<\/p>","protected":false},"featured_media":89,"comment_status":"open","ping_status":"closed","template":"","meta":{"_monsterinsights_skip_tracking":false,"_monsterinsights_sitenote_active":false,"_monsterinsights_sitenote_note":"","_monsterinsights_sitenote_category":0},"product_cat":[21],"product_tag":[22,120,65,66,67,68,69,70,71,72,73,74,75,76,77,78,79,80,37,38,40,41,42,81,82,83,119,84,85,86,87,88,89,90,91,92,93,94,95,96,124,97,98,99,100,101,102,103,48,49,118,121,123,54,104,105,106,107,108,109,122,117,110,111,112,113,114,59,60,61,62,63,64,115,116],"_links":{"self":[{"href":"https:\/\/runtzcartsdisposables.com\/es\/wp-json\/wp\/v2\/product\/88"}],"collection":[{"href":"https:\/\/runtzcartsdisposables.com\/es\/wp-json\/wp\/v2\/product"}],"about":[{"href":"https:\/\/runtzcartsdisposables.com\/es\/wp-json\/wp\/v2\/types\/product"}],"replies":[{"embeddable":true,"href":"https:\/\/runtzcartsdisposables.com\/es\/wp-json\/wp\/v2\/comments?post=88"}],"wp:featuredmedia":[{"embeddable":true,"href":"https:\/\/runtzcartsdisposables.com\/es\/wp-json\/wp\/v2\/media\/89"}],"wp:attachment":[{"href":"https:\/\/runtzcartsdisposables.com\/es\/wp-json\/wp\/v2\/media?parent=88"}],"wp:term":[{"taxonomy":"product_cat","embeddable":true,"href":"https:\/\/runtzcartsdisposables.com\/es\/wp-json\/wp\/v2\/product_cat?post=88"},{"taxonomy":"product_tag","embeddable":true,"href":"https:\/\/runtzcartsdisposables.com\/es\/wp-json\/wp\/v2\/product_tag?post=88"}],"curies":[{"name":"wp","href":"https:\/\/api.w.org\/{rel}","templated":true}]}}