{"id":228,"date":"2023-01-12T08:43:08","date_gmt":"2023-01-12T08:43:08","guid":{"rendered":"https:\/\/runtzcartsdisposables.com\/?post_type=product&#038;p=228"},"modified":"2024-11-25T20:13:02","modified_gmt":"2024-11-25T20:13:02","slug":"candyland","status":"publish","type":"product","link":"https:\/\/runtzcartsdisposables.com\/fr\/product\/candyland\/","title":{"rendered":"S\u00fc\u00dfigkeitenland"},"content":{"rendered":"<h1>Candyland \u00e0 Leadville kaufen<\/h1>\n<p>Candyland in Leadville kaufen. Candylands in Leadville bestellen. Candyland, ein Goldmedaillengewinner der KushCon 2012, ist ein Sativa-dominanter Hybrid, gez\u00fcchtet aus <a href=\"https:\/\/www.solevowellness.com\/granddaddy-purple\/\" target=\"_blank\" rel=\"noopener\">Granddaddy Purple<\/a> und Bay <a href=\"https:\/\/www.leafly.com\/strains\/platinum-gsc\" target=\"_blank\" rel=\"noopener\">Platinum Cookies<\/a>. Goldene Haare weben durch Candyl-ands dicken Mantel aus zuckerartigen Trichomen und heben die kompakten, tarnfarbenen Knospen hervor.buy Banana Pound Cake Diese Sorte w\u00e4chst gut drinnen und drau\u00dfen, Buy Cuban Magic Mushrooms Online.<\/p>\n<p>und Patienten wenden sich an Candy-land, wenn sie versuchen, Schmerzen, Muskelverspannungen und miese Laune zu lindern. Candy-lands bietet eine erhebende und anregende Wirkung, was sie zu einer perfekten Sorte f\u00fcr gesellige Zusammenk\u00fcnfte oder kreativen Zeitvertreib macht.buy Banana Lato<\/p>\n<h2>Candyland \u00e0 Leadville kaufen<\/h2>\n<p>Kaufen Sie Candy-lands in Leadville. Candy-lands in Leadville bestellen. CandyLands &#8211; ist eine gro\u00dfartige <a href=\"https:\/\/runtzcartsdisposables.com\/index.php\/product-category\/blumen\/sativa-sorte\/\">Sativa<\/a> und eignet sich hervorragend f\u00fcr den Einsatz im B\u00fcro, da einige sagen, dass sie bei der Arbeit helfen kann. Sie wird in Vacaville, Kalifornien, angebaut und ist garantiert die frischeste und beste Qualit\u00e4t. Candy-land hat einen starken s\u00fc\u00dfen Geschmack und Geruch, mit einem w\u00fcrzigen, erdigen Unterton. Das Vorhandensein von Trichomen und der Hauch von Lila machen diese Sorte sch\u00f6n f\u00fcr den Konsum. Ihre Knospen sind klein, dicht und haben einen dunkleren Gr\u00fcnton als die typischen Sativa-Sorten. Die Knospen sehen meist so aus, als w\u00e4ren sie in Zucker getaucht worden.buy Black Domina Die stumpfen roten Haare lassen die Knospen aus der Ferne unscharf aussehen. Sie ist eine starke Sativa und eignet sich gut f\u00fcr den Gebrauch unter Menschen oder tags\u00fcber, wenn man produktiv sein muss.<\/p>\n<p>Candy-lands, ein Goldmedaillengewinner der KushCon 2012, ist ein Sativa-dominanter Hybrid, der aus Granddaddy Purple und Bay Platinum Cookies gez\u00fcchtet wurde. buy BlackBerry kush. Goldene Haare weben durch Candy-lands dicken Mantel aus zucker\u00e4hnlichen Trichomen und heben die kompakten, tarnfarbenen Knospen hervor. buy Blue skittles Diese Sorte w\u00e4chst gut drinnen und drau\u00dfen, und Patienten wenden sich an Candy-lands, wenn sie versuchen, Schmerzen, Muskelverspannungen und miese Laune zu lindern. Big Mex Magic Mushroom Online USA Candyl-ands bietet eine erhebende und anregende Wirkung, was sie zu einer perfekten Sorte f\u00fcr gesellige Zusammenk\u00fcnfte oder kreativen Zeitvertreib macht.weed online kaufen in Europa<\/p>","protected":false},"excerpt":{"rendered":"<p>M\u00e9daill\u00e9e d'or \u00e0 la KushCon 2012, Candyland est un hybride \u00e0 dominance sativa obtenu \u00e0 partir de Granddaddy Purple et Bay Platinum Cookies. Des poils dor\u00e9s se faufilent \u00e0 travers l'\u00e9paisse couche de trichomes sucr\u00e9s de Candyland, mettant en valeur les bourgeons compacts et camoufl\u00e9s<\/p>\n<p>&nbsp;<\/p>","protected":false},"featured_media":233,"comment_status":"open","ping_status":"closed","template":"","meta":{"_monsterinsights_skip_tracking":false,"_monsterinsights_sitenote_active":false,"_monsterinsights_sitenote_note":"","_monsterinsights_sitenote_category":0},"product_cat":[126,127],"product_tag":[],"_links":{"self":[{"href":"https:\/\/runtzcartsdisposables.com\/fr\/wp-json\/wp\/v2\/product\/228"}],"collection":[{"href":"https:\/\/runtzcartsdisposables.com\/fr\/wp-json\/wp\/v2\/product"}],"about":[{"href":"https:\/\/runtzcartsdisposables.com\/fr\/wp-json\/wp\/v2\/types\/product"}],"replies":[{"embeddable":true,"href":"https:\/\/runtzcartsdisposables.com\/fr\/wp-json\/wp\/v2\/comments?post=228"}],"wp:featuredmedia":[{"embeddable":true,"href":"https:\/\/runtzcartsdisposables.com\/fr\/wp-json\/wp\/v2\/media\/233"}],"wp:attachment":[{"href":"https:\/\/runtzcartsdisposables.com\/fr\/wp-json\/wp\/v2\/media?parent=228"}],"wp:term":[{"taxonomy":"product_cat","embeddable":true,"href":"https:\/\/runtzcartsdisposables.com\/fr\/wp-json\/wp\/v2\/product_cat?post=228"},{"taxonomy":"product_tag","embeddable":true,"href":"https:\/\/runtzcartsdisposables.com\/fr\/wp-json\/wp\/v2\/product_tag?post=228"}],"curies":[{"name":"wp","href":"https:\/\/api.w.org\/{rel}","templated":true}]}}