{"id":235,"date":"2023-01-12T09:01:13","date_gmt":"2023-01-12T09:01:13","guid":{"rendered":"https:\/\/runtzcartsdisposables.com\/?post_type=product&#038;p=235"},"modified":"2024-11-25T20:13:01","modified_gmt":"2024-11-25T20:13:01","slug":"kolumbianisches-gold","status":"publish","type":"product","link":"https:\/\/runtzcartsdisposables.com\/fr\/product\/kolumbianisches-gold\/","title":{"rendered":"Kolumbianisches Gold"},"content":{"rendered":"<h1>Acheter une souche colombienne Goldm en ligne Finlande<\/h1>\n<p>Kolumbianisches Gold Kaufen Sie Colombian Goldm Strain Online Finnland. Colombian Gold ist eine klassische <a href=\"https:\/\/runtzcartsdisposables.com\/index.php\/product-category\/blumen\/sativa-sorte\/\">Sativa-Landrasse<\/a>, originaire des montagnes de Santa Marta en Colombie. Ses t\u00eates sont duveteuses et couvertes de cristal, d\u00e9gageant des notes douces et sucr\u00e9es de citron et de citron vert. Cette sativa indig\u00e8ne a donn\u00e9 naissance \u00e0 la c\u00e9l\u00e8bre Skunk #1, un hybride qui est devenu un incontournable de la culture du cannabis. L'effet actif, \u00e9difiant et cibl\u00e9 de l'or colombien vient sans parano\u00efa ni anxi\u00e9t\u00e9,<\/p>\n<h2>Acheter des champignons magiques cubains en ligne<\/h2>\n<p>Cela fait de cette vari\u00e9t\u00e9 un bon choix pour les d\u00e9butants ou pour ceux qui cherchent \u00e0 rester productifs pendant le traitement. L'or colombien peut aider les patients \u00e0 soulager la tension musculaire, la douleur et d'autres sympt\u00f4mes physiques, mais ses qualit\u00e9s stimulantes et gaies peuvent \u00e9galement \u00eatre utilis\u00e9es pour la d\u00e9pression et le TDA\/TDAH. Acheter des comprim\u00e9s de diaz\u00e9pam 10mg en ligne.<\/p>\n<p>Colombian <a href=\"https:\/\/runtzcartsdisposables.com\/fr\/product\/gelato-weed-copy\/\">Gold<\/a> ist eine legend\u00e4re Sativa-Landrasse aus dem gebirgigen Norden Kolumbiens. Diese Sorte, die in den sp\u00e4ten 1960er und 1970er Jahren in den USA extrem popul\u00e4r war, ist inzwischen sehr selten geworden, und einige Cannabis-Historiker behaupten, dass es keine Samen oder Klone des urspr\u00fcnglichen Landrassen-Genotyps mehr gibt. Unabh\u00e4ngig davon, ob Colombian Gold noch konsumiert werden kann oder nicht, wurde sie zur Z\u00fcchtung beliebter Grundnahrungsmittel wie Skunk #1 verwendet. Der <a href=\"https:\/\/en.wikipedia.org\/wiki\/Tetrahydrocannabinol\" target=\"_blank\" rel=\"noopener\">THC<\/a>-Le contenu de la vari\u00e9t\u00e9 a \u00e9t\u00e9 mesur\u00e9 entre 14% et 20%. ACHETER DU WEED EN LIGNE EN EUROPE<\/p>\n<p>Kolumbianisches Gold von kommerziell gez\u00fcchteten Indicas und Hybriden sind mit den Bl\u00fcten von Colombian Gold vielleicht nicht vertraut. Die Bl\u00fcten sind klein bis mittelgro\u00df und haben eine lockere, bl\u00e4ttrige Struktur<a href=\"https:\/\/20ftschiffscontainer.com\/wp-admin\/\" target=\"_blank\" rel=\"noopener\">,<\/a> die f\u00fcr eine reine Sativa charakteristisch ist &#8211; Cannabiskenner werden die Silhouetten dieser zerlumpten Bl\u00fcten als \u00e4hnlich wie bei jamaikanischen oder thail\u00e4ndischen Sativa-Landrassen erkennen. Die Bl\u00e4tter sind blass fr\u00fchlingsgr\u00fcn und werden von leuchtend orangefarbenen Stempeln durchzogen. Diese langen, spitz zulaufenden Knospen sind auch sehr harzig: bernsteinfarbene Trichome bedecken die Innen- und Au\u00dfenfl\u00e4chen und verleihen ihnen den goldenen Schimmer, auf den sich ihr Name bezieht. OG KUSH ONLINE KAUFEN<\/p>\n<p>Lorsqu'elle est correctement s\u00e9ch\u00e9e, la Colombian Gold d\u00e9gage l'odeur piquante de Skunk, ce qui explique le piquant de la vari\u00e9t\u00e9 Skunk #1 pour enfants. En y regardant de plus pr\u00e8s, la saveur citrique du citron et du citron vert est \u00e9galement en jeu. Lorsqu'il est br\u00fbl\u00e9, l'or colombien a une odeur de terre et de hasch. Sa fum\u00e9e peut \u00eatre dure et gonfler les poumons \u00e0 l'inspiration et a une saveur d'herbes \u00e0 l'expiration. Enfin, cette souche peut \u00eatre une fum\u00e9e particuli\u00e8rement piquante ; ceux qui souhaitent garder leur consommation discr\u00e8te doivent prendre toutes les pr\u00e9cautions n\u00e9cessaires. ACHETER DIAMOND OG EN LIGNE<\/p>\n<h2>Acheter une souche colombienne Goldm en ligne Finlande<\/h2>\n<p>Les utilisateurs de cette vari\u00e9t\u00e9 l\u00e9gendaire ont signal\u00e9 des effets c\u00e9r\u00e9braux tr\u00e8s puissants. Le high arrive lentement et reste enivrant pendant toute sa dur\u00e9e ; on dit que l'effet dure beaucoup plus longtemps que la moyenne. La cr\u00e9ativit\u00e9 et la loquacit\u00e9 sont courantes alors que l'esprit des fumeurs saute de l'un \u00e0 l'autre dans une association rapide et libre. Un sentiment g\u00e9n\u00e9ral de bien-\u00eatre est \u00e9galement couramment signal\u00e9, car tous les facteurs de stress environnementaux restants passent \u00e0 l'arri\u00e8re-plan. L'\u00e9tat d'esprit tr\u00e8s analytique de Colombian Gold peut \u00eatre particuli\u00e8rement pr\u00e9cieux<\/p>","protected":false},"excerpt":{"rendered":"<h2 style=\"text-align: center;\">Kolumbianisches Gold<\/h2>\n<hr \/>\n<p>Colombian Gold est une sativa landrace classique qui trouve ses origines dans les montagnes de Santa Marta en Colombie. Ses t\u00eates sont duveteuses et couvertes de cristal, d\u00e9gageant des notes douces et sucr\u00e9es de citron et de citron vert.<\/p>","protected":false},"featured_media":236,"comment_status":"open","ping_status":"closed","template":"","meta":{"_monsterinsights_skip_tracking":false,"_monsterinsights_sitenote_active":false,"_monsterinsights_sitenote_note":"","_monsterinsights_sitenote_category":0},"product_cat":[126,127],"product_tag":[],"_links":{"self":[{"href":"https:\/\/runtzcartsdisposables.com\/fr\/wp-json\/wp\/v2\/product\/235"}],"collection":[{"href":"https:\/\/runtzcartsdisposables.com\/fr\/wp-json\/wp\/v2\/product"}],"about":[{"href":"https:\/\/runtzcartsdisposables.com\/fr\/wp-json\/wp\/v2\/types\/product"}],"replies":[{"embeddable":true,"href":"https:\/\/runtzcartsdisposables.com\/fr\/wp-json\/wp\/v2\/comments?post=235"}],"wp:featuredmedia":[{"embeddable":true,"href":"https:\/\/runtzcartsdisposables.com\/fr\/wp-json\/wp\/v2\/media\/236"}],"wp:attachment":[{"href":"https:\/\/runtzcartsdisposables.com\/fr\/wp-json\/wp\/v2\/media?parent=235"}],"wp:term":[{"taxonomy":"product_cat","embeddable":true,"href":"https:\/\/runtzcartsdisposables.com\/fr\/wp-json\/wp\/v2\/product_cat?post=235"},{"taxonomy":"product_tag","embeddable":true,"href":"https:\/\/runtzcartsdisposables.com\/fr\/wp-json\/wp\/v2\/product_tag?post=235"}],"curies":[{"name":"wp","href":"https:\/\/api.w.org\/{rel}","templated":true}]}}