{"id":250,"date":"2023-01-12T14:59:08","date_gmt":"2023-01-12T14:59:08","guid":{"rendered":"https:\/\/runtzcartsdisposables.com\/?post_type=product&#038;p=250"},"modified":"2024-11-25T20:12:58","modified_gmt":"2024-11-25T20:12:58","slug":"geisterstamm-dunst","status":"publish","type":"product","link":"https:\/\/runtzcartsdisposables.com\/fr\/product\/geisterstamm-dunst\/","title":{"rendered":"Geisterstamm-Dunst"},"content":{"rendered":"<h1>Acheter Ghost Strain Haze en ligne en Su\u00e8de<\/h1>\n<p>Geisterstamm-Dunstt Strain Haze Online In Schweden. <a href=\"https:\/\/www.leafly.com\/strains\/ghost-og\" target=\"_blank\" rel=\"noopener\">Ghost Train<\/a> Cr\u00e9\u00e9e pour la premi\u00e8re fois par Rare Dankness, Haze est un croisement sativa entre Ghost OG et Neville's Wreck. Contrairement aux sativas typiques, Ghost Train Haze produit des bourgeons denses couverts de trichomes blancs recouverts de cristaux. Avec un ar\u00f4me acidul\u00e9 d'agrumes et de fleurs, Ghost Train Haze d\u00e9livre une puissante dose de THC pour engourdir la douleur, la d\u00e9pression et la perte d'app\u00e9tit, mais les patients y sont sujets. Acheter de l'herbe en ligne en Europe<\/p>\n<p>Les personnes souffrant d'anxi\u00e9t\u00e9 devraient rester \u00e0 l'\u00e9cart de ce m\u00e9dicament puissant. De faibles doses encouragent la concentration et la cr\u00e9ativit\u00e9, mais plus vous fumez, plus votre cerveau devient brumeux. Ghost Train Haze est une vari\u00e9t\u00e9 d'ext\u00e9rieur adapt\u00e9e aux climats chauds et a une p\u00e9riode de floraison de 65 \u00e0 80 jours en int\u00e9rieur. Biscuits Tropicana<\/p>\n<h3>Acheter Ghost Strain Haze en ligne en Su\u00e8de<\/h3>\n<p>Sativa-dominanter Hybrid &#8211; 80% Sativa \/ 20% Indica<\/p>\n<p>THC: 27%<\/p>\n<p>Ghost Train Haze est l'une des vari\u00e9t\u00e9s les plus intenses jamais existantes <a href=\"https:\/\/runtzcartsdisposables.com\/fr\/\">Marihuana<\/a>-univers a \u00e9t\u00e9 introduit. Cette souche n'est pas pour les d\u00e9butants, apr\u00e8s tout, Ghost Train Haze a \u00e9t\u00e9 nomm\u00e9e \"Souche la plus puissante du monde\" par le magazine High Times en 2012. Issue de Ghost OG et de Neville's Wreck, cette vari\u00e9t\u00e9 affiche un niveau de THC d\u00e9mentiel de 27 %. La GTH est principalement sativa (ratio 80:20 sativa\/indica), donc si vous \u00eates un fumeur d\u00e9butant ou souffrez d'anxi\u00e9t\u00e9, vous feriez mieux de rester \u00e0 l'\u00e9cart de cette vari\u00e9t\u00e9 folle. Une forte consommation de GTH peut induire une sensation presque psych\u00e9d\u00e9lique pouvant induire une parano\u00efa. Les patients qui choisissent Ghost Train Haze sont ceux qui souffrent de d\u00e9pression ou ceux qui veulent juste passer un bon moment. A petites doses, la GTH peut facilement provoquer des \u00e9clats de rire et stimuler l'esprit cr\u00e9atif. L'ar\u00f4me de cette vari\u00e9t\u00e9 est un doux m\u00e9lange d'acide, d'agrumes et de pin qui est tr\u00e8s piquant. Avec une abondance de trichomes et de cheveux, GTH a l'air aussi g\u00e9nial qu'elle le pr\u00e9tend. Grande brume de citron<\/p>\n<p>Geisterstamm-Dunst Cannabis-Sorte Ghost Train Haze ist ein potenter, Sativa-dominanter Hybrid, der von Rare Dankness gez\u00fcchtet wurde. Sie belegte den ersten Platz beim High Times Cannabis Cup 2014 in den USA in der Kategorie Sativa und den zweiten Platz beim High Times Cannabis Cup 2013 in der Kategorie Medical Sativa. Die Knospen sind dicht, hellgr\u00fcn in der Farbe und durchtr\u00e4nkt mit Trichomen, die fast wei\u00df erscheinen. Ghost Train Haze ist sehr potent und wurde von High Times ausgew\u00e4hlt, um die st\u00e4rksten Sorten der Welt zu repr\u00e4sentieren. Ghost Strain Haze online in Schweden kaufen. Mango Haz<a href=\"https:\/\/hhcgraskaufen.com\/\" target=\"_blank\" rel=\"noopener\">e<\/a><br \/>\nsorte d'ivresse<br \/>\nGeisterstamm-Dunst Die Marihuana-Sorte Ghost Train Haze l\u00f6st in niedrigeren Dosen eine zerebrale Euphorie aus, hebt die Stimmung, erh\u00f6ht die Konzentration, entspannt den K\u00f6rper und hat eine schmerzlindernde Wirkung. Sie kann Druck auf die Augen und die Nase aus\u00fcben. H\u00f6here Dosen k\u00f6nnen Paranoia und Halluzinationen hervorrufen. Lila Dunst<br \/>\nG\u00e9n\u00e9tique<br \/>\nGeisterstamm-Dunst Die Cannabis-Sorte Ghost Train Haze ist eine Kreuzung zwischen Ghost <a href=\"https:\/\/runtzcartsdisposables.com\/fr\/product\/platinum-og\/\">OG<\/a> und Nevil&#8217;s Wreck (Trainwreck und Neville&#8217;s Haze).<\/p>","protected":false},"excerpt":{"rendered":"<h2 style=\"text-align: center;\">Geisterstamm-Dunst<\/h2>\n<hr \/>\n<p>Geisterstamm-Dunst&#8211; Ghost Train Haze wurde zuerst von Rare Dankness gez\u00fcchtet und ist eine Sativa-Kreuzung aus Ghost OG und Neville&#8217;s Wreck. Im Gegensatz zu typischen Sativas bildet Ghost Train Haze dichte Knospen aus, die mit wei\u00dfen, kristallbedeckten Trichomen bedeckt sind.<\/p>\n<p>&nbsp;<\/p>","protected":false},"featured_media":249,"comment_status":"open","ping_status":"closed","template":"","meta":{"_monsterinsights_skip_tracking":false,"_monsterinsights_sitenote_active":false,"_monsterinsights_sitenote_note":"","_monsterinsights_sitenote_category":0},"product_cat":[126,127],"product_tag":[136,137,138,139,140,141],"_links":{"self":[{"href":"https:\/\/runtzcartsdisposables.com\/fr\/wp-json\/wp\/v2\/product\/250"}],"collection":[{"href":"https:\/\/runtzcartsdisposables.com\/fr\/wp-json\/wp\/v2\/product"}],"about":[{"href":"https:\/\/runtzcartsdisposables.com\/fr\/wp-json\/wp\/v2\/types\/product"}],"replies":[{"embeddable":true,"href":"https:\/\/runtzcartsdisposables.com\/fr\/wp-json\/wp\/v2\/comments?post=250"}],"wp:featuredmedia":[{"embeddable":true,"href":"https:\/\/runtzcartsdisposables.com\/fr\/wp-json\/wp\/v2\/media\/249"}],"wp:attachment":[{"href":"https:\/\/runtzcartsdisposables.com\/fr\/wp-json\/wp\/v2\/media?parent=250"}],"wp:term":[{"taxonomy":"product_cat","embeddable":true,"href":"https:\/\/runtzcartsdisposables.com\/fr\/wp-json\/wp\/v2\/product_cat?post=250"},{"taxonomy":"product_tag","embeddable":true,"href":"https:\/\/runtzcartsdisposables.com\/fr\/wp-json\/wp\/v2\/product_tag?post=250"}],"curies":[{"name":"wp","href":"https:\/\/api.w.org\/{rel}","templated":true}]}}