{"id":267,"date":"2023-01-12T15:26:07","date_gmt":"2023-01-12T15:26:07","guid":{"rendered":"https:\/\/runtzcartsdisposables.com\/?post_type=product&#038;p=267"},"modified":"2024-11-25T20:12:53","modified_gmt":"2024-11-25T20:12:53","slug":"hawaiianischer-dunst","status":"publish","type":"product","link":"https:\/\/runtzcartsdisposables.com\/fr\/product\/hawaiianischer-dunst\/","title":{"rendered":"Hawaiianischer Dunst"},"content":{"rendered":"<h1>Acheter Hawaiian Haze Strain en ligne au Danemark<\/h1>\n<p>Achetez la vari\u00e9t\u00e9 Hawaiian Haze en ligne au Danemark. Hawaiian Haze est une vari\u00e9t\u00e9 principalement sativa qui produit des effets sativa de haute qualit\u00e9. Un m\u00e9lange de <a href=\"https:\/\/www.leafly.com\/strains\/hawaiian-haze\" target=\"_blank\" rel=\"noopener\">Hawaiian und Haze Genetik<\/a>, ces bourgeons l\u00e9gers et a\u00e9r\u00e9s vous feront avoir la t\u00eate dans les nuages. De nombreux utilisateurs signalent \u00e9galement que cela les rend sociables et bavards, ce qui peut donc \u00eatre une bonne fum\u00e9e de jour. Haze hawa\u00efenne. Acheter de l'herbe en ligne Europe<\/p>\n<p>L'odeur florale et le go\u00fbt des fruits tropicaux pourraient vous faire r\u00eaver de vacances sur une \u00eele. Ces plantes sont hautes et \u00e0 floraison lente, prenant entre 12 et 14 semaines, elles sont donc probablement mieux adapt\u00e9es \u00e0 un cultivateur avec de l'exp\u00e9rience et de la patience.<\/p>\n<p>Hawaiianischer Dunst Eine Mischung aus Hawaiian und Haze Genetik, ein ausgewogener 50\/50 Hybrid, diese leichten, luftigen Knospen werden Ihren Kopf in den Wolken haben.diamond <a href=\"https:\/\/runtzcartsdisposables.com\/fr\/product\/moonrocks\/\">OG<\/a> Hash kaufen<\/p>\n<p>Big Mex Champignon Magique En Ligne USA<\/p>\n<h2>Acheter Hawaiian Haze Strain en ligne au Danemark<\/h2>\n<p>Attendez-vous \u00e0 \u00eatre tr\u00e8s sociable et bavard, donc mieux appr\u00e9ci\u00e9 en groupe pendant la journ\u00e9e.acheter Lemon Skittle<\/p>\n<p>Le parfum floral et le go\u00fbt de fruits tropicaux d'Hawaiian Haze pourraient vous faire r\u00eaver de vacances sur une \u00eele. Acheter des comprim\u00e9s de diaz\u00e9pam 10 mg en ligne.<\/p>\n<p>Elle appara\u00eet principalement comme une vari\u00e9t\u00e9 sativa et offre un niveau de THC stup\u00e9fiant de 26 %.buyParallax Shop<\/p>\n<p>Hawaiian Haze offre un m\u00e9lange exquis de saveurs bois\u00e9es, tropicales et de pin qui sont d\u00e9finitivement \u00e0 attendre.acheterCHOCOLATE FUDGE BROWNIE<\/p>\n<p>Apr\u00e8s avoir fum\u00e9 cette vari\u00e9t\u00e9, vous vous sentirez \u00e0 la fois \u00e9nergique et euphorique. Si vous passez une mauvaise journ\u00e9e, Hawaiian Haze est exactement ce dont vous avez besoin pour vous remettre sur la bonne voie.<\/p>\n<p>QUALIT\u00c9 GARANTIE<\/p>\n<p>Hawaiianischer Dunst Unser Ziel ist es, Ihnen die hochwertigsten Hanfbl\u00fcten von sorgf\u00e4ltigen, geschickten Z\u00fcchtern zu liefern, die sich um die Pflanzen k\u00fcmmern, von dem Zeitpunkt an, an dem der Samen in die organische Erde eingegraben wird, bis er seinen Weg zu Ihnen findet. Alle unsere erstklassigen CBD-Hanfbl\u00fcten werden unabh\u00e4ngig im Labor getestet, um ihre Legalit\u00e4t sicherzustellen. Ein QR-Code, der direkt zu unserer Seite mit den Laborergebnissen f\u00fchrt, befindet sich wie bei allen unseren Produkten auf dem Etikett jeder Produktverpackung. traube CBD Vape Pen kaufen<\/p>\n<p>Acheter des tablettes de chocolat Mushee Magic Mushroom<\/p>","protected":false},"excerpt":{"rendered":"<h2 style=\"text-align: center;\">Hawaiianischer Dunst<\/h2>\n<hr \/>\n<p>Hawaiianischer Dunst &#8211; Der blumige Geruch und der Geschmack von tropischen Fr\u00fcchten der Hawaiian Haze lassen Sie vielleicht von einem Inselurlaub tr\u00e4umen.<\/p>\n<p>Elle appara\u00eet principalement comme une vari\u00e9t\u00e9 sativa, d\u00e9livrant un niveau de THC stup\u00e9fiant de 26 %.<\/p>","protected":false},"featured_media":268,"comment_status":"open","ping_status":"closed","template":"","meta":{"_monsterinsights_skip_tracking":false,"_monsterinsights_sitenote_active":false,"_monsterinsights_sitenote_note":"","_monsterinsights_sitenote_category":0},"product_cat":[126,127],"product_tag":[],"_links":{"self":[{"href":"https:\/\/runtzcartsdisposables.com\/fr\/wp-json\/wp\/v2\/product\/267"}],"collection":[{"href":"https:\/\/runtzcartsdisposables.com\/fr\/wp-json\/wp\/v2\/product"}],"about":[{"href":"https:\/\/runtzcartsdisposables.com\/fr\/wp-json\/wp\/v2\/types\/product"}],"replies":[{"embeddable":true,"href":"https:\/\/runtzcartsdisposables.com\/fr\/wp-json\/wp\/v2\/comments?post=267"}],"wp:featuredmedia":[{"embeddable":true,"href":"https:\/\/runtzcartsdisposables.com\/fr\/wp-json\/wp\/v2\/media\/268"}],"wp:attachment":[{"href":"https:\/\/runtzcartsdisposables.com\/fr\/wp-json\/wp\/v2\/media?parent=267"}],"wp:term":[{"taxonomy":"product_cat","embeddable":true,"href":"https:\/\/runtzcartsdisposables.com\/fr\/wp-json\/wp\/v2\/product_cat?post=267"},{"taxonomy":"product_tag","embeddable":true,"href":"https:\/\/runtzcartsdisposables.com\/fr\/wp-json\/wp\/v2\/product_tag?post=267"}],"curies":[{"name":"wp","href":"https:\/\/api.w.org\/{rel}","templated":true}]}}