{"id":273,"date":"2023-01-12T15:37:01","date_gmt":"2023-01-12T15:37:01","guid":{"rendered":"https:\/\/runtzcartsdisposables.com\/?post_type=product&#038;p=273"},"modified":"2024-11-25T20:12:52","modified_gmt":"2024-11-25T20:12:52","slug":"hawaiischer-schnee","status":"publish","type":"product","link":"https:\/\/runtzcartsdisposables.com\/fr\/product\/hawaiischer-schnee\/","title":{"rendered":"Hawaiischer Schnee"},"content":{"rendered":"<h1>Achetez de la neige hawa\u00efenne en ligne au Portugal Commandez de la neige hawa\u00efenne en ligne au Royaume-Uni<\/h1>\n<p>Achetez de la neige hawa\u00efenne en ligne au Portugal Commandez de la neige hawa\u00efenne en ligne au Royaume-Uni. Hawaiian Snow, vainqueur de la Cannabis Cup 2003, est un trio de g\u00e9n\u00e9tiques Haze qui comprend Neville's Haze, <a href=\"https:\/\/essencevegas.com\/kb\/cannabis-strains\/vt-pure-haze\/\" target=\"_blank\" rel=\"noopener\">Pure Haze<\/a> und <a href=\"https:\/\/runtzcartsdisposables.com\/index.php\/product\/hawaiianischer-dunst\/\">Hawaiian Haze<\/a> dans un sup\u00e9rieur <a href=\"https:\/\/runtzcartsdisposables.com\/index.php\/product-category\/blumen\/sativa-sorte\/\">Sativa<\/a>ligne unie. Elle a tous les traits que l'on peut attendre de sa lign\u00e9e g\u00e9n\u00e9tique : une structure haute et extensible, une p\u00e9riode de floraison lente (jusqu'\u00e0 14 semaines), un ar\u00f4me intense d'encens \u00e9pic\u00e9 avec des notes d'agrumes et d'eucalyptus, et de g\u00e9n\u00e9reuses quantit\u00e9s de THC. Ce qui distingue vraiment Hawaiian Snow, c'est le high, un mal de t\u00eate tr\u00e8s stimulant, parfait pour les interactions sociales et les activit\u00e9s cr\u00e9atives. Hawaiian Snow est connu pour laisser les utilisateurs avec une crise de rire \u00e9crasante. Acheter des comprim\u00e9s de diaz\u00e9pam 10mg en ligne.<\/p>\n<h2>Achetez de la neige hawa\u00efenne en ligne au Portugal Commandez de la neige hawa\u00efenne en ligne<\/h2>","protected":false},"excerpt":{"rendered":"<h3 style=\"text-align: center;\">Hawaiischer Schnee<\/h3>\n<hr \/>\n<p>Vainqueur de la Cannabis Cup 2003, Hawaiian Snow est un trio de g\u00e9n\u00e9tiques Haze qui combine Neville's Haze, Pure Haze et Hawaiian Haze en une lign\u00e9e sativa sup\u00e9rieure.<\/p>","protected":false},"featured_media":275,"comment_status":"open","ping_status":"closed","template":"","meta":{"_monsterinsights_skip_tracking":false,"_monsterinsights_sitenote_active":false,"_monsterinsights_sitenote_note":"","_monsterinsights_sitenote_category":0},"product_cat":[126,127],"product_tag":[148,149,150,151,152],"_links":{"self":[{"href":"https:\/\/runtzcartsdisposables.com\/fr\/wp-json\/wp\/v2\/product\/273"}],"collection":[{"href":"https:\/\/runtzcartsdisposables.com\/fr\/wp-json\/wp\/v2\/product"}],"about":[{"href":"https:\/\/runtzcartsdisposables.com\/fr\/wp-json\/wp\/v2\/types\/product"}],"replies":[{"embeddable":true,"href":"https:\/\/runtzcartsdisposables.com\/fr\/wp-json\/wp\/v2\/comments?post=273"}],"wp:featuredmedia":[{"embeddable":true,"href":"https:\/\/runtzcartsdisposables.com\/fr\/wp-json\/wp\/v2\/media\/275"}],"wp:attachment":[{"href":"https:\/\/runtzcartsdisposables.com\/fr\/wp-json\/wp\/v2\/media?parent=273"}],"wp:term":[{"taxonomy":"product_cat","embeddable":true,"href":"https:\/\/runtzcartsdisposables.com\/fr\/wp-json\/wp\/v2\/product_cat?post=273"},{"taxonomy":"product_tag","embeddable":true,"href":"https:\/\/runtzcartsdisposables.com\/fr\/wp-json\/wp\/v2\/product_tag?post=273"}],"curies":[{"name":"wp","href":"https:\/\/api.w.org\/{rel}","templated":true}]}}