{"id":281,"date":"2023-01-12T15:43:25","date_gmt":"2023-01-12T15:43:25","guid":{"rendered":"https:\/\/runtzcartsdisposables.com\/?post_type=product&#038;p=281"},"modified":"2024-11-25T20:12:50","modified_gmt":"2024-11-25T20:12:50","slug":"inselsuesses-skunk","status":"publish","type":"product","link":"https:\/\/runtzcartsdisposables.com\/fr\/product\/inselsuesses-skunk\/","title":{"rendered":"Insels\u00fc\u00dfes Skunk"},"content":{"rendered":"<h1>Acheter Island Sweet Skunk \u00e0 Colorado Springs<\/h1>\n<p>Acheter Island Sweet Skunk \u00e0 Colorado Springs. Commandez Island Sweet Skunk \u00e0 Colorado Springs. Island Sweet Skunk, parfois appel\u00e9e Sweet Island Skunk, est une vari\u00e9t\u00e9 sativa que les consommateurs appr\u00e9cient pour ses effets \u00e9nerg\u00e9tiques. Le go\u00fbt est plus facilement d\u00e9crit comme \"Sweet Skunk\" avec des ar\u00f4mes de fruits tropicaux comme principaux protagonistes. L'ar\u00f4me fruit\u00e9 est souvent compar\u00e9 \u00e0 celui du pamplemousse. Cr\u00e9\u00e9e \u00e0 l'origine par la Federation Seed Company au Canada, cette vari\u00e9t\u00e9 est une descendante de Sweet Pink. Acheter des biscuits au th\u00e9 sucr\u00e9<\/p>\n<p>La pamplemousse et la Big Skunk #1 produisent des plantes hautes, droites et \u00e0 haut rendement. Certaines vari\u00e9t\u00e9s d'Island Sweet Skunk ont \u200b\u200bdes niveaux accrus de CBD, ce qui aide les patients \u00e0 g\u00e9rer l'anxi\u00e9t\u00e9, l'inflammation et les spasmes musculaires. La p\u00e9riode de floraison est de 7 \u00e0 8 semaines et les bourgeons ont des poils jaune-orange vif. Acheter des pr\u00e9-rolls de cookies<\/p>\n<p>Island Sweet Skunk, parfois appel\u00e9e Sweet Island Skunk, est une vari\u00e9t\u00e9 sativa appr\u00e9ci\u00e9e des consommateurs pour ses effets \u00e9nerg\u00e9tiques. Le go\u00fbt est plus facilement d\u00e9crit comme \"Sweet Skunk\" avec des ar\u00f4mes de fruits tropicaux comme principaux protagonistes. L'ar\u00f4me fruit\u00e9 est souvent compar\u00e9 \u00e0 celui du pamplemousse. Cr\u00e9\u00e9e \u00e0 l'origine par la Federation Seed Company au Canada, cette vari\u00e9t\u00e9 est une descendante de Sweet Pink Grapefruit et de Big Skunk #1 et donne des plantes hautes, droites et \u00e0 rendement \u00e9lev\u00e9. Certaines vari\u00e9t\u00e9s d'Island Sweet Skunk ont \u200b\u200bdes niveaux accrus de CBD, ce qui aide les patients \u00e0 g\u00e9rer l'anxi\u00e9t\u00e9, l'inflammation et les spasmes musculaires. La p\u00e9riode de floraison est de 7 \u00e0 8 semaines et les bourgeons ont des poils jaune-orange vif.<\/p>\n<h2>Acheter Island Sweet Skunk \u00e0 Colorado Springs<\/h2>\n<p>Acheter Island Sweet Skunk \u00e0 Colorado Springs. commander Island Sweet Skunk \u00e0 Colorado Springs. Island Sweet Skunk est une vari\u00e9t\u00e9 hybride \u00e0 dominance sativa originaire de l'\u00eele de Vancouver, en Colombie-Britannique. Elle tire son nom de son ar\u00f4me distinctement doux mais skunk, qui est \u00e9galement synonyme de son go\u00fbt.acheter Mimosa<\/p>\n<p>Elle a \u00e9t\u00e9 d\u00e9velopp\u00e9e par Federation Seeds au Canada \u00e0 partir des vari\u00e9t\u00e9s parentes Sweet Pink Grapefruit et Big Skunk #1. Elle aussi d\u00e9livre des notes aromatiques des tropiques et a remport\u00e9 un prix canadien \u00e0 la High Times Cannabis Cup. Island Sweet Skunk est parfois aussi appel\u00e9e Lemon Sweet Skunk, Grape Island Skunk, Lime Skunk Strain ou Isla OG.<\/p>\n<p>Vous pouvez acheter Island Sweet Skunk en ligne aupr\u00e8s de Pacific Grass - l'un des principaux dispensaires de marijuana m\u00e9dicale en ligne au Canada. Cette vari\u00e9t\u00e9 a d'\u00e9normes bourgeons denses et givr\u00e9s qui sont d'un vert riche et brillant tachet\u00e9 de colonnes de couleur rouille. Acheter des comprim\u00e9s de diaz\u00e9pam 10mg en ligne.<\/p>\n<p>Elle est connue pour avoir un effet stimulant comme on peut s'y attendre d'une vari\u00e9t\u00e9 \u00e0 dominante sativa. Elle commence par un high vif et \u00e9difiant qui est imm\u00e9diatement suivi d'un high corporel doux. Elle produit \u00e9galement un high c\u00e9r\u00e9bral qui \u00e9l\u00e8ve l'humeur et induit des sentiments de bonheur et d'euphorie. Acheter Purple Og Kush<\/p>\n<p>Island Sweet Skunk est le genre de vari\u00e9t\u00e9 qui peut vous aider \u00e0 vous concentrer sur le travail lorsque vous avez quelque chose dont vous devez vraiment vous occuper. C'est un m\u00e9dicament diurne efficace qui stimule l'\u00e9nergie et la cr\u00e9ativit\u00e9 tout en<\/p>","protected":false},"excerpt":{"rendered":"<h3 style=\"text-align: center;\">Insels\u00fc\u00dfes Skunk<\/h3>\n<hr \/>\n<p>Island Sweet Skunk, parfois appel\u00e9e Sweet Island Skunk, est une vari\u00e9t\u00e9 sativa appr\u00e9ci\u00e9e des consommateurs pour ses effets \u00e9nerg\u00e9tiques. Le go\u00fbt est plus facilement d\u00e9crit comme \"Sweet Skunk\" avec des ar\u00f4mes de fruits tropicaux comme principaux protagonistes.<\/p>\n<p>&nbsp;<\/p>","protected":false},"featured_media":282,"comment_status":"open","ping_status":"closed","template":"","meta":{"_monsterinsights_skip_tracking":false,"_monsterinsights_sitenote_active":false,"_monsterinsights_sitenote_note":"","_monsterinsights_sitenote_category":0},"product_cat":[126,127],"product_tag":[153,145,154],"_links":{"self":[{"href":"https:\/\/runtzcartsdisposables.com\/fr\/wp-json\/wp\/v2\/product\/281"}],"collection":[{"href":"https:\/\/runtzcartsdisposables.com\/fr\/wp-json\/wp\/v2\/product"}],"about":[{"href":"https:\/\/runtzcartsdisposables.com\/fr\/wp-json\/wp\/v2\/types\/product"}],"replies":[{"embeddable":true,"href":"https:\/\/runtzcartsdisposables.com\/fr\/wp-json\/wp\/v2\/comments?post=281"}],"wp:featuredmedia":[{"embeddable":true,"href":"https:\/\/runtzcartsdisposables.com\/fr\/wp-json\/wp\/v2\/media\/282"}],"wp:attachment":[{"href":"https:\/\/runtzcartsdisposables.com\/fr\/wp-json\/wp\/v2\/media?parent=281"}],"wp:term":[{"taxonomy":"product_cat","embeddable":true,"href":"https:\/\/runtzcartsdisposables.com\/fr\/wp-json\/wp\/v2\/product_cat?post=281"},{"taxonomy":"product_tag","embeddable":true,"href":"https:\/\/runtzcartsdisposables.com\/fr\/wp-json\/wp\/v2\/product_tag?post=281"}],"curies":[{"name":"wp","href":"https:\/\/api.w.org\/{rel}","templated":true}]}}