{"id":287,"date":"2023-01-12T15:55:04","date_gmt":"2023-01-12T15:55:04","guid":{"rendered":"https:\/\/runtzcartsdisposables.com\/?post_type=product&#038;p=287"},"modified":"2024-11-25T20:12:49","modified_gmt":"2024-11-25T20:12:49","slug":"jack-herer","status":"publish","type":"product","link":"https:\/\/runtzcartsdisposables.com\/fr\/product\/jack-herer\/","title":{"rendered":"Jack Herer"},"content":{"rendered":"<h1>Acheter Jack Herer en ligne en Europe<\/h1>\n<p>Acheter Jack Herer en ligne en Europe. Jack Herer est une vari\u00e9t\u00e9 de cannabis \u00e0 dominance sativa qui est devenue aussi connue que son homonyme, l'activiste de la marijuana et auteur de The <a href=\"https:\/\/en.wikipedia.org\/wiki\/The_Emperor_Wears_No_Clothes\" target=\"_blank\" rel=\"noopener\">Emperor Wears No Clothes<\/a>. En combinant un <a href=\"https:\/\/www.leafly.com\/strains\/haze\" target=\"_blank\" rel=\"noopener\">Haze-Hybriden<\/a> mit einer <a href=\"https:\/\/www.ilovegrowingmarijuana.com\/strains\/northern-lights-no-5\/\" target=\"_blank\" rel=\"noopener\">Northern Lights #5<\/a> und einer <a href=\"https:\/\/www.wikileaf.com\/strain\/shiva-skunk\/\" target=\"_blank\" rel=\"noopener\">Shiva Skunk<\/a>-Kreuzung schuf Sensi Seeds Jack Herer in der Hoffnung, sowohl ein zerebrales Hochgef\u00fchl als auch eine starke Harzproduktion zu erreichen. Ihr reicher genetischer Hintergrund f\u00fchrt zu verschiedenen Variationen von Jack-Herer, wobei jeder Ph\u00e4notyp seine eigenen einzigartigen Eigenschaften und Wirkungen hat. Die Konsumenten beschreiben diesen 55%igen Sativa-Hybriden jedoch in der Regel als gl\u00fcckselig, klar im Kopf und kreativ. Hochwertiges Weed online in Europa kaufen<\/p>\n<p>Jack Herer wurde Mitte der 1990er Jahre in den Niederlanden entwickelt, wo sie sp\u00e4ter von niederl\u00e4ndischen Apotheken als anerkannte medizinische Sorte vertrieben wurde. Seitdem hat diese w\u00fcrzige, nach Kiefer duftende Sorte zahlreiche Auszeichnungen f\u00fcr ihre Qualit\u00e4t und Potenz erhalten. Viele Z\u00fcchter haben versucht, diese Hauptsorte in sonnigen oder mediterranen Klimazonen selbst zu z\u00fcchten. Indoor-Z\u00fcchter sollten 50 bis 70 Tage warten, bis Jack-Herer bl\u00fcht. Candy Jack kaufen<\/p>\n<p>&nbsp;<\/p>\n<p>La souche Jack Herer est l'une des plus connues en Am\u00e9rique du Nord. Le <a href=\"https:\/\/www.wikileaf.com\/strain\/shiva-skunk\/\" target=\"_blank\" rel=\"noopener\">Sativa<\/a> erhielt ihren Namen von Jack-Herer, dem Autor von &#8222;Der Kaiser tr\u00e4gt keine Kleider&#8220;. Sein Engagement f\u00fcr die Verbreitung von Pro-Cannabis-Informationen ist weithin bekannt. Er gilt als einer der Vorv\u00e4ter der Legalisierung. Mango Haze kaufen<\/p>\n<p>Gr\u00e2ce \u00e0 Sensi Seeds, la l\u00e9gende de Jack Herer vit dans les foyers de millions de personnes. acheter Jack<\/p>\n<p>Frosties Cookies descend de Northern Lights #5 et de Shiva Skunk. Acheter des aurores bor\u00e9ales<\/p>\n<p>&nbsp;<\/p>\n<p>Esth\u00e9tique<\/p>\n<p>La plupart connaissent Jack Herer pour son impact, mais son apparence n'est pas diff\u00e9rente. Ses bourgeons denses sont remplis de trichomes, ce qui en fait une plante collante. Nous vous recommandons d'utiliser des gants lors de l'\u00e9clatement ou de la coupe. Acheter des biscuits Chapo<\/p>\n<p>Si vous souhaitez ajouter une vari\u00e9t\u00e9 prim\u00e9e \u00e0 votre r\u00e9pertoire, ne cherchez pas plus loin. La liste des troph\u00e9es de Jack Herer est impressionnante. Elle poss\u00e8de actuellement 9 championnats de la Cannabis Cup et d'innombrables autres r\u00e9compenses locales du monde entier. Acheter des cailloux fruit\u00e9s<\/p>\n<p>Avec sa vari\u00e9t\u00e9 paradisiaque de parfums et de saveurs d'agrumes, comment ne pourrait-il pas r\u00e9colter des r\u00e9compenses comme celle-ci ? Pour couronner le tout, fumer Jack Herer produit un arri\u00e8re-go\u00fbt de pin qui me rappelle les for\u00eats luxuriantes du nord-ouest du Pacifique. Les nouveaux arrivants appr\u00e9cieront la fum\u00e9e douce et agr\u00e9able \u00e0 la gorge. Acheter Garrison Lane<\/p>\n<h2>Acheter Jack Herer en ligne en Europe<\/h2>\n<p>Jack Here Effets + Avantages<\/p>\n<p>Une fois consomm\u00e9, l'effet se d\u00e9clenche imm\u00e9diatement. Un l\u00e9ger bourdonnement commence dans la t\u00eate, revigorant les sens et lib\u00e9rant des tonnes d'endorphines. Au fur et \u00e0 mesure que le high progresse, le high se d\u00e9place dans le corps. Pas tant pour d\u00e9capiter l'utilisateur, mais suffisamment pour qu'il se sente d\u00e9tendu et l\u00e9ger. Acheter du diesel acide<\/p>\n<p>Les effets cr\u00e9atifs de Jack sont incomparables. Du moment o\u00f9 la fum\u00e9e frappe la langue jusqu'au moment o\u00f9 le profil cannabino\u00efde entre dans la circulation sanguine, un \u00e9veil artistique a lieu. Entrer dans un \u00e9tat de concentration sur l'art, la musique, l'\u00e9criture et d'autres m\u00e9tiers est transparent. L'activit\u00e9 c\u00e9r\u00e9brale comprend un sentiment d'\u00e9merveillement mondain qui am\u00e8ne l'utilisateur \u00e0 remettre en question son existence. Acheter un g\u00e2teau aux cerises<\/p>\n<p>Warnung: Wenn Ihre Freunde nichts von Ihren tiefgr\u00fcndigen Gedanken \u00fcber Jack-Herer h\u00f6ren wollen, ist es an der Zeit, sich neue Freunde zu suchen! Big Mex Magic Mushroom Online USA<\/p>\n<p>Avertissement : Si vos amis ne veulent pas entendre vos pens\u00e9es profondes sur Jack Herer, il est temps de vous faire de nouveaux amis ! Big Mex Champignon Magique En Ligne USA<\/p>\n<p>Non seulement les qualit\u00e9s cr\u00e9atives et sociales rendent cette vari\u00e9t\u00e9 tr\u00e8s sp\u00e9ciale, mais l'euphorie qu'elle induit aide ceux qui souffrent de d\u00e9pression. Elle transforme la tristesse en fleur, la tristesse en joie. Acheter Skittle Citron<\/p>\n<p>Es ist unn\u00f6tig zu erw\u00e4hnen, dass <a href=\"https:\/\/runtzcartsdisposables.com\/fr\/product\/jack\/\">Jack Herer<\/a> eine gro\u00dfartige Wahl f\u00fcr die Medikation w\u00e4hrend des Tages ist. Ein paar Z\u00fcge und es ist ein Hintergrundrauschen, aber selbst in gr\u00f6\u00dferen Mengen erlaubt die energetisierende Wirkung den Nutzern, mit ihrem Leben weiterzumachen. Kaufen Sie Jack-Herer Online In Europa Kaufen Sie Member Berry.<\/p>","protected":false},"excerpt":{"rendered":"<h2 style=\"text-align: center;\">Jack Herer<\/h2>\n<hr \/>\n<p>Jack Herer est une vari\u00e9t\u00e9 de cannabis \u00e0 dominance sativa qui est devenue aussi connue que son homonyme, l'activiste de la marijuana et auteur de The Emperor Wears No Clothes.<\/p>\n<p>&nbsp;<\/p>","protected":false},"featured_media":288,"comment_status":"open","ping_status":"closed","template":"","meta":{"_monsterinsights_skip_tracking":false,"_monsterinsights_sitenote_active":false,"_monsterinsights_sitenote_note":"","_monsterinsights_sitenote_category":0},"product_cat":[126,127],"product_tag":[155,156,157,158,159],"_links":{"self":[{"href":"https:\/\/runtzcartsdisposables.com\/fr\/wp-json\/wp\/v2\/product\/287"}],"collection":[{"href":"https:\/\/runtzcartsdisposables.com\/fr\/wp-json\/wp\/v2\/product"}],"about":[{"href":"https:\/\/runtzcartsdisposables.com\/fr\/wp-json\/wp\/v2\/types\/product"}],"replies":[{"embeddable":true,"href":"https:\/\/runtzcartsdisposables.com\/fr\/wp-json\/wp\/v2\/comments?post=287"}],"wp:featuredmedia":[{"embeddable":true,"href":"https:\/\/runtzcartsdisposables.com\/fr\/wp-json\/wp\/v2\/media\/288"}],"wp:attachment":[{"href":"https:\/\/runtzcartsdisposables.com\/fr\/wp-json\/wp\/v2\/media?parent=287"}],"wp:term":[{"taxonomy":"product_cat","embeddable":true,"href":"https:\/\/runtzcartsdisposables.com\/fr\/wp-json\/wp\/v2\/product_cat?post=287"},{"taxonomy":"product_tag","embeddable":true,"href":"https:\/\/runtzcartsdisposables.com\/fr\/wp-json\/wp\/v2\/product_tag?post=287"}],"curies":[{"name":"wp","href":"https:\/\/api.w.org\/{rel}","templated":true}]}}