{"id":305,"date":"2023-01-12T18:19:44","date_gmt":"2023-01-12T18:19:44","guid":{"rendered":"https:\/\/runtzcartsdisposables.com\/?post_type=product&#038;p=305"},"modified":"2024-11-25T20:12:44","modified_gmt":"2024-11-25T20:12:44","slug":"maui-wowie","status":"publish","type":"product","link":"https:\/\/runtzcartsdisposables.com\/fr\/product\/maui-wowie\/","title":{"rendered":"Maui wowie"},"content":{"rendered":"<h1>Acheter Maui Wowie en ligne en Albanie<\/h1>\n<p>Maui Wowie online kaufen in Albanien. Maui-Wowie (nicht Maui Waui) ist eine klassische <a href=\"https:\/\/runtzcartsdisposables.com\/index.php\/product-category\/blumen\/sativa-sorte\/\">Sativa<\/a>, deren tropische Aromen und stresslindernde Eigenschaften Sie direkt an die K\u00fcste von Hawaii bringen werden, wo diese Sorte urspr\u00fcnglich herkommt. Seit ihren Anf\u00e4ngen in der vulkanischen Erde der Insel hat sich Maui-Wowie \u00fcber die ganze Welt verbreitet, um uns mit ihren s\u00fc\u00dfen Ananas-Aromen und ihrer hochenergetischen Euphorie zu segnen. Die leichte Wirkung l\u00e4sst Ihren Geist in kreative Fluchten abdriften, w\u00e4hrend die motivierende, aktive Wirkung von Maui Wowie alles ist, was Sie brauchen, um nach drau\u00dfen zu gehen und die Sonne zu genie\u00dfen. Diese gro\u00dfe, schlaksige Sorte eignet sich am besten f\u00fcr den Anbau in warmen, tropischen Klimazonen, die ihre Heimat widerspiegeln, aber eine helle Umgebung und ein n\u00e4hrstoffreicher Boden sind in der Regel ausreichend f\u00fcr den Innenanbau. Cbd Brownies<\/p>\n<h2>Acheter Maui Wowie en ligne en Albanie<\/h2>\n<p>Maui Wowie ist eine Sativa-dominante Sorte, die haupts\u00e4chlich auf den Hawaii-Inseln vorkommt. Die <a href=\"https:\/\/hhcgraskaufen.com\" target=\"_blank\" rel=\"noopener\">Knospen<\/a> der Sorte sind von wundersch\u00f6nen Kristallen bedeckt, die sie f\u00fcr Patienten und Cannabiskonsumenten sehr verlockend aussehen lassen. Was den Geruch betrifft, werden Sie einen Hauch von Kiefer zusammen mit Zitrusfr\u00fcchten und Lavendel bemerken. Au\u00dferdem schmeckt die Sorte wie frisches Haschisch. Dar\u00fcber hinaus ist die Maui-Wowie auch sehr wirksam gegen verschiedene medizinische Beschwerden wie Stress, chronische Schmerzen und Depressionen. Es besteht auch kein Zweifel, dass die Sorte Sie entspannt und energiegeladen f\u00fchlen l\u00e4sst. Big Mex Magic Mushroom Online USA<\/p>\n<p>Kaufen Sie Maui-Wowie online, Die Sorte bietet eine High-End-Euphorie zusammen mit Ananas-Aromen, die Ihren Geist in kreative R\u00e4ume abdriften lassen. Seine Wirkung ist alles, was Sie jemals brauchen werden, um nach drau\u00dfen zu gehen und den ganzen Tag \u00fcber aktiv zu bleiben, weshalb es ein ausgezeichneter Tages- und Morgenrauch ist. Kubanische Magic Mushrooms online kaufen<\/p>\n<p>Le high est assez diff\u00e9rent car il rend votre corps bourdonnant et de bonne humeur. De plus, vous remarquerez \u00e9galement une augmentation de l'attention et de la concentration sans vous sentir bizarre ou inconfortable comme le font les autres vari\u00e9t\u00e9s de cannabis. Voie de la garnison<\/p>","protected":false},"excerpt":{"rendered":"<p>Maui Wowie (pas Maui Waui) est une sativa classique dont les saveurs tropicales et les propri\u00e9t\u00e9s anti-stress vous transporteront directement sur les c\u00f4tes d'Hawa\u00ef, d'o\u00f9 cette vari\u00e9t\u00e9 est originaire. Depuis ses d\u00e9buts dans le sol volcanique de l'\u00eele.<\/p>\n<p>&nbsp;<\/p>","protected":false},"featured_media":306,"comment_status":"open","ping_status":"closed","template":"","meta":{"_monsterinsights_skip_tracking":false,"_monsterinsights_sitenote_active":false,"_monsterinsights_sitenote_note":"","_monsterinsights_sitenote_category":0},"product_cat":[126,127],"product_tag":[165,166,167,168],"_links":{"self":[{"href":"https:\/\/runtzcartsdisposables.com\/fr\/wp-json\/wp\/v2\/product\/305"}],"collection":[{"href":"https:\/\/runtzcartsdisposables.com\/fr\/wp-json\/wp\/v2\/product"}],"about":[{"href":"https:\/\/runtzcartsdisposables.com\/fr\/wp-json\/wp\/v2\/types\/product"}],"replies":[{"embeddable":true,"href":"https:\/\/runtzcartsdisposables.com\/fr\/wp-json\/wp\/v2\/comments?post=305"}],"wp:featuredmedia":[{"embeddable":true,"href":"https:\/\/runtzcartsdisposables.com\/fr\/wp-json\/wp\/v2\/media\/306"}],"wp:attachment":[{"href":"https:\/\/runtzcartsdisposables.com\/fr\/wp-json\/wp\/v2\/media?parent=305"}],"wp:term":[{"taxonomy":"product_cat","embeddable":true,"href":"https:\/\/runtzcartsdisposables.com\/fr\/wp-json\/wp\/v2\/product_cat?post=305"},{"taxonomy":"product_tag","embeddable":true,"href":"https:\/\/runtzcartsdisposables.com\/fr\/wp-json\/wp\/v2\/product_tag?post=305"}],"curies":[{"name":"wp","href":"https:\/\/api.w.org\/{rel}","templated":true}]}}