{"id":317,"date":"2023-01-12T18:32:16","date_gmt":"2023-01-12T18:32:16","guid":{"rendered":"https:\/\/runtzcartsdisposables.com\/?post_type=product&#038;p=317"},"modified":"2024-11-25T20:12:41","modified_gmt":"2024-11-25T20:12:41","slug":"sour-jack","status":"publish","type":"product","link":"https:\/\/runtzcartsdisposables.com\/fr\/product\/sour-jack\/","title":{"rendered":"Sour Jack"},"content":{"rendered":"<h1>Acheter Sour Jack Strain en ligne Su\u00e8de<\/h1>\n<p>Sour Jack Strain Online Schweden kaufen. Sour-Jack in Elmer City bestellen. Sour-Jack, zur H\u00e4lfte <a href=\"https:\/\/www.leafly.com\/strains\/sour-diesel\" target=\"_blank\" rel=\"noopener\">Sour Diesel<\/a> und zur H\u00e4lfte <a href=\"https:\/\/en.wikipedia.org\/wiki\/Jack_Herer\" target=\"_blank\" rel=\"noopener\">Jack Herer<\/a>, tient son nom de ses parents. Elle a d\u00e9velopp\u00e9 une solide r\u00e9putation et se caract\u00e9rise par un ar\u00f4me intense et un effet c\u00e9r\u00e9bral profond. Apr\u00e8s avoir combin\u00e9 les deux <a href=\"https:\/\/runtzcartsdisposables.com\/index.php\/product-category\/blumen\/sativa-sorte\/\">Sativa<\/a>-dominanten Sorten erhalten wir eine erstaunliche Kombination aus tropischen und s\u00fc\u00dfen Aromen, die sich mit scharfen T\u00f6nen von Zitrusfr\u00fcchten und Diesel vermischen. Die erhebende Wirkung kann einen Funken Energie liefern und die k\u00f6rperliche M\u00fcdigkeit minimieren. Sour-Jack ist eine gro\u00dfartige Sorte, um Depressionen zu bek\u00e4mpfen und um Ihnen zu helfen, aktiv zu bleiben.<\/p>","protected":false},"excerpt":{"rendered":"<h3 style=\"text-align: center;\">Sour Jack<\/h3>\n<hr \/>\n<p>Sour-Jack, zur H\u00e4lfte Sour Diesel und zur H\u00e4lfte Jack Herer, hat ihren Namen von ihren Eltern. Sie hat sich einen soliden Ruf erarbeitet und zeichnet sich durch ein intensives Aroma und eine tiefgreifende zerebrale Wirkung aus.<\/p>","protected":false},"featured_media":318,"comment_status":"open","ping_status":"closed","template":"","meta":{"_monsterinsights_skip_tracking":false,"_monsterinsights_sitenote_active":false,"_monsterinsights_sitenote_note":"","_monsterinsights_sitenote_category":0},"product_cat":[126,127],"product_tag":[153,147,173,174,175,176,177],"_links":{"self":[{"href":"https:\/\/runtzcartsdisposables.com\/fr\/wp-json\/wp\/v2\/product\/317"}],"collection":[{"href":"https:\/\/runtzcartsdisposables.com\/fr\/wp-json\/wp\/v2\/product"}],"about":[{"href":"https:\/\/runtzcartsdisposables.com\/fr\/wp-json\/wp\/v2\/types\/product"}],"replies":[{"embeddable":true,"href":"https:\/\/runtzcartsdisposables.com\/fr\/wp-json\/wp\/v2\/comments?post=317"}],"wp:featuredmedia":[{"embeddable":true,"href":"https:\/\/runtzcartsdisposables.com\/fr\/wp-json\/wp\/v2\/media\/318"}],"wp:attachment":[{"href":"https:\/\/runtzcartsdisposables.com\/fr\/wp-json\/wp\/v2\/media?parent=317"}],"wp:term":[{"taxonomy":"product_cat","embeddable":true,"href":"https:\/\/runtzcartsdisposables.com\/fr\/wp-json\/wp\/v2\/product_cat?post=317"},{"taxonomy":"product_tag","embeddable":true,"href":"https:\/\/runtzcartsdisposables.com\/fr\/wp-json\/wp\/v2\/product_tag?post=317"}],"curies":[{"name":"wp","href":"https:\/\/api.w.org\/{rel}","templated":true}]}}