{"id":323,"date":"2023-01-12T18:39:19","date_gmt":"2023-01-12T18:39:19","guid":{"rendered":"https:\/\/runtzcartsdisposables.com\/?post_type=product&#038;p=323"},"modified":"2024-11-25T20:12:40","modified_gmt":"2024-11-25T20:12:40","slug":"strawberry-cough","status":"publish","type":"product","link":"https:\/\/runtzcartsdisposables.com\/fr\/product\/strawberry-cough\/","title":{"rendered":"Strawberry Cough"},"content":{"rendered":"<h1>Acheter la toux de la fraise en ligne<\/h1>\n<p>Acheter Strawberry Toux en ligne. Connue pour sa douce odeur de fraises fra\u00eeches et une sensation de propagation qui peut faire tousser m\u00eame le fumeur le plus aguerri, Strawberry Cough est une vari\u00e9t\u00e9 puissante aux origines g\u00e9n\u00e9tiques myst\u00e9rieuses. Les saveurs de skunk et de baies conqu\u00e9riront vos sens tout en<\/p>\n<p>l'effet c\u00e9r\u00e9bral et \u00e9difiant cr\u00e9e une aura d'euphorie qui ne manquera pas de vous faire sourire. Strawberry Cough est une excellente solution en p\u00e9riode de stress accru.<\/p>\n<p>La vari\u00e9t\u00e9 Strawberry Cough est une sativa pour les \u00e2ges. Il offre tout ce que vous pourriez souhaiter dans une souche matinale et plus encore. Acheter de l'herbe en ligne en Europe<\/p>\n<p>Cette sativa sensationnelle a une histoire particuli\u00e8rement bien document\u00e9e. Elle \u00e9tait de <a href=\"https:\/\/www.facebook.com\/KushmanVeganics\/\" target=\"_blank\" rel=\"noopener\">Kyle Kushman<\/a> d\u00e9velopp\u00e9 \u00e0 partir du croisement de Strawberry Fields et Haze. Apr\u00e8s les avoir perfectionn\u00e9s, il a conduit de New York \u00e0 Los Angeles et a distribu\u00e9 des clones chaque fois qu'il le pouvait dans l'espoir de r\u00e9pandre la souche. Une fois en Californie, il s'est efforc\u00e9 d'augmenter la popularit\u00e9 de la vari\u00e9t\u00e9. Biscuits Chapo<\/p>\n<p>Gr\u00e2ce \u00e0 son travail, Strawberry Cough a r\u00e9chauff\u00e9 les poumons et le c\u0153ur d'innombrables personnes \u00e0 travers le monde.<\/p>\n<p><a href=\"https:\/\/runtzcartsdisposables.com\/fr\/\">Weed online kaufen in Europa<\/a><\/p>\n<h2>Acheter la toux de la fraise en ligne<\/h2>\n<p>Esth\u00e9tique<\/p>\n<p>Le statut l\u00e9gendaire de Strawberry Cough commence par l'ar\u00f4me. Un agr\u00e9able bouquet de fraises irrite les narines, rappelant pourquoi il porte ce nom. Au fur et \u00e0 mesure que la fraise se lave, un soup\u00e7on de poivre aux herbes comble les lacunes. Lemon Zkittle La saveur est en grande partie la m\u00eame, avec un peu de piquant et de douceur. Alors que l'on s'attendrait \u00e0 ce qu'un bourgeon qui a tant \u00e0 offrir en termes de saveur et d'odeur soit une fum\u00e9e douce, malheureusement, on se tromperait. La partie toux du nom est tout aussi valable que la fraise. Citron Zkittle<\/p>\n<p>M\u00eame les utilisateurs chevronn\u00e9s de marijuana tousseront \u00e0 cause de la fum\u00e9e de la vari\u00e9t\u00e9. Kush \u00e0 la fraise<\/p>\n<p>&nbsp;<\/p>\n<p>Fraise Toux Effets + Avantages<\/p>\n<p>Toute vari\u00e9t\u00e9 avec ce profil de saveur remarquable sera un sujet de conversation. Mais m\u00eame si la saveur rivalise avec les meilleures d'entre elles, le buzz est une meilleure repr\u00e9sentation de la vari\u00e9t\u00e9. jack. Au fur et \u00e0 mesure que la quinte de toux diminue et que le high augmente, un high d'euphorie se fait sentir. Beaucoup d\u00e9crivent l'\u00e9v\u00e9nement comme \u00e9clairant ou enrichissant la sagesse. Strawberry Cough est une vari\u00e9t\u00e9 qui encourage les conversations profondes et significatives. Si Platon ou Socrate fumaient du cannabis, ils aimeraient s\u00fbrement cette vari\u00e9t\u00e9. Biscuit Super Og<\/p>\n<p>Coupl\u00e9 au train de pens\u00e9e perspicace, il y a une concentration et une \u00e9nergie qui ne ressemblent \u00e0 rien d'autre. En quelques instants, elle vous met dans un \u00e9tat qui vous pousse \u00e0 poursuivre des objectifs, \u00e0 accomplir des t\u00e2ches et \u00e0 conqu\u00e9rir le monde. ACHETER GROW (par gramme)<\/p>\n<p>Strawberry Cough est une cl\u00e9 de la cr\u00e9ativit\u00e9 et ouvre la porte \u00e0 un monde d'imagination. Cela aide \u00e0 briser les barri\u00e8res qui vous ont pouss\u00e9 \u00e0 rechercher des id\u00e9es. Au lieu de cela, les id\u00e9es coulent \u00e0 travers vous. Le seul probl\u00e8me est de d\u00e9cider lequel adopter et lequel rejeter. Il est \u00e9galement d\u00e9crit comme un psych\u00e9d\u00e9lique l\u00e9ger ressenti par certains. Beignets aux pommes<\/p>\n<p>De nombreuses caract\u00e9ristiques qui font de Strawberry Cough une vari\u00e9t\u00e9 r\u00e9cr\u00e9ative exceptionnelle sont \u00e9galement b\u00e9n\u00e9fiques pour un usage m\u00e9dical. Le stress et la d\u00e9pression peuvent \u00eatre trait\u00e9s gr\u00e2ce \u00e0 ses propri\u00e9t\u00e9s r\u00e9paratrices. M\u00eame les pires tendances baissi\u00e8res s'inversent en un instant. Acheter M\u00e9lange \u00e0 G\u00e2teau\/Minntz<\/p>\n<p>Il a \u00e9t\u00e9 d\u00e9montr\u00e9 que le trouble d\u00e9ficitaire de l'attention, ou ADD, s'am\u00e9liore avec l'utilisation de cette fleur. Veuillez consulter votre m\u00e9decin avant d'arr\u00eater tout m\u00e9dicament. bonbon<\/p>\n<p>La souche Strawberry Cough est une souche unique. Il est parfait pour commencer la journ\u00e9e et vous aider \u00e0 exceller partout o\u00f9 la vie vous m\u00e8ne. Acheter une tarte aux cerises<\/p>\n<p>Bis zu 21-23% THC<\/p>","protected":false},"excerpt":{"rendered":"<h2 style=\"text-align: center;\"><strong>Strawberry Cough<\/strong><\/h2>\n<hr \/>\n<p style=\"text-align: center;\">\n<p>Connue pour sa douce odeur de fraises fra\u00eeches et une sensation de propagation qui peut faire tousser m\u00eame le fumeur le plus aguerri, Strawberry Cough est une vari\u00e9t\u00e9 puissante aux origines g\u00e9n\u00e9tiques myst\u00e9rieuses.<\/p>","protected":false},"featured_media":324,"comment_status":"open","ping_status":"closed","template":"","meta":{"_monsterinsights_skip_tracking":false,"_monsterinsights_sitenote_active":false,"_monsterinsights_sitenote_note":"","_monsterinsights_sitenote_category":0},"product_cat":[126,127],"product_tag":[],"_links":{"self":[{"href":"https:\/\/runtzcartsdisposables.com\/fr\/wp-json\/wp\/v2\/product\/323"}],"collection":[{"href":"https:\/\/runtzcartsdisposables.com\/fr\/wp-json\/wp\/v2\/product"}],"about":[{"href":"https:\/\/runtzcartsdisposables.com\/fr\/wp-json\/wp\/v2\/types\/product"}],"replies":[{"embeddable":true,"href":"https:\/\/runtzcartsdisposables.com\/fr\/wp-json\/wp\/v2\/comments?post=323"}],"wp:featuredmedia":[{"embeddable":true,"href":"https:\/\/runtzcartsdisposables.com\/fr\/wp-json\/wp\/v2\/media\/324"}],"wp:attachment":[{"href":"https:\/\/runtzcartsdisposables.com\/fr\/wp-json\/wp\/v2\/media?parent=323"}],"wp:term":[{"taxonomy":"product_cat","embeddable":true,"href":"https:\/\/runtzcartsdisposables.com\/fr\/wp-json\/wp\/v2\/product_cat?post=323"},{"taxonomy":"product_tag","embeddable":true,"href":"https:\/\/runtzcartsdisposables.com\/fr\/wp-json\/wp\/v2\/product_tag?post=323"}],"curies":[{"name":"wp","href":"https:\/\/api.w.org\/{rel}","templated":true}]}}