{"id":329,"date":"2023-01-12T18:47:40","date_gmt":"2023-01-12T18:47:40","guid":{"rendered":"https:\/\/runtzcartsdisposables.com\/?post_type=product&#038;p=329"},"modified":"2024-11-25T20:12:38","modified_gmt":"2024-11-25T20:12:38","slug":"super-lemon-haze","status":"publish","type":"product","link":"https:\/\/runtzcartsdisposables.com\/fr\/product\/super-lemon-haze\/","title":{"rendered":"Super Lemon Haze"},"content":{"rendered":"<h1>Acheter Super Lemon Haze en ligne en Allemagne<\/h1>\n<p>Achetez Super Lemon Haze en ligne en Allemagne. Un hybride \u00e0 dominante sativa de <a href=\"https:\/\/www.wikileaf.com\/strain\/lemon-skunk\/\" target=\"_blank\" rel=\"noopener\">Lemon Skunk<\/a> und <a href=\"https:\/\/weedmaps.com\/strains\/super-silver-haze\" target=\"_blank\" rel=\"noopener\">Super Silver Haze<\/a> et deux fois vainqueur de la Cannabis Cup de Green House Seeds. Super Lemon Haze est une merveille multicolore infus\u00e9e de kief. Comme son nom l'indique, cette vari\u00e9t\u00e9 poss\u00e8de de v\u00e9ritables propri\u00e9t\u00e9s citronn\u00e9es. L'odeur est piquante, citronn\u00e9e et un peu sucr\u00e9e. C\u00f4t\u00e9 saveur, c'est ce que vous attendez de son homonyme : acidul\u00e9 et sucr\u00e9 comme les bonbons Lemonheads - pas aussi piquant que vous pourriez vous y attendre. L'effet est particuli\u00e8rement \u00e9nergique et vibrant, et n'est peut-\u00eatre pas la meilleure vari\u00e9t\u00e9 pour ceux d'entre nous qui sont naturellement tr\u00e8s tendus. Acheter de la marijuana de qualit\u00e9 sup\u00e9rieure en ligne aux Pays-Bas<\/p>\n<p>La Super Lemon Haze a \u00e9t\u00e9 d\u00e9velopp\u00e9e par la g\u00e9n\u00e9tique ETHOS. En 2008, ils ont re\u00e7u des graines en Hollande directement des s\u00e9lectionneurs de Greenhouse Seed, ce projet est actif depuis 10 ans. Apr\u00e8s avoir appris que le v\u00e9ritable croisement \u00e9tait Jack x Lemon Skunk, et non Super Silver Haze, ils ont commenc\u00e9 avec un m\u00e2le Jack Herer dans Lemon Man's, Lemon Skunk. Apr\u00e8s le premier tour, ils ont r\u00e9alis\u00e9 qu'il s'agissait des parents. Une fois qu'ils ont eu le m\u00e2le, ils l'ont accoupl\u00e9 \u00e0 notre coupe SLH pr\u00e9f\u00e9r\u00e9e et le processus a commenc\u00e9. La Jack domine de nombreuses expressions, mis \u00e0 part une p\u00e9riode de floraison plus rapide et un effet sativa plus d\u00e9tendu. Acheter une tarte aux baies<\/p>\n<p>Profil des cannabino\u00efdes et des terp\u00e8nes : le <a href=\"https:\/\/runtzcartsdisposables.com\/fr\/\">THC<\/a>-Le contenu de Super Lemon Haze est relativement \u00e9lev\u00e9 \u00e0 25 %. Les autres cannabino\u00efdes sont le CBN (0 % \u00e0 0,02 %), le CBG (0,8 % \u00e0 1,7 %), le THCV (0,1 % \u00e0 0,3 %), le CBC (0 % \u00e0 0,1 %) et le CBD (1 % \u00e0 2 %), Votre Altesse .<\/p>\n<h2>Acheter Super Lemon Haze en ligne en Allemagne<\/h2>\n<p>Super Lemon Haze contient des niveaux \u00e9lev\u00e9s de terpinol\u00e8ne, de myrc\u00e8ne, de n\u00e9rolidol et de limon\u00e8ne. Il contient \u00e9galement du caryophyll\u00e8ne, du linalol, de l'humul\u00e8ne, de l'eucalyptol, du terpin\u00e8ne, du pin\u00e8ne et des soins. Acheter des biscuits au th\u00e9 sucr\u00e9<\/p>\n<p>Saveurs\/Ar\u00f4me : Super Lemon Haze a un ar\u00f4me terreux avec des notes d'agrumes, de citron et d'\u00e9pices. Le go\u00fbt est une combinaison de sucr\u00e9, d'acide et d'\u00e9pic\u00e9. Vous pouvez go\u00fbter des notes de bonbon sucr\u00e9, de citron acidul\u00e9 et d'agrumes acidul\u00e9s. acheter Jack<\/p>\n<p>Effets : En tant que vari\u00e9t\u00e9 \u00e0 dominante sativa, vous pouvez vous attendre \u00e0 un fort effet euphorique. Vous ressentirez d'abord un high agr\u00e9able et doux dans la t\u00eate, qui se propagera lentement \u00e0 votre corps, vous laissant d\u00e9tendu mais plein d'\u00e9nergie. Acheter Strawberry Kush<\/p>\n<p>Vous ressentirez \u00e9galement une am\u00e9lioration de votre humeur. Vous vous sentirez plus heureux, plus vivant et plus social, ce qui en fera une bonne vari\u00e9t\u00e9 pour les rassemblements sociaux. Vous vous sentirez \u00e9galement plus cr\u00e9atif et productif. Achetez des champignons magiques cubains en ligne.<\/p>\n<p>Conditions m\u00e9dicinales : Super Lemon Haze est parfaite pour une utilisation de jour. Achetez des jaillisseurs. La douce saveur de citron stimule vos sens tandis que son effet vous dynamise et vous \u00e9l\u00e8ve. Super Lemon Haze est id\u00e9ale pour les personnes qui ont du mal \u00e0 se concentrer sur leurs t\u00e2ches quotidiennes car elle augmente leur concentration et leur cr\u00e9ativit\u00e9. Acheter Biscuit Super Og<\/p>\n<p>Super Lemon Haze a de puissants effets analg\u00e9siques et anti-inflammatoires, ce qui en fait un choix parfait pour les personnes souffrant de douleurs chroniques, de fatigue et d'inflammation. Il peut aider \u00e0 soulager les sympt\u00f4mes de l'arthrite, des maux de t\u00eate, des douleurs chroniques, de la fibromyalgie et des migraines. Acheter de la gel\u00e9e de raisin<\/p>\n<p>Cette vari\u00e9t\u00e9 am\u00e9liore \u00e9galement l'humeur et peut aider \u00e0 stabiliser les pens\u00e9es n\u00e9gatives et les humeurs li\u00e9es \u00e0 la d\u00e9pression et \u00e0 l'anxi\u00e9t\u00e9. L'utilisation de Super Lemon Haze diminue \u00e9galement les naus\u00e9es et les vomissements et peut aider \u00e0 am\u00e9liorer la perte d'app\u00e9tit.<\/p>","protected":false},"excerpt":{"rendered":"<p>Un hybride \u00e0 dominance sativa de Lemon Skunk et Super Silver Haze et deux fois vainqueur de la Cannabis Cup de Green House Seeds. Super Lemon Haze est une merveille multicolore imbib\u00e9e de kief. Comme son nom l'indique, cette vari\u00e9t\u00e9 a de vraies caract\u00e9ristiques citronn\u00e9es.<\/p>\n<p>&nbsp;<\/p>","protected":false},"featured_media":330,"comment_status":"open","ping_status":"closed","template":"","meta":{"_monsterinsights_skip_tracking":false,"_monsterinsights_sitenote_active":false,"_monsterinsights_sitenote_note":"","_monsterinsights_sitenote_category":0},"product_cat":[126,127],"product_tag":[178,179,180,181],"_links":{"self":[{"href":"https:\/\/runtzcartsdisposables.com\/fr\/wp-json\/wp\/v2\/product\/329"}],"collection":[{"href":"https:\/\/runtzcartsdisposables.com\/fr\/wp-json\/wp\/v2\/product"}],"about":[{"href":"https:\/\/runtzcartsdisposables.com\/fr\/wp-json\/wp\/v2\/types\/product"}],"replies":[{"embeddable":true,"href":"https:\/\/runtzcartsdisposables.com\/fr\/wp-json\/wp\/v2\/comments?post=329"}],"wp:featuredmedia":[{"embeddable":true,"href":"https:\/\/runtzcartsdisposables.com\/fr\/wp-json\/wp\/v2\/media\/330"}],"wp:attachment":[{"href":"https:\/\/runtzcartsdisposables.com\/fr\/wp-json\/wp\/v2\/media?parent=329"}],"wp:term":[{"taxonomy":"product_cat","embeddable":true,"href":"https:\/\/runtzcartsdisposables.com\/fr\/wp-json\/wp\/v2\/product_cat?post=329"},{"taxonomy":"product_tag","embeddable":true,"href":"https:\/\/runtzcartsdisposables.com\/fr\/wp-json\/wp\/v2\/product_tag?post=329"}],"curies":[{"name":"wp","href":"https:\/\/api.w.org\/{rel}","templated":true}]}}