{"id":347,"date":"2023-01-12T19:04:03","date_gmt":"2023-01-12T19:04:03","guid":{"rendered":"https:\/\/runtzcartsdisposables.com\/?post_type=product&#038;p=347"},"modified":"2024-11-25T20:12:34","modified_gmt":"2024-11-25T20:12:34","slug":"tropicana-cookies","status":"publish","type":"product","link":"https:\/\/runtzcartsdisposables.com\/fr\/product\/tropicana-cookies\/","title":{"rendered":"Tropicana cookies"},"content":{"rendered":"<h1>Acheter des biscuits Tropicana en ligne en Europe<\/h1>\n<p>Tropicana-Cookies online kaufen in Europa. Gez\u00fcchtet von Oni Seed Co, kreuzt Tropicana-Cookies <a href=\"https:\/\/www.leafly.com\/strains\/gsc?__cf_chl_tk=UiS_HhiyQN9ZeqffigDDWnmpn7ZvwxuuXplcjtmV6yc-1673550196-0-gaNycGzNEKU\" target=\"_blank\" rel=\"noopener\">GSC<\/a> und <a href=\"https:\/\/www.allbud.com\/marijuana-strains\/hybrid\/tangie\" target=\"_blank\" rel=\"noopener\">Tangie<\/a>. Le r\u00e9sultat est une vari\u00e9t\u00e9 \u00e0 dominance sativa avec de fortes notes de mandarine et d'agrumes.<\/p>\n<p>Soutenu par un doux go\u00fbt de biscuit. Attendez-vous \u00e0 des bourgeons violets qui ont des notes de vert fonc\u00e9 avec des poils orange.<\/p>\n<p>Es gibt die ber\u00fcchtigte Tropicanna Cookies, gez\u00fcchtet von Oni Seed Company. Tropicana-Cookies ist eine Kreuzung aus Forum <a href=\"https:\/\/runtzcartsdisposables.com\/fr\/product\/girl-scout-cookies\/\">Girl Scout Cookies<\/a> (GSC) und Tangie. Das Ergebnis ist ein Sativa-dominanter Hybrid mit starken Mandarinen- und Zitrusnoten, die von einem sanften Keksgeschmack unterst\u00fctzt werden. Es gibt einen Grund, warum diese Sorte ber\u00fchmt ist. #tropicannacookies. Strawberry Cookies online kaufen<\/p>\n<p>Tropicana-Cookies F2 ist ein sativadominierter Hybrid (87% Sativa\/23% Indica). Die Sorte wurde durch eine Kreuzung der klassischen South Indian X Skunk #1-Sorten geschaffen. Tropicanna Cookies UK kaufen. Kaufen Sie Marihuana Online In Den Niederlanden<\/p>","protected":false},"excerpt":{"rendered":"<h3 style=\"text-align: center;\">Tropicana cookies<\/h3>\n<hr \/>\n<p>Tropicana Cookies F2 est un hybride \u00e0 dominance sativa (87 % sativa\/23 % indica). La vari\u00e9t\u00e9 a \u00e9t\u00e9 cr\u00e9\u00e9e en croisant les vari\u00e9t\u00e9s classiques South Indian X Skunk #1. Achetez des biscuits Tropicanna au Royaume-Uni.<\/p>","protected":false},"featured_media":348,"comment_status":"open","ping_status":"closed","template":"","meta":{"_monsterinsights_skip_tracking":false,"_monsterinsights_sitenote_active":false,"_monsterinsights_sitenote_note":"","_monsterinsights_sitenote_category":0},"product_cat":[126,127],"product_tag":[190,191,192,193,194],"_links":{"self":[{"href":"https:\/\/runtzcartsdisposables.com\/fr\/wp-json\/wp\/v2\/product\/347"}],"collection":[{"href":"https:\/\/runtzcartsdisposables.com\/fr\/wp-json\/wp\/v2\/product"}],"about":[{"href":"https:\/\/runtzcartsdisposables.com\/fr\/wp-json\/wp\/v2\/types\/product"}],"replies":[{"embeddable":true,"href":"https:\/\/runtzcartsdisposables.com\/fr\/wp-json\/wp\/v2\/comments?post=347"}],"wp:featuredmedia":[{"embeddable":true,"href":"https:\/\/runtzcartsdisposables.com\/fr\/wp-json\/wp\/v2\/media\/348"}],"wp:attachment":[{"href":"https:\/\/runtzcartsdisposables.com\/fr\/wp-json\/wp\/v2\/media?parent=347"}],"wp:term":[{"taxonomy":"product_cat","embeddable":true,"href":"https:\/\/runtzcartsdisposables.com\/fr\/wp-json\/wp\/v2\/product_cat?post=347"},{"taxonomy":"product_tag","embeddable":true,"href":"https:\/\/runtzcartsdisposables.com\/fr\/wp-json\/wp\/v2\/product_tag?post=347"}],"curies":[{"name":"wp","href":"https:\/\/api.w.org\/{rel}","templated":true}]}}