{"id":353,"date":"2023-01-13T05:16:20","date_gmt":"2023-01-13T05:16:20","guid":{"rendered":"https:\/\/runtzcartsdisposables.com\/?post_type=product&#038;p=353"},"modified":"2024-11-25T20:12:32","modified_gmt":"2024-11-25T20:12:32","slug":"afghan-kush","status":"publish","type":"product","link":"https:\/\/runtzcartsdisposables.com\/fr\/product\/afghan-kush\/","title":{"rendered":"Afghan Kush"},"content":{"rendered":"<h1>Acheter Afghan Kush en ligne<\/h1>\n<p>Afghan Kush online kaufen. afghan-kush online bestellen. Die Wurzeln von Afghan-Kush gehen auf die <a href=\"https:\/\/en.wikipedia.org\/wiki\/Hindu_Kush\" target=\"_blank\" rel=\"noopener\">Hindukusch-Bergkette<\/a> pr\u00e8s de la fronti\u00e8re afghano-pakistanaise. Perfectionn\u00e9 au fil des si\u00e8cles, c'est la source ultime de hasch comme <a href=\"https:\/\/www.bushplanet.com\/Charas_Hashish_Infos_Production\" target=\"_blank\" rel=\"noopener\">Charas<\/a> und das <a href=\"https:\/\/www.afghanistan-analysts.org\/en\/reports\/context-culture\/the-myth-of-afghan-black-a-cultural-history-of-cannabis-cultivation-and-hashish-production-in-afghanistan\/\" target=\"_blank\" rel=\"noopener\">klebrige schwarze Afghani-Hasch<\/a>. White Label Seed Company, ein niederl\u00e4ndischer Partner von Sensi Seeds, stellt seine Samen f\u00fcr jedermann zum Anbau zur Verf\u00fcgung. buy strawberry kush Die Knospen von Afghan-Kush entwickeln sich zu massiven, stumpfen Nuggets voller Harz und liefern gro\u00dfe Ertr\u00e4ge. Afghan-Kush wird f\u00fcr ihren hohen Harzgehalt und ihre stark sedierende Wirkung gesch\u00e4tzt und ist die erste Wahl f\u00fcr alle, die sich nach einem langen Tag entspannen wollen. Afghan Kush ist eine ber\u00fcchtigte Landrasse, die ihre Wurzeln in den Gebirgsz\u00fcgen des Hindukusch hat, genauer gesagt an der Grenze zwischen Tadschikistan und Usbekistan.buy sherbinskis<\/p>\n<h2>Acheter Afghan Kush en ligne<\/h2>\n<p>Afghan Kush online kaufen. Afghan-Kush online bestellen. Dieses Kraftpaket von einer <a href=\"https:\/\/runtzcartsdisposables.com\/index.php\/product-category\/blumen\/indica-sorten\/\">Indica<\/a>, das wir alle in Kanada kennen und lieben gelernt haben, ist das Ergebnis von Hunderten von Jahren der Beharrlichkeit des urspr\u00fcnglichen Ph\u00e4notyps, der sich st\u00e4ndig weiterentwickelte und Eigenschaften wie ungew\u00f6hnlich hohe THC-Konzentrationen und K\u00e4lteresistenz entwickelte, um die rauen klimatischen Bedingungen der Region zu \u00fcberleben. Viele Z\u00fcchter schreiben Afghan-Kush als einen der Paten der meisten modernen Indica-Sorten zu, da sie als genetisches &#8222;R\u00fcckgrat&#8220; f\u00fcr viele der entspannenden Effekte verantwortlich ist, die man in typischen Indica-Bl\u00fcten findet Cookies Pre-Rolls kaufen Diese starke Indica wird am meisten f\u00fcr ihre harzigen Knospen und ihren hohen <a href=\"https:\/\/runtzcartsdisposables.com\/fr\/\">THC-Gehalt<\/a> gesch\u00e4tzt, der im Durchschnitt bei etwa 18% liegt, was sie zu einer der beliebtesten Sorten der Einheimischen in den Bergregionen des Hindukusch f\u00fcr Haschisch wie Charas und Afghani Hash macht. Es sollte nicht \u00fcberraschen, dass der betr\u00e4chtliche THC-Gehalt von Afghan-Kush mit dem extrem starken, entspannenden und beruhigenden Rausch korreliert. Nutzer berichten, dass der Rausch mit einem sehr fr\u00f6hlichen und euphorischen Rausch beginnt, der von Lachen und Hunger begleitet wird und dann langsam in einen traum\u00e4hnlichen, entspannten Zustand \u00fcbergeht. buy Obama kush Eine der eigenartigsten Eigenschaften von Afghan Hash ist sein seltenes, ausgepr\u00e4gtes Aroma und Geschmacksprofil. Die Sorte ist bekannt f\u00fcr ihre erdigen Basisnoten und Untert\u00f6ne von scharfem Haschisch, feuchtem Gas\/Benzin und einem Hauch von frischer Kiefer.buy weed online in Europe<\/p>","protected":false},"excerpt":{"rendered":"<h3 style=\"text-align: center;\">Afghan Kush<\/h3>\n<hr \/>\n<p>Die Wurzeln des Afghan-Kush gehen auf das Hindukusch-Gebirge nahe der afghanisch-pakistanischen Grenze zur\u00fcck. Er wurde \u00fcber Jahrhunderte hinweg perfektioniert und ist die ultimative Quelle f\u00fcr Haschisch wie Charas und das klebrige schwarze Afghani-Hasch.<\/p>","protected":false},"featured_media":354,"comment_status":"open","ping_status":"closed","template":"","meta":{"_monsterinsights_skip_tracking":false,"_monsterinsights_sitenote_active":false,"_monsterinsights_sitenote_note":"","_monsterinsights_sitenote_category":0},"product_cat":[126,195],"product_tag":[196,197,198],"_links":{"self":[{"href":"https:\/\/runtzcartsdisposables.com\/fr\/wp-json\/wp\/v2\/product\/353"}],"collection":[{"href":"https:\/\/runtzcartsdisposables.com\/fr\/wp-json\/wp\/v2\/product"}],"about":[{"href":"https:\/\/runtzcartsdisposables.com\/fr\/wp-json\/wp\/v2\/types\/product"}],"replies":[{"embeddable":true,"href":"https:\/\/runtzcartsdisposables.com\/fr\/wp-json\/wp\/v2\/comments?post=353"}],"wp:featuredmedia":[{"embeddable":true,"href":"https:\/\/runtzcartsdisposables.com\/fr\/wp-json\/wp\/v2\/media\/354"}],"wp:attachment":[{"href":"https:\/\/runtzcartsdisposables.com\/fr\/wp-json\/wp\/v2\/media?parent=353"}],"wp:term":[{"taxonomy":"product_cat","embeddable":true,"href":"https:\/\/runtzcartsdisposables.com\/fr\/wp-json\/wp\/v2\/product_cat?post=353"},{"taxonomy":"product_tag","embeddable":true,"href":"https:\/\/runtzcartsdisposables.com\/fr\/wp-json\/wp\/v2\/product_tag?post=353"}],"curies":[{"name":"wp","href":"https:\/\/api.w.org\/{rel}","templated":true}]}}