{"id":365,"date":"2023-01-13T05:30:34","date_gmt":"2023-01-13T05:30:34","guid":{"rendered":"https:\/\/runtzcartsdisposables.com\/?post_type=product&#038;p=365"},"modified":"2024-11-25T20:12:29","modified_gmt":"2024-11-25T20:12:29","slug":"blackberry-kush","status":"publish","type":"product","link":"https:\/\/runtzcartsdisposables.com\/fr\/product\/blackberry-kush\/","title":{"rendered":"Blackberry Kush"},"content":{"rendered":"<h1>Acheter Blackberry Kush en ligne<\/h1>\n<p>Blackberry Kush online kaufen. Blackberry-Kush online bestellen. Diese <a href=\"https:\/\/runtzcartsdisposables.com\/index.php\/product-category\/blumen\/indica-sorten\/\">Indica-Sorte<\/a> est un m\u00e9lange de <a href=\"https:\/\/www.wikileaf.com\/strain\/afghani\/\" target=\"_blank\" rel=\"noopener\">Afghani<\/a> und <a href=\"https:\/\/www.allbud.com\/marijuana-strains\/hybrid\/blackberry\" target=\"_blank\" rel=\"noopener\">Blackberry und<\/a> hat sch\u00f6ne dunkelviolette Knospen mit orangefarbenen Haaren. Die Pflanzen bl\u00fchen nach 7-8 Wochen und sind nicht besonders ertragreich, aber die dichten, harten Nuggets haben durchweg Kristalle. Godfather Og Blackberry-Kush neigt dazu, einen haschigen, Jet Fuel Geruch und Geschmack zu haben, der durch s\u00fc\u00dfe Beeren ausgeglichen wird. Blackberry-Kush wird oft zur Behandlung von Schmerzen empfohlen, da sie eine starke k\u00f6rperliche Wirkung hat. purple punch kaufen Diese haupts\u00e4chlich aus Indica bestehende Sorte ist eine Mischung aus Afghani- und Blackberry-Sorten und hat sch\u00f6ne dunkelviolette Knospen mit orangefarbenen Haaren. Die Pflanzen bl\u00fchen nach 7-8 Wochen und sind nicht besonders ertragreich, aber die dichten, harten Nuggets haben durchweg Kristalle. Blackberry Kush neigt zu einem haschigen, Jet Fuel Geruch und Geschmack, der durch s\u00fc\u00dfe Beeren ausgeglichen wird.kaufen Sour DieselBlackberry Kush wird oft f\u00fcr die Behandlung von Schmerzen dank seiner starken Indica K\u00f6rper Effekte empfohlen. f\u00fcr Patienten, die an einer Reihe von Bedingungen wie CBD Krebs Vorteile, Depressionen und St\u00f6rungen wie chronische Schmerzen, Schlaflosigkeit, \u00dcbelkeit, Appetitlosigkeit, Angst, ADD \/ ADHS, PTBS, oder andere medizinische Bedingungen.kaufen Cookies Pre-Rolls<\/p>\n<h2>Acheter Blackberry Kush en ligne<\/h2>\n<p>Blackberry Kush online kaufen. Blackberry-Kush online bestellen. Die Blackberry-Kush Sorte k\u00f6nnte eine Hybridsorte mit einer leicht umstrittenen Biologie sein. Kaufen Sie Bubblegum Kush Das hei\u00dft, die Sorte ist am besten f\u00fcr ihre sanfte, entspannende Wirkung bekannt. Blackberry-Kush online kaufen<\/p>\n<p>Wenn man sich mit der Genetik der Blackberry-Kush besch\u00e4ftigt, kann man sich leicht in einem Kreis von unsicheren Hinweisen verirren. Ich pers\u00f6nlich bin auf mindestens vier widerspr\u00fcchliche Geschichten \u00fcber die Sorte gesto\u00dfen, und es kann schwierig sein, herauszufinden, welche Erkl\u00e4rung ihre wahren Urspr\u00fcnge darstellt.<\/p>\n<p>Einer Erkl\u00e4rung zufolge ist Blackberry-Kush ein indicadominierter Hybrid, der aus einer Mischung von DJ Short&#8217;s Blueberry und einer afghanischen Highland-Landrasse entstanden ist. Blackberry Kush online kaufen.<\/p>","protected":false},"excerpt":{"rendered":"<p>Kaufen Sie Blackberry Kush online &#8211; die beste Auswahl an hochwertigen Sorten. Erfahren Sie mehr \u00fcber Anbau, Wirkung und Verwendungsm\u00f6glichkeiten.<\/p>","protected":false},"featured_media":366,"comment_status":"open","ping_status":"closed","template":"","meta":{"_monsterinsights_skip_tracking":false,"_monsterinsights_sitenote_active":false,"_monsterinsights_sitenote_note":"","_monsterinsights_sitenote_category":0},"product_cat":[126,195],"product_tag":[199,200,201],"_links":{"self":[{"href":"https:\/\/runtzcartsdisposables.com\/fr\/wp-json\/wp\/v2\/product\/365"}],"collection":[{"href":"https:\/\/runtzcartsdisposables.com\/fr\/wp-json\/wp\/v2\/product"}],"about":[{"href":"https:\/\/runtzcartsdisposables.com\/fr\/wp-json\/wp\/v2\/types\/product"}],"replies":[{"embeddable":true,"href":"https:\/\/runtzcartsdisposables.com\/fr\/wp-json\/wp\/v2\/comments?post=365"}],"wp:featuredmedia":[{"embeddable":true,"href":"https:\/\/runtzcartsdisposables.com\/fr\/wp-json\/wp\/v2\/media\/366"}],"wp:attachment":[{"href":"https:\/\/runtzcartsdisposables.com\/fr\/wp-json\/wp\/v2\/media?parent=365"}],"wp:term":[{"taxonomy":"product_cat","embeddable":true,"href":"https:\/\/runtzcartsdisposables.com\/fr\/wp-json\/wp\/v2\/product_cat?post=365"},{"taxonomy":"product_tag","embeddable":true,"href":"https:\/\/runtzcartsdisposables.com\/fr\/wp-json\/wp\/v2\/product_tag?post=365"}],"curies":[{"name":"wp","href":"https:\/\/api.w.org\/{rel}","templated":true}]}}