{"id":371,"date":"2023-01-13T05:37:32","date_gmt":"2023-01-13T05:37:32","guid":{"rendered":"https:\/\/runtzcartsdisposables.com\/?post_type=product&#038;p=371"},"modified":"2024-11-25T20:12:27","modified_gmt":"2024-11-25T20:12:27","slug":"blaue-mystikerin","status":"publish","type":"product","link":"https:\/\/runtzcartsdisposables.com\/fr\/product\/blaue-mystikerin\/","title":{"rendered":"Blaue Mystikerin"},"content":{"rendered":"<h2>Acheter Blue Mystic \u00e0 Conconully<\/h2>\n<p>Kaufen Sie Blue Mystic in Conconully. bestellen Sie Blue Mystic in Conconully. Blue Mystic ist so geheimnisvoll wie ihr Name schon sagt, mit unbekannter Genetik, die definitiv etwas Blueberry und m\u00f6glicherweise etwas Skunk oder Northern Lights enth\u00e4lt. Diese Pflanzen bl\u00fchen zwischen 7 und 9 <a href=\"https:\/\/hhcgraskaufen\">Wochen<\/a>, mit einer hellblauen F\u00e4rbung, die die trichome.buy Strawnana<\/p>\n<p>les bourgeons couverts semblent presque gris. Elle a l'ar\u00f4me incomparable de Blueberry, mais il est assez subtil par rapport aux autres vari\u00e9t\u00e9s, ce qui en fait un bon choix pour le cultivateur ou le patient qui a besoin de discr\u00e9tion<a href=\"https:\/\/runtzcartsdisposables.com\/fr\/\"> Sweet Tea Cookies<\/a><\/p>\n<h3>Blue Mystic \u00e0 Conconully kaufen<\/h3>","protected":false},"excerpt":{"rendered":"<p>Blue Mystic est aussi myst\u00e9rieuse que son nom l'indique, avec des g\u00e9n\u00e9tiques inconnues qui contiennent certainement de la Blueberry et peut-\u00eatre de la Skunk ou de la Northern Lights.<\/p>","protected":false},"featured_media":372,"comment_status":"open","ping_status":"closed","template":"","meta":{"_monsterinsights_skip_tracking":false,"_monsterinsights_sitenote_active":false,"_monsterinsights_sitenote_note":"","_monsterinsights_sitenote_category":0},"product_cat":[126,195],"product_tag":[202,203,204],"_links":{"self":[{"href":"https:\/\/runtzcartsdisposables.com\/fr\/wp-json\/wp\/v2\/product\/371"}],"collection":[{"href":"https:\/\/runtzcartsdisposables.com\/fr\/wp-json\/wp\/v2\/product"}],"about":[{"href":"https:\/\/runtzcartsdisposables.com\/fr\/wp-json\/wp\/v2\/types\/product"}],"replies":[{"embeddable":true,"href":"https:\/\/runtzcartsdisposables.com\/fr\/wp-json\/wp\/v2\/comments?post=371"}],"wp:featuredmedia":[{"embeddable":true,"href":"https:\/\/runtzcartsdisposables.com\/fr\/wp-json\/wp\/v2\/media\/372"}],"wp:attachment":[{"href":"https:\/\/runtzcartsdisposables.com\/fr\/wp-json\/wp\/v2\/media?parent=371"}],"wp:term":[{"taxonomy":"product_cat","embeddable":true,"href":"https:\/\/runtzcartsdisposables.com\/fr\/wp-json\/wp\/v2\/product_cat?post=371"},{"taxonomy":"product_tag","embeddable":true,"href":"https:\/\/runtzcartsdisposables.com\/fr\/wp-json\/wp\/v2\/product_tag?post=371"}],"curies":[{"name":"wp","href":"https:\/\/api.w.org\/{rel}","templated":true}]}}