{"id":377,"date":"2023-01-13T05:44:22","date_gmt":"2023-01-13T05:44:22","guid":{"rendered":"https:\/\/runtzcartsdisposables.com\/?post_type=product&#038;p=377"},"modified":"2024-11-25T20:12:26","modified_gmt":"2024-11-25T20:12:26","slug":"blue-skittlez","status":"publish","type":"product","link":"https:\/\/runtzcartsdisposables.com\/fr\/product\/blue-skittlez\/","title":{"rendered":"Blue skittlez"},"content":{"rendered":"<h1>Achetez Blue Skittlez en ligne<\/h1>\n<p>Achetez Blue Skittlez en ligne. Commandez Blue Skittlez en ligne. Blue Zkittlez par Dying Breed Seeds est un hybride \u00e0 dominante indica de <a href=\"https:\/\/www.leafly.com\/strains\/blue-diamond\" target=\"_blank\" rel=\"noopener\">Blue Diamond<\/a> und <a href=\"https:\/\/www.leafly.com\/strains\/zkittlez\" target=\"_blank\" rel=\"noopener\">Zkittlez<\/a>. Ce parfum\u00e9 <a href=\"https:\/\/runtzcartsdisposables.com\/index.php\/product-category\/blumen\/\">Blume<\/a> bietet ein Terpenprofil von herben Zitrusfr\u00fcchten, s\u00fc\u00dfer Erde und Wildblumen. Die k\u00f6rperliche Wirkung dieser Sorte ist sanft und m\u00e4\u00dfig sedierend, sie regt den Appetit an, w\u00e4hrend sie auf den Gliedern lastet. Die starke k\u00f6rperliche Wirkung und der erhebende mentale Rausch machen sie zu einer perfekten Sorte f\u00fcr den Feierabend und zu einer guten Erg\u00e4nzung f\u00fcr Leute, die mit Stress, Unruhe und Schmerzen zu k\u00e4mpfen haben.buy Snow Man<\/p>","protected":false},"excerpt":{"rendered":"<h4 style=\"text-align: center;\">Blue skittlez<\/h4>\n<hr \/>\n<p>Blue Zkittlez par Dying Breed Seeds est un croisement \u00e0 dominante indica entre Blue Diamond et Zkittlez. Cette fleur parfum\u00e9e offre un profil terp\u00e9nique d'agrumes acidul\u00e9s, de terre douce et de fleurs sauvages<\/p>","protected":false},"featured_media":378,"comment_status":"open","ping_status":"closed","template":"","meta":{"_monsterinsights_skip_tracking":false,"_monsterinsights_sitenote_active":false,"_monsterinsights_sitenote_note":"","_monsterinsights_sitenote_category":0},"product_cat":[126,195],"product_tag":[205,206,207],"_links":{"self":[{"href":"https:\/\/runtzcartsdisposables.com\/fr\/wp-json\/wp\/v2\/product\/377"}],"collection":[{"href":"https:\/\/runtzcartsdisposables.com\/fr\/wp-json\/wp\/v2\/product"}],"about":[{"href":"https:\/\/runtzcartsdisposables.com\/fr\/wp-json\/wp\/v2\/types\/product"}],"replies":[{"embeddable":true,"href":"https:\/\/runtzcartsdisposables.com\/fr\/wp-json\/wp\/v2\/comments?post=377"}],"wp:featuredmedia":[{"embeddable":true,"href":"https:\/\/runtzcartsdisposables.com\/fr\/wp-json\/wp\/v2\/media\/378"}],"wp:attachment":[{"href":"https:\/\/runtzcartsdisposables.com\/fr\/wp-json\/wp\/v2\/media?parent=377"}],"wp:term":[{"taxonomy":"product_cat","embeddable":true,"href":"https:\/\/runtzcartsdisposables.com\/fr\/wp-json\/wp\/v2\/product_cat?post=377"},{"taxonomy":"product_tag","embeddable":true,"href":"https:\/\/runtzcartsdisposables.com\/fr\/wp-json\/wp\/v2\/product_tag?post=377"}],"curies":[{"name":"wp","href":"https:\/\/api.w.org\/{rel}","templated":true}]}}