{"id":383,"date":"2023-01-13T05:48:26","date_gmt":"2023-01-13T05:48:26","guid":{"rendered":"https:\/\/runtzcartsdisposables.com\/?post_type=product&#038;p=383"},"modified":"2024-11-25T20:12:24","modified_gmt":"2024-11-25T20:12:24","slug":"blueberry-kush","status":"publish","type":"product","link":"https:\/\/runtzcartsdisposables.com\/fr\/product\/blueberry-kush\/","title":{"rendered":"Blueberry kush"},"content":{"rendered":"<h1>Acheter Blueberry Kush \u00e0 Bakersfield<\/h1>\n<p>Acheter Blueberry Kush \u00e0 Bakersfield. Commandez Blueberry Kush \u00e0 Bakersfield. Blueberry Kush est une vari\u00e9t\u00e9 \u00e0 dominance indica qui induit lentement une sensation de lourdeur corporelle, aidant les utilisateurs \u00e0 oublier leur stress et \u00e0 se d\u00e9tendre. Originaire de l'Oregon, cette vari\u00e9t\u00e9 est un hybride de Blueberry et OG Kush, \u00e9vident dans son ar\u00f4me de baies fra\u00eeches avec des notes terreuses \u00e0 base de plantes. Cette vari\u00e9t\u00e9 est une favorite \u00e0 fumer avant de se coucher, avec un effet r\u00eaveur qui vous endormira facilement.acheter Skittles Moonrocks<\/p>\n<p>Blueberry est une vari\u00e9t\u00e9 de marijuana connue pour son go\u00fbt spectaculaire<br \/>\net des aigus euphoriques. La vari\u00e9t\u00e9 a \u00e9t\u00e9 d\u00e9velopp\u00e9e par le s\u00e9lectionneur embl\u00e9matique DJ Short.<br \/>\nBlueberry est un hybride indica de (Purple Thai x Highland Thai) et<br \/>\nAfghan. Lorsqu'elle est cultiv\u00e9e correctement, Blueberry a une teneur en THC d'environ 19,5 % et produira un<br \/>\nBourgeon de qualit\u00e9 et tr\u00e8s dense. La saveur unique de baies de la myrtille et son high apaisant<br \/>\nVari\u00e9t\u00e9 pour les connaisseurs de cannabis du monde entier. Consommateurs de marijuana \u00e0 des fins m\u00e9dicales<br \/>\ntrouver Blueberry \u00e0 la fois un analg\u00e9sique et un analg\u00e9sique. acheter du mimosa<\/p>\n<h2>Blueberry Kush \u00e0 Bakersfield kaufen<\/h2>\n<p>Acheter Blueberry Kush \u00e0 Bakersfield. Commandez Blueberry Kush \u00e0 Bakersfield. Blueberry est un hybride indica populaire et savoureux avec une g\u00e9n\u00e9tique puissante<br \/>\nColonne vert\u00e9brale. C'est un croisement \u00e0 trois entre un parent indica afghan et une sativa<br \/>\nParents de variantes Thai et Purple Thai. La myrtille a \u00e9t\u00e9 d\u00e9velopp\u00e9e \u00e0 l'origine en<br \/>\nd\u00e9velopp\u00e9 dans les ann\u00e9es 1970 ou 80 par DJ Short, un \u00e9leveur secret mais prolifique qui<br \/>\nappel\u00e9 le \u00ab Willy Wonka du pot \u00bb. La myrtille se caract\u00e9rise par un go\u00fbt distinctif<br \/>\nl'odeur et le go\u00fbt frais du bleuet qui en ont fait un favori \u00e9ternel. Acheter Mango Haze<br \/>\nLa myrtille est populaire dans tout le pays. Elle a remport\u00e9 les meilleures notes au High Times en 2000<br \/>\nCannabis Cup pour la meilleure Indica et la meilleure vari\u00e9t\u00e9 globale. La myrtille a un THC<br \/>\nGehalt, der zwischen 15% und 24%<a href=\"https:\/\/runtzcartsdisposables.com\/fr\/product\/og-kush\/\"> liegt<\/a>.<\/p>\n<p>Les t\u00eates de cette vari\u00e9t\u00e9 sont petites et denses, comme on peut s'y attendre d'une<br \/>\nSouche dominante Indica attendue. Les feuilles compactes vert for\u00eat sont souvent tachet\u00e9es<br \/>\nTraces de violet et rouge mouchet\u00e9. Ces derni\u00e8res couleurs sont caus\u00e9es par une forte<br \/>\nNiveaux de pigments, les anthocyanes, dans la g\u00e9n\u00e9tique de cette souche - si<br \/>\nles plantes sont expos\u00e9es \u00e0 des temp\u00e9ratures plus froides que la moyenne pendant la saison de croissance<br \/>\nexpos\u00e9s pendant la saison de croissance, ces pigments sont activ\u00e9s et produisent des tons de couleurs vives. Les feuilles<br \/>\nsind mit fast transparenten Trichomen bedeckt, die schwerer zu sehen sind als die<br \/>\nles glandes laiteuses ou ambr\u00e9es recouvrant des vari\u00e9t\u00e9s r\u00e9sineuses similaires.<br \/>\nCependant, les bourgeons de Blueberry sont tr\u00e8s collants et difficiles \u00e0 taquiner<br \/>\nSoulever \u00e0 la main sans utiliser de broyeur.<\/p>\n<p>L'attrait de cette vari\u00e9t\u00e9 ne se limite pas seulement \u00e0 ses couleurs saisissantes, si<br \/>\nWenn die Bl\u00fcten richtig ausgeh\u00e4rtet sind, verstr\u00f6men sie sofort ein Aroma frischer<br \/>\nBlaubeeren. Dieser s\u00fc\u00dfe und leicht s\u00e4uerliche Geruch hat eine gewisse \u00c4hnlichkeit mit dem<br \/>\nGeruch der Purple Thai Elternsorte. Wenn man die Knospen von Blueberry aufbricht<br \/>\neinige komplexere D\u00fcfte von Gew\u00fcrzen und Moschus, die an afghanische<br \/>\nSorten. Wenn die Knospen direkt verbrannt werden, ist eine gewisse Skunkigkeit zu erkennen. Smoke<br \/>\nist \u00fcberraschend weich f\u00fcr eine Indica und hat einen s\u00fc\u00dfen Blaubeergeschmack beim<br \/>\nBlaubeergeschmack beim Einatmen und Ausatmen ohne nachklingenden Funk.<\/p>\n<p>Souvent d\u00e9crite comme une vari\u00e9t\u00e9 \u00e0 abandonner d'un seul coup, Blueberry est particuli\u00e8rement puissante<br \/>\nm\u00eame pour les amateurs de cannabis chevronn\u00e9s. Les utilisateurs deviendront rapidement un<br \/>\nSensation de lourdeur physique qui survient dans des situations n\u00e9cessitant de la mobilit\u00e9 ou<br \/>\nn\u00e9cessitant mobilit\u00e9 ou coordination. Dans des situations d\u00e9tendues, cette sensation physique peut<br \/>\ntransition vers un calme th\u00e9rapeutique qui permet aux consommateurs de rechercher un<br \/>\nlongue journ\u00e9e ou semaine de travail peut se d\u00e9tendre.<\/p>\n<p>Die Sativa-Genetik sorgt f\u00fcr leichte mentale Effekte, die jedoch eher die<a href=\"https:\/\/kokaindrogekaufen.com\/\" target=\"_blank\" rel=\"noopener\"> Form<\/a><br \/>\nforme d'un soul\u00e8vement euphorique plut\u00f4t que d'une pensivit\u00e9 c\u00e9r\u00e9brale ; Les fumeurs peuvent eux-m\u00eames<br \/>\nse sentir bavard ou m\u00eame rire. A doses suffisamment \u00e9lev\u00e9es, la Myrtille alourdit l'usager<br \/>\nCouch - Elle n'est pas la vari\u00e9t\u00e9 id\u00e9ale pour la productivit\u00e9 et convient mieux \u00e0 la<br \/>\nconvient pour une consommation tranquille en soir\u00e9e. M\u00e9dicalement parlant, Blueberry a presque<br \/>\npropri\u00e9t\u00e9s stup\u00e9fiantes.acheter Mintz<\/p>\n<p>Il est utile pour les personnes souffrant d'affections douloureuses - \u00e0 la fois des douleurs \u00e0 court terme dues \u00e0<br \/>\nDouleur due \u00e0 une blessure ou \u00e0 un effort physique ou chronique<br \/>\ndommage. Il peut \u00e9galement aider \u00e0 att\u00e9nuer certains des sympt\u00f4mes troublants du stress,<br \/>\nSoulager l'anxi\u00e9t\u00e9 et le SSPT en induisant une relaxation physique suffisamment forte pour<br \/>\npour calmer un esprit agit\u00e9 et occup\u00e9.acheter de l'herbe en ligne Europe<\/p>","protected":false},"excerpt":{"rendered":"<h2 style=\"text-align: center;\">Blueberry kush<\/h2>\n<hr \/>\n<p>Blueberry Kush est une vari\u00e9t\u00e9 \u00e0 dominance indica qui induit lentement une sensation de lourdeur corporelle, aidant l'utilisateur \u00e0 oublier son stress et \u00e0 se d\u00e9tendre. Originaire de l'Oregon, cette vari\u00e9t\u00e9 est un hybride de Blueberry et OG Kush, \u00e9vident dans son ar\u00f4me de baies fra\u00eeches avec des notes terreuses \u00e0 base de plantes.<\/p>","protected":false},"featured_media":384,"comment_status":"open","ping_status":"closed","template":"","meta":{"_monsterinsights_skip_tracking":false,"_monsterinsights_sitenote_active":false,"_monsterinsights_sitenote_note":"","_monsterinsights_sitenote_category":0},"product_cat":[126,195],"product_tag":[209,208,210],"_links":{"self":[{"href":"https:\/\/runtzcartsdisposables.com\/fr\/wp-json\/wp\/v2\/product\/383"}],"collection":[{"href":"https:\/\/runtzcartsdisposables.com\/fr\/wp-json\/wp\/v2\/product"}],"about":[{"href":"https:\/\/runtzcartsdisposables.com\/fr\/wp-json\/wp\/v2\/types\/product"}],"replies":[{"embeddable":true,"href":"https:\/\/runtzcartsdisposables.com\/fr\/wp-json\/wp\/v2\/comments?post=383"}],"wp:featuredmedia":[{"embeddable":true,"href":"https:\/\/runtzcartsdisposables.com\/fr\/wp-json\/wp\/v2\/media\/384"}],"wp:attachment":[{"href":"https:\/\/runtzcartsdisposables.com\/fr\/wp-json\/wp\/v2\/media?parent=383"}],"wp:term":[{"taxonomy":"product_cat","embeddable":true,"href":"https:\/\/runtzcartsdisposables.com\/fr\/wp-json\/wp\/v2\/product_cat?post=383"},{"taxonomy":"product_tag","embeddable":true,"href":"https:\/\/runtzcartsdisposables.com\/fr\/wp-json\/wp\/v2\/product_tag?post=383"}],"curies":[{"name":"wp","href":"https:\/\/api.w.org\/{rel}","templated":true}]}}