{"id":420,"date":"2023-01-13T06:20:37","date_gmt":"2023-01-13T06:20:37","guid":{"rendered":"https:\/\/runtzcartsdisposables.com\/?post_type=product&#038;p=420"},"modified":"2024-11-25T20:12:15","modified_gmt":"2024-11-25T20:12:15","slug":"grape-ape","status":"publish","type":"product","link":"https:\/\/runtzcartsdisposables.com\/fr\/product\/grape-ape\/","title":{"rendered":"Grape Ape"},"content":{"rendered":"<h1>Acheter Grape Ape en ligne<\/h1>\n<p>Acheter Grape Ape en ligne. Commandez Grape Ape en ligne. Grape Ape \u00e9lev\u00e9 par <a href=\"https:\/\/www.apothecarygenetics.com\/\" target=\"_blank\" rel=\"noopener\">Apothecary Genetics<\/a> und Barney&#8217;s Farm, ist eine \u00fcberwiegend Indica-Sorte, die <a href=\"https:\/\/www.newsweed.fr\/varietes\/mendocino-purps\/\" target=\"_blank\" rel=\"noopener\">Mendocino Purps<\/a>, Skunk et croisements afghans. Nomm\u00e9 pour son odeur distincte de raisin, celui-ci est <a href=\"https:\/\/runtzcartsdisposables.com\/index.php\/product-category\/blumen\/indica-sorten\/\">Indica<\/a> Connu pour procurer une relaxation l\u00e9g\u00e8re qui peut soulager la douleur, le stress et l'anxi\u00e9t\u00e9. Ses t\u00eates denses et compactes sont entour\u00e9es de feuilles violet fonc\u00e9 qui s'assombrissent lorsque cette indica atteint sa pleine maturit\u00e9 apr\u00e8s sa p\u00e9riode de floraison de 7 \u00e0 8 semaines.<\/p>","protected":false},"excerpt":{"rendered":"<h3 style=\"text-align: center;\">Grape Ape<\/h3>\n<hr \/>\n<p>Grape Ape se caract\u00e9rise par des couleurs saisissantes et des parfums multicouches - c'est une vari\u00e9t\u00e9 avec plus de \"bag appeal\" que la plupart. Les bourgeons sont grands et ont une structure de bourgeon dense avec des feuilles \u00e9troitement enroul\u00e9es<\/p>","protected":false},"featured_media":421,"comment_status":"open","ping_status":"closed","template":"","meta":{"_monsterinsights_skip_tracking":false,"_monsterinsights_sitenote_active":false,"_monsterinsights_sitenote_note":"","_monsterinsights_sitenote_category":0},"product_cat":[126,195],"product_tag":[221,222,223],"_links":{"self":[{"href":"https:\/\/runtzcartsdisposables.com\/fr\/wp-json\/wp\/v2\/product\/420"}],"collection":[{"href":"https:\/\/runtzcartsdisposables.com\/fr\/wp-json\/wp\/v2\/product"}],"about":[{"href":"https:\/\/runtzcartsdisposables.com\/fr\/wp-json\/wp\/v2\/types\/product"}],"replies":[{"embeddable":true,"href":"https:\/\/runtzcartsdisposables.com\/fr\/wp-json\/wp\/v2\/comments?post=420"}],"wp:featuredmedia":[{"embeddable":true,"href":"https:\/\/runtzcartsdisposables.com\/fr\/wp-json\/wp\/v2\/media\/421"}],"wp:attachment":[{"href":"https:\/\/runtzcartsdisposables.com\/fr\/wp-json\/wp\/v2\/media?parent=420"}],"wp:term":[{"taxonomy":"product_cat","embeddable":true,"href":"https:\/\/runtzcartsdisposables.com\/fr\/wp-json\/wp\/v2\/product_cat?post=420"},{"taxonomy":"product_tag","embeddable":true,"href":"https:\/\/runtzcartsdisposables.com\/fr\/wp-json\/wp\/v2\/product_tag?post=420"}],"curies":[{"name":"wp","href":"https:\/\/api.w.org\/{rel}","templated":true}]}}