{"id":426,"date":"2023-01-13T06:26:10","date_gmt":"2023-01-13T06:26:10","guid":{"rendered":"https:\/\/runtzcartsdisposables.com\/?post_type=product&#038;p=426"},"modified":"2024-11-25T20:12:13","modified_gmt":"2024-11-25T20:12:13","slug":"hindu-kush","status":"publish","type":"product","link":"https:\/\/runtzcartsdisposables.com\/fr\/product\/hindu-kush\/","title":{"rendered":"Hindu kush"},"content":{"rendered":"<h1>Acheter Hindu Kush \u00e0 San Jos\u00e9<\/h1>\n<p>Acheter Hindu Kush \u00e0 San Jose. Commandez Hindu Kush \u00e0 San Jose. Cette vari\u00e9t\u00e9 principalement indica est un m\u00e9lange de vari\u00e9t\u00e9s Afghani et Blackberry et a de beaux bourgeons violet fonc\u00e9 avec des poils orange. Les plantes fleurissent en 7-8 semaines et ne sont pas particuli\u00e8rement productives, mais les p\u00e9pites denses et dures ont des cristaux partout. Blackberry Kush a tendance \u00e0 avoir une odeur et un go\u00fbt de hasch \u00e9quilibr\u00e9s par des baies sucr\u00e9es. Blackberry Kush est souvent recommand\u00e9e pour traiter la douleur en raison de ses puissants effets physiques. Acheter une tarte aux cerises<\/p>\n<h2>Acheter Hindu Kush \u00e0 San Jos\u00e9<\/h2>\n<p>Hindu Kush ist ein echter Favorit unter den Marihuana-Konsumenten auf der ganzen Welt, so beliebt, dass diese Sorte sogar in dem Spiel Hempire auftaucht. Die Hindu-Kush. Diese erstaunliche Haschischpflanze ist mit Trichomen bedeckt. Die Hindu-Kush ist eine reine Indica, die einen klassischen Heavy-Body-Effekt hat, Schmerzen lindert und Muskelverspannungen l\u00f6st. Cake Mix\/<a href=\"https:\/\/runtzcartsdisposables.com\/fr\/product\/kush-mint\/\">Mintz kaufen<\/a><\/p>\n<p>R\u00e9sultats test\u00e9s en laboratoire :<br \/>\nTHC: 22%<\/p>\n<p>CBD: 0,1%<\/p>\n<p>Hindu-Kush ist eine reine Indica-Sorte, die in der Hindukusch-Bergkette beheimatet ist, die sich \u00fcber 500 Meilen zwischen Pakistan und Afghanistan erstreckt. Der <a href=\"https:\/\/hhcvapekaufen.com\/\" target=\"_blank\" rel=\"noopener\">THC<\/a>-Gehalt dieser starken Indica schwankt zwischen 14% und 20%. Hindu-Kush hat sich zu einer robusten, harzigen Pflanze entwickelt, um im rauen Hindu-Gebirge zu \u00fcberleben. Das macht sie einfach zu kultivieren und zu einer gro\u00dfartigen Sorte f\u00fcr die Produktion von Haschisch. Hindu Kush hat ein s\u00fc\u00dfes, erdiges Aroma und eignet sich hervorragend zur Schmerzlinderung und Schlaflosigkeit. Hindu-Kush Zum Verkauf Online.buy CANNABIS INFUSED PEPPERMINT BROWNIE<\/p>\n<p>Le climat rigoureux de son pays natal a incit\u00e9 cette vari\u00e9t\u00e9 \u00e0 d\u00e9velopper une \u00e9paisse couche protectrice de trichomes cristallins pris\u00e9s par les fabricants de hasch du monde entier. Avec un subtil ar\u00f4me de bois de santal doux et terreux, l'Hindu Kush induit un profond sentiment de calme qui aide \u00e0 soulager ceux qui souffrent de douleurs, de naus\u00e9es et de troubles li\u00e9s au stress.<\/p>\n<p>Hindu-Kush Online kaufen, ein echter Favorit unter den Marihuana-Konsumenten auf der ganzen Welt, so beliebt, dass diese Sorte sogar in dem Spiel Hempire auftaucht. XXX Og kaufenDiese erstaunliche Haschischpflanze ist mit Trichomen bedeckt. Hindu-Kush ist eine reine Indica, die einen klassischen Heavy-Body-Effekt bietet, w\u00e4hrend sie Schmerzen ausschaltet und Muskelverspannungen lindert.<\/p>","protected":false},"excerpt":{"rendered":"<h3 style=\"text-align: center;\">Hindu kush<\/h3>\n<hr \/>\n<p>Cette vari\u00e9t\u00e9 \u00e0 pr\u00e9dominance indica est un m\u00e9lange de vari\u00e9t\u00e9s Afghani et Blackberry et a de beaux bourgeons violet fonc\u00e9 avec des poils orange. Les plantes fleurissent en 7-8 semaines et ne sont pas particuli\u00e8rement productives, mais les bourgeons denses et durs ont des cristaux partout.<\/p>","protected":false},"featured_media":428,"comment_status":"open","ping_status":"closed","template":"","meta":{"_monsterinsights_skip_tracking":false,"_monsterinsights_sitenote_active":false,"_monsterinsights_sitenote_note":"","_monsterinsights_sitenote_category":0},"product_cat":[126,195],"product_tag":[225,226,224],"_links":{"self":[{"href":"https:\/\/runtzcartsdisposables.com\/fr\/wp-json\/wp\/v2\/product\/426"}],"collection":[{"href":"https:\/\/runtzcartsdisposables.com\/fr\/wp-json\/wp\/v2\/product"}],"about":[{"href":"https:\/\/runtzcartsdisposables.com\/fr\/wp-json\/wp\/v2\/types\/product"}],"replies":[{"embeddable":true,"href":"https:\/\/runtzcartsdisposables.com\/fr\/wp-json\/wp\/v2\/comments?post=426"}],"wp:featuredmedia":[{"embeddable":true,"href":"https:\/\/runtzcartsdisposables.com\/fr\/wp-json\/wp\/v2\/media\/428"}],"wp:attachment":[{"href":"https:\/\/runtzcartsdisposables.com\/fr\/wp-json\/wp\/v2\/media?parent=426"}],"wp:term":[{"taxonomy":"product_cat","embeddable":true,"href":"https:\/\/runtzcartsdisposables.com\/fr\/wp-json\/wp\/v2\/product_cat?post=426"},{"taxonomy":"product_tag","embeddable":true,"href":"https:\/\/runtzcartsdisposables.com\/fr\/wp-json\/wp\/v2\/product_tag?post=426"}],"curies":[{"name":"wp","href":"https:\/\/api.w.org\/{rel}","templated":true}]}}