{"id":439,"date":"2023-01-13T06:35:56","date_gmt":"2023-01-13T06:35:56","guid":{"rendered":"https:\/\/runtzcartsdisposables.com\/?post_type=product&#038;p=439"},"modified":"2024-11-25T20:12:10","modified_gmt":"2024-11-25T20:12:10","slug":"kush-sorbet","status":"publish","type":"product","link":"https:\/\/runtzcartsdisposables.com\/fr\/product\/kush-sorbet\/","title":{"rendered":"Kush sorbet"},"content":{"rendered":"<h1>Acheter Kush Sherbet \u00e0 Los Angeles<\/h1>\n<p>Kaufen Sie Kush-Sorbet in Los Angeles. Bestellen Sie Kush-Sorbet in Los Angeles. Kush-Sorbet ist haupts\u00e4chlich eine Indica-Sorte von Seed Junky und kann drinnen (wo die Pflanzen eine Bl\u00fctezeit von \u00b160 Tagen ben\u00f6tigen) und drau\u00dfen angebaut werden. <a href=\"https:\/\/runtzcartsdisposables.com\/fr\/product\/kurupts-moonrock-prerolls\/\">Seed Junkys<\/a> Kush-Sorbet ist eine<a href=\"https:\/\/lsdkaufenn.com\/\" target=\"_blank\" rel=\"noopener\"> THC<\/a>-dominante Sorte und ist\/war nie als feminisierte Samen erh\u00e4ltlich.<\/p>\n<p>Filiation : Sunset Sherb x Triangle Kush Bx3<\/p>\n<h2>Kush-Sorbet in Los Angeles kaufen<\/h2>","protected":false},"excerpt":{"rendered":"<p>Kush Sorbet est une vari\u00e9t\u00e9 \u00e0 pr\u00e9dominance indica qui nous est propos\u00e9e par Seed Junky Genetics. En tant que croisement entre Sunset Sherbert et Triangle Kush BX3, les cultivateurs doivent s'attendre \u00e0 un temps de croissance d'environ 60 jours.<\/p>\n<p>&nbsp;<\/p>","protected":false},"featured_media":440,"comment_status":"open","ping_status":"closed","template":"","meta":{"_monsterinsights_skip_tracking":false,"_monsterinsights_sitenote_active":false,"_monsterinsights_sitenote_note":"","_monsterinsights_sitenote_category":0},"product_cat":[126,195,351],"product_tag":[203,231,230],"_links":{"self":[{"href":"https:\/\/runtzcartsdisposables.com\/fr\/wp-json\/wp\/v2\/product\/439"}],"collection":[{"href":"https:\/\/runtzcartsdisposables.com\/fr\/wp-json\/wp\/v2\/product"}],"about":[{"href":"https:\/\/runtzcartsdisposables.com\/fr\/wp-json\/wp\/v2\/types\/product"}],"replies":[{"embeddable":true,"href":"https:\/\/runtzcartsdisposables.com\/fr\/wp-json\/wp\/v2\/comments?post=439"}],"wp:featuredmedia":[{"embeddable":true,"href":"https:\/\/runtzcartsdisposables.com\/fr\/wp-json\/wp\/v2\/media\/440"}],"wp:attachment":[{"href":"https:\/\/runtzcartsdisposables.com\/fr\/wp-json\/wp\/v2\/media?parent=439"}],"wp:term":[{"taxonomy":"product_cat","embeddable":true,"href":"https:\/\/runtzcartsdisposables.com\/fr\/wp-json\/wp\/v2\/product_cat?post=439"},{"taxonomy":"product_tag","embeddable":true,"href":"https:\/\/runtzcartsdisposables.com\/fr\/wp-json\/wp\/v2\/product_tag?post=439"}],"curies":[{"name":"wp","href":"https:\/\/api.w.org\/{rel}","templated":true}]}}