{"id":445,"date":"2023-01-13T06:40:29","date_gmt":"2023-01-13T06:40:29","guid":{"rendered":"https:\/\/runtzcartsdisposables.com\/?post_type=product&#038;p=445"},"modified":"2024-11-25T20:12:09","modified_gmt":"2024-11-25T20:12:09","slug":"northern-light","status":"publish","type":"product","link":"https:\/\/runtzcartsdisposables.com\/fr\/product\/northern-light\/","title":{"rendered":"Northern light"},"content":{"rendered":"<h1>Aurore bor\u00e9ale \u00e0 Creston kaufen<\/h1>\n<p>Northern Light in Creston kaufen. Northern-Light in Creston bestellen. Northern-Lights geh\u00f6rt zu den ber\u00fchmtesten Sorten aller Zeiten, eine<a href=\"https:\/\/runtzcartsdisposables.com\/index.php\/product-category\/blumen\/indica-sorten\/\"> reine Indica<\/a>, die f\u00fcr ihre harzigen Knospen, ihre schnelle Bl\u00fcte und ihre Widerstandsf\u00e4higkeit w\u00e4hrend des Wachstums gesch\u00e4tzt wird. Northern-Lights ist ein Nachkomme einheimischer <a href=\"https:\/\/runtzcartsdisposables.com\/index.php\/product\/afghan-kush\/\">afghanischer<\/a> und <a href=\"https:\/\/www.leafly.com\/strains\/thai\" target=\"_blank\" rel=\"noopener\">thail\u00e4ndischer Landrassen<\/a> und hat ber\u00fchmte Hybriden wie Shiva Skunk und Super Silver Haze hervorgebracht. Ger\u00fcchten zufolge keimte Northern-Lights zuerst in der N\u00e4he von Seattle, Washington, wurde aber nach 1985 von Holland aus bei dem heutigen Unternehmen Sensi Seeds vermehrt.<\/p>\n<p>Aus den kristallbeschichteten Knospen, die sich manchmal in violetten Farbt\u00f6nen zeigen, str\u00f6men scharf-s\u00fc\u00dfe, w\u00fcrzige Aromen. Die psychoaktive Wirkung von Northern Lights setzt sich im ganzen K\u00f6rper fest, entspannt die Muskeln und beruhigt den Geist in tr\u00e4umerischer Euphorie. Angenehme Tr\u00e4gheit erlaubt es den Patienten, Schmerzen und Schlaflosigkeit zu lindern, w\u00e4hrend ihre sanfte Zufriedenheit Depressionen und Stress vertreibt. GRN CBD Vanilla Custard CBD Vape Cartridge kaufenEinige verschiedene Ph\u00e4notypen von Norther- Lights kursieren auf dem Markt, aber Sensi Seeds empfiehlt eine allgemeine Indoor-Bl\u00fctezeit von 45 bis 50 Tagen. Moonrocks online kaufen.Frosties Cookies kaufen<\/p>\n<h2>Aurore bor\u00e9ale \u00e0 Creston kaufen<\/h2>\n<p>Northern Light in Creston kaufen. Northern-Light in Creston bestellen. Northern-Lights, fr\u00fcher bekannt als CI #5 F1, ist eine preisgekr\u00f6nte Indica-dominante Sorte. Diese Sorte wird von Z\u00fcchtern, medizinischen Patienten und Freizeitkonsumenten gut angenommen und ist vielleicht eine der beliebtesten Indica-Sorten aller Zeiten. Die Sorte ist in Apotheken an der gesamten Westk\u00fcste und in Colorado erh\u00e4ltlich.buy Girl Scout Cookies<\/p>\n<p>Northern-Lights ist bei vielen als eine Sorte bekannt, die man nach zwei Z\u00fcgen aufgibt und die den K\u00f6rper in einen wunderbar bet\u00e4ubenden, faulen Modus versetzt. Das Verlangen, auf der Couch zu sitzen und dem Ruf des Fressens zu folgen, kann selbst in niedrigeren Dosen f\u00fcr unerfahrene Nutzer \u00fcberw\u00e4ltigend sein.<\/p>\n<p>Ce high physique s'accompagne d'une agr\u00e9able sensation de bien-\u00eatre et de bonheur. Certains utilisateurs exp\u00e9riment\u00e9s signalent \u00e9galement une cr\u00e9ativit\u00e9 et une concentration accrues.acheter Garrison-Lane<\/p>\n<p>Les effets n\u00e9gatifs moyens demeurent : s\u00e9cheresse de la bouche et des yeux, \u00e9tourdissements, parano\u00efa et anxi\u00e9t\u00e9 \u00e0 des doses plus \u00e9lev\u00e9es.<\/p>\n<p>Wie die meisten seiner Indica-basierten Vorfahren und Nachkommen, ist Northern-Lights sehr empfehlenswert f\u00fcr den abendlichen Gebrauch und Schlaflosigkeit.buy Grape Jelly Es ist eine der reinsten Indica-St\u00e4mme um (95 pct. Indica, 5 pct. Sativa), die es eine sehr beruhigende Stamm macht. Sie wird auch oft gew\u00e4hlt, um die Auswirkungen von Stress und Angst zu lindern. Viele w\u00e4hlen sie auch wegen des starken k\u00f6rperlichen Rausches, um ihre Ketten von chronischen Schmerzen zu schw\u00e4chen. Und die stark appetitanregende Wirkung wird genutzt, um Menschen zu helfen, die an Essst\u00f6rungen wie Magersucht leiden.<\/p>\n<p>Die genaue Abstammung und Geschichte von Northern-Light ist geheimnisumwittert, aber man geht allgemein davon aus, dass es sich um eine Mischung aus zwei Landrassen-Bausteinsorten handelt &#8211; Thai und Afghani. Wir wissen, dass die Sorte in Holland perfektioniert wurde und erst in den letzten Jahren ihren Weg nach Amerika gefunden hat.<\/p>","protected":false},"excerpt":{"rendered":"<p>Northern Lights est l'une des vari\u00e9t\u00e9s les plus c\u00e9l\u00e8bres de tous les temps, une pure indica appr\u00e9ci\u00e9e pour ses t\u00eates r\u00e9sineuses, sa floraison rapide et sa r\u00e9sistance pendant la croissance.<\/p>","protected":false},"featured_media":446,"comment_status":"open","ping_status":"closed","template":"","meta":{"_monsterinsights_skip_tracking":false,"_monsterinsights_sitenote_active":false,"_monsterinsights_sitenote_note":"","_monsterinsights_sitenote_category":0},"product_cat":[16],"product_tag":[232,233,234],"_links":{"self":[{"href":"https:\/\/runtzcartsdisposables.com\/fr\/wp-json\/wp\/v2\/product\/445"}],"collection":[{"href":"https:\/\/runtzcartsdisposables.com\/fr\/wp-json\/wp\/v2\/product"}],"about":[{"href":"https:\/\/runtzcartsdisposables.com\/fr\/wp-json\/wp\/v2\/types\/product"}],"replies":[{"embeddable":true,"href":"https:\/\/runtzcartsdisposables.com\/fr\/wp-json\/wp\/v2\/comments?post=445"}],"wp:featuredmedia":[{"embeddable":true,"href":"https:\/\/runtzcartsdisposables.com\/fr\/wp-json\/wp\/v2\/media\/446"}],"wp:attachment":[{"href":"https:\/\/runtzcartsdisposables.com\/fr\/wp-json\/wp\/v2\/media?parent=445"}],"wp:term":[{"taxonomy":"product_cat","embeddable":true,"href":"https:\/\/runtzcartsdisposables.com\/fr\/wp-json\/wp\/v2\/product_cat?post=445"},{"taxonomy":"product_tag","embeddable":true,"href":"https:\/\/runtzcartsdisposables.com\/fr\/wp-json\/wp\/v2\/product_tag?post=445"}],"curies":[{"name":"wp","href":"https:\/\/api.w.org\/{rel}","templated":true}]}}