{"id":458,"date":"2023-01-13T06:53:40","date_gmt":"2023-01-13T06:53:40","guid":{"rendered":"https:\/\/runtzcartsdisposables.com\/?post_type=product&#038;p=458"},"modified":"2024-11-25T20:12:06","modified_gmt":"2024-11-25T20:12:06","slug":"og-kush","status":"publish","type":"product","link":"https:\/\/runtzcartsdisposables.com\/fr\/product\/og-kush\/","title":{"rendered":"OG kush"},"content":{"rendered":"<h1>Acheter OG Kush \u00e0 Coulee Dam<\/h1>\n<p>Kaufen Sie OG Kush in Coulee Dam. Bestellen Sie OG-Kush in Coulee Dam. OG Kush wurde erstmals in den fr\u00fchen 90er Jahren in Florida gez\u00fcchtet, als eine Sorte aus Nordkalifornien mit einer <a href=\"https:\/\/runtzcartsdisposables.com\/index.php\/product\/hindu-kush\/\">Hindu Kush<\/a> La plante d'Amsterdam a \u00e9t\u00e9 crois\u00e9e. Le r\u00e9sultat \u00e9tait un hybride avec un profil terp\u00e9nique unique qui pr\u00e9sente un ar\u00f4me complexe avec des notes de carburant, de skunk et d'\u00e9pices.acheter Banana Runtz<\/p>\n<p>OG Kush, l'\u00e9pine dorsale g\u00e9n\u00e9tique des vari\u00e9t\u00e9s de cannabis de la c\u00f4te ouest, est arriv\u00e9e \u00e0 Los Angeles en 1996<\/p>\n<p>als Matt &#8222;Bubba&#8220; Berger sie (zusammen mit &#8222;The Bubba&#8220;, aus der sp\u00e4ter die ber\u00fchmte Bubba Kush entstand) aus Florida zum legend\u00e4ren Z\u00fcchter Josh D. brachte. Seitdem ist OG-Kush zu einem weltweiten Grundnahrungsmittel geworden, aus dem zahlreiche ber\u00fchmte Sorten wie GSC und Headband entstanden sind. Es gibt viele verschiedene Ph\u00e4notypen von OG Kush, darunter Tahoe OG, SFV OG und Ghost OG.buy Blissfully Baked Brownie<\/p>\n<p>OG-Kush ist eine legend\u00e4re Sorte mit tiefen Wurzeln in der Cannabis-Kultur. Sie wurde in den fr\u00fchen 90er Jahren in Florida als Kreuzung zwischen einer unbekannten nordkalifornischen Sorte und der Hindu Kush gez\u00fcchtet. Die OG-Kush, mit der wir heute vertraut sind, wurde von dem gesch\u00e4tzten Z\u00fcchter Matt &#8222;Bubba&#8220; Berger entwickelt, als er den Forum Cut von OG-Kush mit seiner The Bubba kreuzte. Die THC-Konzentration von OG-Kush liegt zwischen 20% und 25%, was sie f\u00fcr eine Hybridsorte ziemlich potent macht. Das ausgepr\u00e4gte Terpenprofil von OG Kush zeichnet sich durch seine erdigen T\u00f6ne von Gas oder Treibstoff, Skunk und Gew\u00fcrzen aus.buy Berry Pie<\/p>\n<h2>Acheter OG Kush \u00e0 Coulee Dam<\/h2>\n<p>Kaufen Sie OG Kush in Coulee Dam. bestellen Sie OG-Kush in Coulee Dam. OG-Kush ist eine der beliebtesten Cannabis-Sorten \u00fcberhaupt. OG-Kush. Diese Sensation aus den 1990er Jahren ist auch die Basis f\u00fcr viele moderne Hybride. Mit einem THC-Gehalt von bis zu 24% ist es kein Wunder, dass diese Sorte so ber\u00fchmt geworden ist.buy Banana Pound Cake<br \/>\nDiese Sorte wird Sie euphorisch und energiegeladen machen. Sie eignet sich hervorragend zur Behandlung von Depressionen, Stress und chronischen Schmerzzust\u00e4nden.kaufen Ball Family Farms<\/p>\n<h4>R\u00e9sultats test\u00e9s en laboratoire :<\/h4>\n<p>THC: 24%<\/p>\n<p>CBD: 0,1%<\/p>\n<h3>Exp\u00e9rience OG Kush<\/h3>\n<p>OG Kush est l'une des vari\u00e9t\u00e9s les plus populaires. Cependant, leur g\u00e9n\u00e9tique est assez myst\u00e9rieuse. On pense qu'elle provient d'un sac de graines en Floride et qu'elle a ensuite \u00e9t\u00e9 cultiv\u00e9e en Californie par les gens derri\u00e8re Imperial Genetics. On pense qu'il s'agit d'un m\u00e9lange de Chemdawg et d'Hindu Kush. Acheter Banana Lato<\/p>\n<p>Diese Sorte ist ein indicadominierter Hybrid mit einem Kush-\u00e4hnlichen Aroma und einer Knospenstruktur. Obwohl es einige Debatten gibt, wird angenommen, dass &#8222;<a href=\"https:\/\/runtzcartsdisposables.com\/fr\/product\/kurupt-moon-rock\/\">OG<\/a>&#8220; f\u00fcr Ocean Grown steht, eine Hommage an das kalifornische Erbe dieser Sorte. Trotz ihrer mysteri\u00f6sen Urspr\u00fcnge und des Leichentuchs der Cannabis-\u00dcberlieferungen hat OG-Kush nur an Popularit\u00e4t gewonnen. Sowohl Z\u00fcchter als auch Konsumenten k\u00f6nnen die Finger nicht von dieser Sorte lassen.buy Blueberry<\/p>\n<p>OG Kush est connue pour ses effets agr\u00e9ables et euphoriques. De nombreuses personnes souffrant de sautes d'humeur ou de stress chronique adorent cette vari\u00e9t\u00e9 pour le bonheur qu'elle procure. Cet effet exaltant et assomm\u00e9 s'accompagne d'un high indica distinct. Bien que votre humeur puisse \u00eatre l\u00e9g\u00e8re et a\u00e9r\u00e9e, votre corps sera probablement coll\u00e9 au canap\u00e9.acheter Blue skittlez<\/p>\n<p>Auch Freizeitkonsumenten haben Grund, OG-Kush zu lieben. Seine beruhigende Wirkung ist genau das, was man braucht, wenn man nach Hause kommt und sein Lieblingsvideospiel dominieren oder ein entspanntes Abendessen mit Freunden und Familie genie\u00dfen m\u00f6chte. Neue Konsumenten k\u00f6nnten diese Hybride allerdings als etwas zu sedierend empfinden. Ihr THC-Gehalt kann bis zu 24% betragen, was diese Blume ziemlich potent macht.<\/p>\n<p>Wenn sie richtig ausgeh\u00e4rtet ist, hat diese Sorte einen muffigen Geruch, der den Fans anderer Kush-Sorten bekannt vorkommen wird. Dieser Geruch wird noch intensiver, wenn die Knospen aufgebrochen werden, wobei sich Noten von Zitrusfr\u00fcchten und Kiefer dazugesellen. Der w\u00fcrzige Rauch hat die Tendenz, Marihuana-Konsumenten zum Husten zu bringen, w\u00e4hrend das Aroma wahrscheinlich noch lange in der Luft verweilt, nachdem das <a href=\"https:\/\/hhcgraskaufen.com\" target=\"_blank\" rel=\"noopener\">Gras<\/a> weg ist.<\/p>\n<p>Les trichomes sur les bourgeons sont si \u00e9pais que cette vari\u00e9t\u00e9 peut presque ressembler \u00e0 de la neige. Gardez un broyeur \u00e0 proximit\u00e9 si vous voulez broyer cette vari\u00e9t\u00e9 - c'est une herbe collante. Acheter Bubblegum Kush<\/p>\n<h3>Avantages m\u00e9dicinaux de OG Kush<\/h3>\n<p>Diese Sorte bietet die entspannende Wirkung einer Indica mit hohem THC-Gehalt. Diese erfolgreiche Kombination macht OG-Kush zu einer beliebten medizinischen Sorte.<\/p>\n<p>Les personnes souffrant de marijuana m\u00e9dicale souffrant de douleurs, de naus\u00e9es et de migraines trouveront un soulagement avec cette vari\u00e9t\u00e9.<\/p>\n<p>De plus, les personnes atteintes de TDA\/TDAH ont tendance \u00e0 aimer cette vari\u00e9t\u00e9.<\/p>\n<p>Certains pr\u00e9tendent m\u00eame que cette souche peut aider \u00e0 lutter contre la maladie d'Alzheimer. <a href=\"https:\/\/runtzcartsdisposables.com\/fr\/\">weed online kaufen Europa<\/a><\/p>","protected":false},"excerpt":{"rendered":"<p>Entdecken Sie die Welt von OG Kush auf unserer Website. Hochwertige Produkte, umfassende Informationen und alles, was Sie \u00fcber OG Kush wissen m\u00fcssen.<\/p>","protected":false},"featured_media":459,"comment_status":"open","ping_status":"closed","template":"","meta":{"_monsterinsights_skip_tracking":false,"_monsterinsights_sitenote_active":false,"_monsterinsights_sitenote_note":"","_monsterinsights_sitenote_category":0},"product_cat":[195,126],"product_tag":[],"_links":{"self":[{"href":"https:\/\/runtzcartsdisposables.com\/fr\/wp-json\/wp\/v2\/product\/458"}],"collection":[{"href":"https:\/\/runtzcartsdisposables.com\/fr\/wp-json\/wp\/v2\/product"}],"about":[{"href":"https:\/\/runtzcartsdisposables.com\/fr\/wp-json\/wp\/v2\/types\/product"}],"replies":[{"embeddable":true,"href":"https:\/\/runtzcartsdisposables.com\/fr\/wp-json\/wp\/v2\/comments?post=458"}],"wp:featuredmedia":[{"embeddable":true,"href":"https:\/\/runtzcartsdisposables.com\/fr\/wp-json\/wp\/v2\/media\/459"}],"wp:attachment":[{"href":"https:\/\/runtzcartsdisposables.com\/fr\/wp-json\/wp\/v2\/media?parent=458"}],"wp:term":[{"taxonomy":"product_cat","embeddable":true,"href":"https:\/\/runtzcartsdisposables.com\/fr\/wp-json\/wp\/v2\/product_cat?post=458"},{"taxonomy":"product_tag","embeddable":true,"href":"https:\/\/runtzcartsdisposables.com\/fr\/wp-json\/wp\/v2\/product_tag?post=458"}],"curies":[{"name":"wp","href":"https:\/\/api.w.org\/{rel}","templated":true}]}}