{"id":476,"date":"2023-01-13T07:06:48","date_gmt":"2023-01-13T07:06:48","guid":{"rendered":"https:\/\/runtzcartsdisposables.com\/?post_type=product&#038;p=476"},"modified":"2024-11-25T20:12:01","modified_gmt":"2024-11-25T20:12:01","slug":"peanut-butter-breath","status":"publish","type":"product","link":"https:\/\/runtzcartsdisposables.com\/fr\/product\/peanut-butter-breath\/","title":{"rendered":"Peanut butter Breath"},"content":{"rendered":"<h2>Acheter Breath Peanut Butter Cookies en ligne<\/h2>\n<p>Acheter Souffle de biscuits au beurre de cacahu\u00e8te en ligne. Commandez des biscuits aux arachides en ligne. Peanut Butter Breath est une vari\u00e9t\u00e9 hybride rare et \u00e9quilibr\u00e9e (50% <a href=\"https:\/\/runtzcartsdisposables.com\/index.php\/product-category\/blumen\/indica-sorten\/\">Indica<\/a>\/50% <a href=\"https:\/\/runtzcartsdisposables.com\/index.php\/product-category\/blumen\/sativa-sorte\/\">Sativa<\/a>), qui a \u00e9t\u00e9 cr\u00e9\u00e9 en croisant les souches classiques Dosidos X Mendobreath F2. Le nom dit tout avec cette vari\u00e9t\u00e9 - le go\u00fbt est de noisette et de terre avec une riche nuance herbac\u00e9e. L'ar\u00f4me suit le m\u00eame profil, avec une connotation terreuse et v\u00e9g\u00e9tale accentu\u00e9e par une riche noisette. D\u00e8s que vous expirez, la respiration au beurre de cacahu\u00e8te entre en action. Il commence par un soul\u00e8vement c\u00e9r\u00e9bral avant de se propager au reste de votre corps en vagues d'\u00e9nergie picotantes. Ce picotement commence dans le cou et la colonne vert\u00e9brale avant de se propager dans tout le corps, vous laissant d\u00e9sesp\u00e9r\u00e9ment d\u00e9tendu. Achetez des champignons magiques cubains en ligne.<\/p>\n<p>Hybrid -50% Sativa \/50% Indica<br \/>\nTHC: 28%.<br \/>\nXanax Pillen 2MG Online kaufen<\/p>\n<h3>Acheter Breath Peanut Butter Cookies en ligne<\/h3>\n<p>Acheter Souffle de biscuits au beurre de cacahu\u00e8te en ligne. Commandez des biscuits au beurre de cacahu\u00e8te en ligne. Peanut Butter Breath est une vari\u00e9t\u00e9 hybride connue pour ses effets calmants. Crois\u00e9e avec Do-Si-Dos et Mendo Breath, Peanut Butter Breath a un profil de terp\u00e8ne unique de noisette et de terre lorsqu'elle est fum\u00e9e. Hormis les terp\u00e8nes, cette vari\u00e9t\u00e9 vous met dans un \u00e9tat de calme et de relaxation. Originaire de ThugPug Genetics, Peanut Butter Breath est tr\u00e8s populaire et il existe de nombreux croisements Do-Si-Dos et Mendo Breath - l'\u00e9leveur Clout King en a un appel\u00e9 'Peanut Butter Cup'.<\/p>\n<p>Les s\u00e9lectionneurs de ThugPug Genetics ont crois\u00e9 DoSiDos avec Mendo Breath F2 (Studly Spewright) de Gage Green Genetics pour cr\u00e9er Peanut Butter Breath. On dit que cette vari\u00e9t\u00e9 a un profil de saveur bois\u00e9e et herbac\u00e9e. Selon la banque de graines The Dank Bank, la Peanut Butter Breath pousse en hauteur et produit des bourgeons vert vif au cours d'un cycle de floraison de huit \u00e0 neuf semaines. Les bourgeons de Peanut Butter Breath sont g\u00e9n\u00e9ralement couverts de trichomes et de stigmates rouge vif qui d\u00e9veloppent parfois des teintes violettes sur toute la surface de la fleur.<\/p>\n<p>Wenn Sie ein Fan von Erdnussbutter sind, dann k\u00f6nnte Peanut Butter Breath eine Ihrer Lieblingssorten werden. Ihr Terpenprofil verleiht ihr einen nussigen und erdigen Geschmack, wenn Sie ausatmen, als h\u00e4tten Sie gerade ein paar Erdn\u00fcsse genossen, die frisch aus der Erde <a href=\"https:\/\/hhcgraskaufen.com\" target=\"_blank\" rel=\"noopener\">geholt<\/a> wurden. Lassen Sie sich nicht von ihrem Geruch t\u00e4uschen, der eher pflanzlich ist, diese Sorte hat ihren Namen nicht aus der Luft gegriffen.<\/p>\n<p>La g\u00e9n\u00e9tique de Peanut Butter Breath provient de la combinaison de Do-Si-Dos et de Mendobreath, ce qui laisse d\u00e9j\u00e0 entrevoir \u00e0 quel point la saveur de cacahu\u00e8te sera forte. Acheter HASH<\/p>\n<p>Bien que cette vari\u00e9t\u00e9 soit class\u00e9e comme un hybride 50\/50, ce qui signifie qu'elle induit les effets \u00e9quilibr\u00e9s des sativas et des indicas, de nombreux utilisateurs ont ressenti une sensation indica plus forte, les laissant l\u00e9thargiques et affam\u00e9s. C'est une bonne id\u00e9e d'avoir quelques collations \u00e0 port\u00e9e de main lorsque vous fumez cette vari\u00e9t\u00e9 et de boire beaucoup de liquides car cela peut provoquer une s\u00e9cheresse de la bouche. Parce que les utilisateurs disent qu'il induit une relaxation puissante dans tout le corps, ils d\u00e9clarent pr\u00e9f\u00e9rer que l'haleine au beurre de cacahu\u00e8te soit prise davantage le soir ou la nuit, lorsqu'ils ont termin\u00e9 des t\u00e2ches importantes et sont pr\u00eats \u00e0 se pr\u00e9parer pour la journ\u00e9e pour se d\u00e9tendre. Si vous d\u00e9cidez d'essayer et que vous \u00eates avec d'autres en fumant cette vari\u00e9t\u00e9, vous pourriez avoir des rires suppl\u00e9mentaires,<\/p>\n<p>Peanut Butter Breath est utilis\u00e9 par certains pour soulager les sympt\u00f4mes de la gueule de bois. Donc, si vous vous r\u00e9veillez le matin avec des naus\u00e9es ou des maux de t\u00eate et que vous n'avez pas de projets imm\u00e9diats, l'haleine au beurre d'arachide peut vous aider.<\/p>\n<p>Apr\u00e8s avoir ouvert votre paquet de Peanut Butter Breath et vous \u00eatre laiss\u00e9 aller \u00e0 l'ar\u00f4me, vous constaterez qu'un lot bien cultiv\u00e9 offre de fines p\u00e9pites de couleur claire, avec seulement quelques pistils orange fonc\u00e9 qui apparaissent ici et l\u00e0. La quantit\u00e9 id\u00e9ale de trichomes devrait donner l'impression qu'elle est couverte de givre. <a href=\"https:\/\/runtzcartsdisposables.com\/fr\/\">Big Mex Magic Mushroom Online USA.<\/a><\/p>\n<p>&nbsp;<\/p>","protected":false},"excerpt":{"rendered":"<p>Peanut Butter Breath est une vari\u00e9t\u00e9 hybride connue pour ses effets s\u00e9datifs. Crois\u00e9e avec Do-Si-Dos et Mendo Breath, Peanut Butter Breath a un profil de terp\u00e8ne unique de noisette et de terre lorsqu'elle est fum\u00e9e.<\/p>\n<p>&nbsp;<\/p>","protected":false},"featured_media":477,"comment_status":"open","ping_status":"closed","template":"","meta":{"_monsterinsights_skip_tracking":false,"_monsterinsights_sitenote_active":false,"_monsterinsights_sitenote_note":"","_monsterinsights_sitenote_category":0},"product_cat":[126,195,351],"product_tag":[202,233,235],"_links":{"self":[{"href":"https:\/\/runtzcartsdisposables.com\/fr\/wp-json\/wp\/v2\/product\/476"}],"collection":[{"href":"https:\/\/runtzcartsdisposables.com\/fr\/wp-json\/wp\/v2\/product"}],"about":[{"href":"https:\/\/runtzcartsdisposables.com\/fr\/wp-json\/wp\/v2\/types\/product"}],"replies":[{"embeddable":true,"href":"https:\/\/runtzcartsdisposables.com\/fr\/wp-json\/wp\/v2\/comments?post=476"}],"wp:featuredmedia":[{"embeddable":true,"href":"https:\/\/runtzcartsdisposables.com\/fr\/wp-json\/wp\/v2\/media\/477"}],"wp:attachment":[{"href":"https:\/\/runtzcartsdisposables.com\/fr\/wp-json\/wp\/v2\/media?parent=476"}],"wp:term":[{"taxonomy":"product_cat","embeddable":true,"href":"https:\/\/runtzcartsdisposables.com\/fr\/wp-json\/wp\/v2\/product_cat?post=476"},{"taxonomy":"product_tag","embeddable":true,"href":"https:\/\/runtzcartsdisposables.com\/fr\/wp-json\/wp\/v2\/product_tag?post=476"}],"curies":[{"name":"wp","href":"https:\/\/api.w.org\/{rel}","templated":true}]}}