{"id":482,"date":"2023-01-14T12:09:05","date_gmt":"2023-01-14T12:09:05","guid":{"rendered":"https:\/\/runtzcartsdisposables.com\/?post_type=product&#038;p=482"},"modified":"2024-11-25T20:11:59","modified_gmt":"2024-11-25T20:11:59","slug":"pineapple-kush","status":"publish","type":"product","link":"https:\/\/runtzcartsdisposables.com\/fr\/product\/pineapple-kush\/","title":{"rendered":"Pineapple kush"},"content":{"rendered":"<h1>Achetez Pineapple Kush \u00e0 Aberdeen.<\/h1>\n<p>Achetez Pineapple Kush \u00e0 Aberdeen. Commandez Pineapple Kush en ligne. Pineapple Kush est une vari\u00e9t\u00e9 de cannabis qui a un ar\u00f4me d'ananas avec des notes de caramel et de beurre. Le go\u00fbt est d\u00e9crit comme une saveur subtile d'ananas sucr\u00e9 avec une nuance de menthe. Le s\u00e9lectionneur de cette vari\u00e9t\u00e9 est inconnu, mais les vari\u00e9t\u00e9s parentes sont Pineapple et Master Kush. Les bourgeons sont de couleur marron\/vert et recouverts de cristaux de couleur ambre. acheter Paris ogLe buzz est g\u00e9n\u00e9ralement d\u00e9crit comme c\u00e9r\u00e9bral avec une sensation corporelle l\u00e9g\u00e8re.acheter Pluto Cookies<\/p>\n<p>Purple Punch est la fusion douce et apaisante de deux classiques \u00e0 dominance indica. Le croisement de Larry OG avec Granddaddy Purple a donn\u00e9 la Purple Punch incroyablement charg\u00e9e de trichomes, qui sent le bonbon au raisin, les muffins aux myrtilles et la tarte Kool-Aid. La puissance de cette vari\u00e9t\u00e9 donne \u00e0 l'utilisateur un double coup \u00e0 la t\u00eate et au corps, atterrissant d'abord entre les yeux puis s'installant dans les membres. Purple Punch est une d\u00e9licieuse vari\u00e9t\u00e9 de dessert id\u00e9ale pour le d\u00eener. Ses effets peuvent aider \u00e0 g\u00e9rer les naus\u00e9es, le stress, les courbatures l\u00e9g\u00e8res et l'insomnie. Acheter du punch violet<\/p>\n<h2>Pineapple Kush in Aberdeen kaufen<\/h2>\n<p>Achetez Pineapple Kush \u00e0 Aberdeen. commander Pineapple Kush \u00e0 Aberdeen. Hybride \u00e0 dominante indica \u2013 80 % indica \/ 20 % sativa<br \/>\nTHC: 18% &#8211; 20%, CBD: 1%<br \/>\nPurple Punch ist ein seltener Indica-dominanter Hybrid (80% Indica\/20% Sativa), der durch Kreuzung der klassischen Larry OG mit der k\u00f6stlich potenten Grand Daddy Purps entstanden ist. Mit einem Doppelschlag an euphorisierenden Effekten und einem super hohen durchschnittlichen THC-Gehalt von 18-20% werden Sie den Knockout-Rausch von Purple Punch fast sofort sp\u00fcren. kaufen Sie Purple Og kush. Du wirst einen Schlag der Euphorie sp\u00fcren, gefolgt von einem berauschenden Auftrieb, der Dich in einen Zustand reinen Gl\u00fccks versetzt. W\u00e4hrend Ihr Geist h\u00f6her und h\u00f6her klettert, beginnt Ihr K\u00f6rper in einen entspannenden Zustand abzudriften, der sehr beruhigend und berauschend ist und oft zu einem langen und friedlichen Schlaf f\u00fchrt. In Kombination mit dem hohen THC-Gehalt machen diese Effekte Purple Punch perfekt, um die Auswirkungen von Schlaflosigkeit, chronischem Stress, \u00dcbelkeit, chronischen Schmerzen und Depressionen zu bek\u00e4mpfen. buy Grape ApeThis <a href=\"https:\/\/hhc.supplies\/\" target=\"_blank\" rel=\"noopener\">Knospe<\/a> hat flauschige \u00fcbergro\u00dfe helle neongr\u00fcne Nuggets mit sp\u00e4rlichen roten orangefarbenen Haaren und einer Beschichtung von frostigen winzigen bernsteinfarbenen Kristalltrichomen.buy Granddaddy <a href=\"https:\/\/runtzcartsdisposables.com\/fr\/product\/granddaddy-purple\/\">Purple<\/a> Wenn Sie jedes kleine Nugget auseinander brechen, werden Aromen von erdigen Blaubeeren und Trauben freigesetzt, akzentuiert durch einen s\u00fc\u00dfen kr\u00e4uterartigen Oberton. Der Geschmack ist sehr s\u00fc\u00df mit einer Vanille Heidelbeere Geschmack, der einen Hauch von leicht sauren Trauben candy.buy weed online in Europa hat<\/p>\n<p>&nbsp;<\/p>","protected":false},"excerpt":{"rendered":"<h3 style=\"text-align: center;\">Pineapple kush<\/h3>\n<hr \/>\n<p>Pineapple Kush est une vari\u00e9t\u00e9 de cannabis qui a un ar\u00f4me d'ananas avec des notes de caramel et de beurre. Le go\u00fbt est d\u00e9crit comme une saveur subtile d'ananas sucr\u00e9 avec une nuance de menthe. Bien que le s\u00e9lectionneur de cette vari\u00e9t\u00e9 soit inconnu, ses vari\u00e9t\u00e9s parentes sont Pineapple et Master Kush.<\/p>","protected":false},"featured_media":483,"comment_status":"open","ping_status":"closed","template":"","meta":{"_monsterinsights_skip_tracking":false,"_monsterinsights_sitenote_active":false,"_monsterinsights_sitenote_note":"","_monsterinsights_sitenote_category":0},"product_cat":[126,195],"product_tag":[],"_links":{"self":[{"href":"https:\/\/runtzcartsdisposables.com\/fr\/wp-json\/wp\/v2\/product\/482"}],"collection":[{"href":"https:\/\/runtzcartsdisposables.com\/fr\/wp-json\/wp\/v2\/product"}],"about":[{"href":"https:\/\/runtzcartsdisposables.com\/fr\/wp-json\/wp\/v2\/types\/product"}],"replies":[{"embeddable":true,"href":"https:\/\/runtzcartsdisposables.com\/fr\/wp-json\/wp\/v2\/comments?post=482"}],"wp:featuredmedia":[{"embeddable":true,"href":"https:\/\/runtzcartsdisposables.com\/fr\/wp-json\/wp\/v2\/media\/483"}],"wp:attachment":[{"href":"https:\/\/runtzcartsdisposables.com\/fr\/wp-json\/wp\/v2\/media?parent=482"}],"wp:term":[{"taxonomy":"product_cat","embeddable":true,"href":"https:\/\/runtzcartsdisposables.com\/fr\/wp-json\/wp\/v2\/product_cat?post=482"},{"taxonomy":"product_tag","embeddable":true,"href":"https:\/\/runtzcartsdisposables.com\/fr\/wp-json\/wp\/v2\/product_tag?post=482"}],"curies":[{"name":"wp","href":"https:\/\/api.w.org\/{rel}","templated":true}]}}