{"id":488,"date":"2023-01-14T12:13:39","date_gmt":"2023-01-14T12:13:39","guid":{"rendered":"https:\/\/runtzcartsdisposables.com\/?post_type=product&#038;p=488"},"modified":"2024-11-25T20:11:58","modified_gmt":"2024-11-25T20:11:58","slug":"platinum-og","status":"publish","type":"product","link":"https:\/\/runtzcartsdisposables.com\/fr\/product\/platinum-og\/","title":{"rendered":"Platinum Og Cali"},"content":{"rendered":"<h1>Platinum og cali in Amira kaufen<\/h1>\n<p>platinum og cali in Amira kaufen. Platin OG in Amira bestellen. Platinum OG ist genauso wertvoll wie das Metall, nach dem sie benannt ist. Dieser <a href=\"https:\/\/runtzcartsdisposables.com\/index.php\/product-category\/blumen\/indica-sorten\/\">Indica-dominante<\/a> Hybrid pr\u00e9tend \u00eatre l'une des vari\u00e9t\u00e9s \"les plus lourdes\" qui existent. <a href=\"https:\/\/www.leafly.com\/strains\/platinum-og?__cf_chl_tk=4slfV0DQZTCDtbK270ptJZ47UjFQqa_Gxn0j7bcT0ro-1673698407-0-gaNycGzND70\" target=\"_blank\" rel=\"noopener\">Platinum OG<\/a> est dit descendre de trois souches : Master Kush, OG Kush et un troisi\u00e8me parent inconnu. acheter <a href=\"https:\/\/runtzcartsdisposables.com\/index.php\/product\/obama-kush\/\">Obama kush<\/a>. Les fleurs sont vert lime et dodues, avec voyantes. acheter orange kush<\/p>\n<p>Des poils oranges et un rev\u00eatement platine gr\u00e2ce aux nombreux cristaux de THC. Un d\u00e9but court et capiteux se transforme en une forte s\u00e9dation physique adapt\u00e9e \u00e0 une utilisation nocturne et pour soulager la douleur, le stress ou l'anxi\u00e9t\u00e9, faisant de cette pr\u00e9cieuse vari\u00e9t\u00e9 un gu\u00e9risseur robuste.<\/p>\n<p>Die Wirkungen von Platinum OG Cali sind anfangs eher hoch, erhebend und beruhigend f\u00fcr den Geist, aber sie schw\u00e4chen sich schnell ab und haben oft eine sedierende Wirkung auf die Nutzer und sollten mit Vorsicht verwendet werden. Aus diesem Grund eignet sie sich hervorragend zur n\u00e4chtlichen Behandlung von Depressionen, Stress und Angstzust\u00e4nden. Der narkose\u00e4hnliche K\u00f6rperrausch kann auch chronische Schmerzen, Muskelkr\u00e4mpfe und Schlaflosigkeit behandeln. Es kann auch helfen, Migr\u00e4ne und die Auswirkungen anderer Stimmungsst\u00f6rungen zu lindern.buy Pineapple Express<\/p>\n<p>Exp\u00e9rience Platinum OG<br \/>\nCependant, compte tenu de sa puissance, la prudence est recommand\u00e9e, sinon un verrouillage confortable du canap\u00e9 pourrait se transformer en une sensation de vertige et de submersion.<\/p>\n<h3>Acheter Platinum OG \u00e0 Amira<\/h3>\n<p>Platinum OG in Amira kaufen. platinum OG cali in Amira bestellen. Wenn sich Liebhaber f\u00fcr diese Sorte entscheiden, sollten sie f\u00fcr den Rest des Tages nicht mehr viel vorhaben. Es handelt sich definitiv um ein Nachtkraut, das den Konsumenten recht schnell \u00fcberw\u00e4ltigt. Nach einem kurzen mentalen Vorspiel wird es intensiv beruhigend. Pineapple kush kaufen<\/p>\n<p>Les utilisateurs d\u00e9crivent une sensation de chaleur liquide et de pure tranquillit\u00e9, avec une disparition totale du stress et de la douleur. Une mentalit\u00e9 sativa persiste en dessous, mais n'est pas l'effet principal.<\/p>\n<p>Les amateurs de consommation alternative seront ravis d'apprendre que ce cannabis est largement disponible sous forme de shatter et de vape pen.<\/p>","protected":false},"excerpt":{"rendered":"<h2 style=\"text-align: center;\">Platinum Og Cali<\/h2>\n<hr \/>\n<p>Platinum OG Cali ist genauso wertvoll wie das Metall, nach dem sie benannt ist. Dieser Indica-dominante Hybrid behauptet sich als eine der &#8222;schwersten&#8220; Sorten \u00fcberhaupt. Es wird behauptet, dass Platinum OG von drei St\u00e4mmen abstammt: Master Kush, OG Kush und einem dritten unbekannten Elternteil. Die Bl\u00fcten sind lindgr\u00fcn und prall, mit markanten<\/p>","protected":false},"featured_media":489,"comment_status":"open","ping_status":"closed","template":"","meta":{"_monsterinsights_skip_tracking":false,"_monsterinsights_sitenote_active":false,"_monsterinsights_sitenote_note":"","_monsterinsights_sitenote_category":0},"product_cat":[126,195],"product_tag":[],"_links":{"self":[{"href":"https:\/\/runtzcartsdisposables.com\/fr\/wp-json\/wp\/v2\/product\/488"}],"collection":[{"href":"https:\/\/runtzcartsdisposables.com\/fr\/wp-json\/wp\/v2\/product"}],"about":[{"href":"https:\/\/runtzcartsdisposables.com\/fr\/wp-json\/wp\/v2\/types\/product"}],"replies":[{"embeddable":true,"href":"https:\/\/runtzcartsdisposables.com\/fr\/wp-json\/wp\/v2\/comments?post=488"}],"wp:featuredmedia":[{"embeddable":true,"href":"https:\/\/runtzcartsdisposables.com\/fr\/wp-json\/wp\/v2\/media\/489"}],"wp:attachment":[{"href":"https:\/\/runtzcartsdisposables.com\/fr\/wp-json\/wp\/v2\/media?parent=488"}],"wp:term":[{"taxonomy":"product_cat","embeddable":true,"href":"https:\/\/runtzcartsdisposables.com\/fr\/wp-json\/wp\/v2\/product_cat?post=488"},{"taxonomy":"product_tag","embeddable":true,"href":"https:\/\/runtzcartsdisposables.com\/fr\/wp-json\/wp\/v2\/product_tag?post=488"}],"curies":[{"name":"wp","href":"https:\/\/api.w.org\/{rel}","templated":true}]}}