{"id":494,"date":"2023-01-14T12:15:57","date_gmt":"2023-01-14T12:15:57","guid":{"rendered":"https:\/\/runtzcartsdisposables.com\/?post_type=product&#038;p=494"},"modified":"2024-11-25T20:11:57","modified_gmt":"2024-11-25T20:11:57","slug":"purple-og-kush","status":"publish","type":"product","link":"https:\/\/runtzcartsdisposables.com\/fr\/product\/purple-og-kush\/","title":{"rendered":"Purple Og kush"},"content":{"rendered":"<h2>Acheter Purple Kush en ligne<\/h2>\n<p>Purple Kush online<a href=\"https:\/\/thcvapecarts.net\" target=\"_blank\" rel=\"noopener\"> kaufen<\/a>. Purple Kush online bestellen. Purple Kush ist eine reine Indica-Sorte, die in der Gegend von Oakland in Kalifornien aus der Kreuzung von Hindu Kush und Purple Afghani hervorgegangen ist. Ihr Aroma ist subtil und erdig mit s\u00fc\u00dfen Obert\u00f6nen, die typisch f\u00fcr Kush-Sorten sind. Gl\u00fcckselige, lang anhaltende Euphorie umh\u00fcllt den Geist, w\u00e4hrend k\u00f6rperliche Entspannung den K\u00f6rper von Schmerzen, Schlaflosigkeit und Stress befreit. Purple<a href=\"https:\/\/runtzcartsdisposables.com\/fr\/product\/bubble-kush\/\"> Kush<\/a> w\u00e4chst eher in die Breite als in die H\u00f6he und ist nach einer 8-w\u00f6chigen Bl\u00fctezeit erntereif.Pluto Cookies kaufen<\/p>","protected":false},"excerpt":{"rendered":"<h3 style=\"text-align: center;\">Purple Og kush<\/h3>\n<hr \/>\n<p>Purple Kush est une pure vari\u00e9t\u00e9 indica originaire de la r\u00e9gion d'Oakland en Californie en croisant Hindu Kush et Purple Afghani.<\/p>","protected":false},"featured_media":495,"comment_status":"open","ping_status":"closed","template":"","meta":{"_monsterinsights_skip_tracking":false,"_monsterinsights_sitenote_active":false,"_monsterinsights_sitenote_note":"","_monsterinsights_sitenote_category":0},"product_cat":[126,195],"product_tag":[],"_links":{"self":[{"href":"https:\/\/runtzcartsdisposables.com\/fr\/wp-json\/wp\/v2\/product\/494"}],"collection":[{"href":"https:\/\/runtzcartsdisposables.com\/fr\/wp-json\/wp\/v2\/product"}],"about":[{"href":"https:\/\/runtzcartsdisposables.com\/fr\/wp-json\/wp\/v2\/types\/product"}],"replies":[{"embeddable":true,"href":"https:\/\/runtzcartsdisposables.com\/fr\/wp-json\/wp\/v2\/comments?post=494"}],"wp:featuredmedia":[{"embeddable":true,"href":"https:\/\/runtzcartsdisposables.com\/fr\/wp-json\/wp\/v2\/media\/495"}],"wp:attachment":[{"href":"https:\/\/runtzcartsdisposables.com\/fr\/wp-json\/wp\/v2\/media?parent=494"}],"wp:term":[{"taxonomy":"product_cat","embeddable":true,"href":"https:\/\/runtzcartsdisposables.com\/fr\/wp-json\/wp\/v2\/product_cat?post=494"},{"taxonomy":"product_tag","embeddable":true,"href":"https:\/\/runtzcartsdisposables.com\/fr\/wp-json\/wp\/v2\/product_tag?post=494"}],"curies":[{"name":"wp","href":"https:\/\/api.w.org\/{rel}","templated":true}]}}