{"id":525,"date":"2023-01-14T12:42:47","date_gmt":"2023-01-14T12:42:47","guid":{"rendered":"https:\/\/runtzcartsdisposables.com\/?post_type=product&#038;p=525"},"modified":"2024-11-25T20:11:50","modified_gmt":"2024-11-25T20:11:50","slug":"xxx-og","status":"publish","type":"product","link":"https:\/\/runtzcartsdisposables.com\/fr\/product\/xxx-og\/","title":{"rendered":"XXX Og"},"content":{"rendered":"<h1>Acheter XXX OG en ligne<\/h1>\n<p>XXX OG online kaufen. xxx-OG online bestellen. XXX OG, die von den Elternsorten OG Kush und XXX abstammt, ist eine Indica, die beim Los Angeles Cannabis Cup 2014 den ersten Platz belegte. Ihre volumin\u00f6sen, konischen Knospen gl\u00e4nzen mit einem schweren, wei\u00dfen Mantel aus triefenden Trichomen und verstr\u00f6men erdige, kiefern- und zitronenartige Noten, die sich zu einem saftigen Aroma verbinden. In kleinen Dosen, <a href=\"https:\/\/hhcgraskaufen.com\/\" target=\"_blank\" rel=\"noopener\">XXX<\/a>-OG induziert m\u00e4\u00dfig sedierende Wirkung, die einige geistige Klarheit und k\u00f6rperliche Energie zu erm\u00f6glichen. kaufen Lemon ZkittleWenn Sie die Dosis erh\u00f6hen, wird der Kampf gegen Lethargie und Couchlock vergeblich. Das macht XXX-OG zu einem ausgezeichneten Mittel gegen Schlaflosigkeit, und auch schwere F\u00e4lle von \u00dcbelkeit und chronischen Schmerzen k\u00f6nnen von der starken Wirkung dieser Sorte profitieren.<\/p>","protected":false},"excerpt":{"rendered":"<h2 style=\"text-align: center;\">XXX Og<\/h2>\n<hr \/>\n<p>Aus den Elternsorten OG Kush und XXX, ist eine Indica, die beim Los Angeles Cannabis Cup 2014 den ersten Platz <a href=\"https:\/\/runtzcartsdisposables.com\/fr\/product\/jungleboys-packs-online-kaufen-auf-hawaii\/\">belegte<\/a>. Ihre volumin\u00f6sen, konischen Knospen gl\u00e4nzen mit einem schweren, wei\u00dfen Mantel aus triefenden Trichomen und verstr\u00f6men erdige, kiefern- und zitronenartige Noten, die sich zu einem saftigen Aroma verbinden.<\/p>\n<p>&nbsp;<\/p>","protected":false},"featured_media":526,"comment_status":"open","ping_status":"closed","template":"","meta":{"_monsterinsights_skip_tracking":false,"_monsterinsights_sitenote_active":false,"_monsterinsights_sitenote_note":"","_monsterinsights_sitenote_category":0},"product_cat":[126,195],"product_tag":[199,214,244],"_links":{"self":[{"href":"https:\/\/runtzcartsdisposables.com\/fr\/wp-json\/wp\/v2\/product\/525"}],"collection":[{"href":"https:\/\/runtzcartsdisposables.com\/fr\/wp-json\/wp\/v2\/product"}],"about":[{"href":"https:\/\/runtzcartsdisposables.com\/fr\/wp-json\/wp\/v2\/types\/product"}],"replies":[{"embeddable":true,"href":"https:\/\/runtzcartsdisposables.com\/fr\/wp-json\/wp\/v2\/comments?post=525"}],"wp:featuredmedia":[{"embeddable":true,"href":"https:\/\/runtzcartsdisposables.com\/fr\/wp-json\/wp\/v2\/media\/526"}],"wp:attachment":[{"href":"https:\/\/runtzcartsdisposables.com\/fr\/wp-json\/wp\/v2\/media?parent=525"}],"wp:term":[{"taxonomy":"product_cat","embeddable":true,"href":"https:\/\/runtzcartsdisposables.com\/fr\/wp-json\/wp\/v2\/product_cat?post=525"},{"taxonomy":"product_tag","embeddable":true,"href":"https:\/\/runtzcartsdisposables.com\/fr\/wp-json\/wp\/v2\/product_tag?post=525"}],"curies":[{"name":"wp","href":"https:\/\/api.w.org\/{rel}","templated":true}]}}