{"id":537,"date":"2023-01-14T13:11:23","date_gmt":"2023-01-14T13:11:23","guid":{"rendered":"https:\/\/runtzcartsdisposables.com\/?post_type=product&#038;p=537"},"modified":"2024-11-25T20:11:47","modified_gmt":"2024-11-25T20:11:47","slug":"ak-47","status":"publish","type":"product","link":"https:\/\/runtzcartsdisposables.com\/fr\/product\/ak-47\/","title":{"rendered":"AK-47"},"content":{"rendered":"<h1>Acheter de l'herbe AK 47 en ligne<\/h1>\n<p>AK47 Weed online kaufen. Lass Dich von dem intensiven Namen nicht t\u00e4uschen: AK-47 wird<a href=\"https:\/\/runtzcartsdisposables.com\/fr\/product\/buy-jungle-cake-jungleboys-in-michigan\/\"> Dich<\/a> entspannt und sanft zur\u00fccklassen. Diese sativadominierte Sorte ist eine Mischung aus kolumbianischen, mexikanischen, thail\u00e4ndischen und afghanischen Sorten, die eine komplexe Mischung aus Aromen und Wirkungen hervorbringt. AK-47 kann einen gleichm\u00e4\u00dfigen und lang anhaltenden zerebralen Rausch erzeugen, der Dich geistig wach h\u00e4lt<\/p>\n<p>und sich mit kreativen oder sozialen Aktivit\u00e4ten besch\u00e4ftigt. W\u00e4hrend ihr Duft sauer und erdig ist, kommen ihre s\u00fc\u00dfen, blumigen Noten erst im Geschmack voll zur Geltung<a href=\"https:\/\/woodwholesalepzoo.com\/\" target=\"_blank\" rel=\"noopener\">.<\/a><\/p>\n<p>&nbsp;<\/p>","protected":false},"excerpt":{"rendered":"<h2 style=\"text-align: center;\"><input id=\"title\" spellcheck=\"true\" autocomplete=\"off\" name=\"post_title\" size=\"30\" type=\"text\" value=\"Ak 47\" \/><\/h2>\n<hr \/>\n<div class=\"inside\" style=\"text-align: center;\"><\/div>\n<p>AK 47 enth\u00e4lt eine kurze Bl\u00fctezeit f\u00fcr eine Sativa und produziert kompakte, nicht zu bl\u00e4ttrige Knospen, die mit einer Schicht von Harzkristallen gl\u00e4nzen. AK-47 (BC) Feminisierte Samen sind ein absolutes Muss! Schnell fertig wie Lowryder mit einem viel gr\u00f6\u00dferen Ertrag.<\/p>\n<p>&nbsp;<\/p>","protected":false},"featured_media":538,"comment_status":"open","ping_status":"closed","template":"","meta":{"_monsterinsights_skip_tracking":false,"_monsterinsights_sitenote_active":false,"_monsterinsights_sitenote_note":"","_monsterinsights_sitenote_category":0},"product_cat":[126,245],"product_tag":[246,215,205,232,247],"_links":{"self":[{"href":"https:\/\/runtzcartsdisposables.com\/fr\/wp-json\/wp\/v2\/product\/537"}],"collection":[{"href":"https:\/\/runtzcartsdisposables.com\/fr\/wp-json\/wp\/v2\/product"}],"about":[{"href":"https:\/\/runtzcartsdisposables.com\/fr\/wp-json\/wp\/v2\/types\/product"}],"replies":[{"embeddable":true,"href":"https:\/\/runtzcartsdisposables.com\/fr\/wp-json\/wp\/v2\/comments?post=537"}],"wp:featuredmedia":[{"embeddable":true,"href":"https:\/\/runtzcartsdisposables.com\/fr\/wp-json\/wp\/v2\/media\/538"}],"wp:attachment":[{"href":"https:\/\/runtzcartsdisposables.com\/fr\/wp-json\/wp\/v2\/media?parent=537"}],"wp:term":[{"taxonomy":"product_cat","embeddable":true,"href":"https:\/\/runtzcartsdisposables.com\/fr\/wp-json\/wp\/v2\/product_cat?post=537"},{"taxonomy":"product_tag","embeddable":true,"href":"https:\/\/runtzcartsdisposables.com\/fr\/wp-json\/wp\/v2\/product_tag?post=537"}],"curies":[{"name":"wp","href":"https:\/\/api.w.org\/{rel}","templated":true}]}}