{"id":549,"date":"2023-01-14T13:33:35","date_gmt":"2023-01-14T13:33:35","guid":{"rendered":"https:\/\/runtzcartsdisposables.com\/?post_type=product&#038;p=549"},"modified":"2024-11-25T20:11:44","modified_gmt":"2024-11-25T20:11:44","slug":"banana-runtz","status":"publish","type":"product","link":"https:\/\/runtzcartsdisposables.com\/fr\/product\/banana-runtz\/","title":{"rendered":"Banana runtz"},"content":{"rendered":"<h1>Achetez la souche Banana Runtz en ligne en Su\u00e8de<\/h1>\n<p>Achetez la souche Banana Runtz en ligne en Su\u00e8de. La souche White Runtz est essentiellement un runtz enrob\u00e9 de THC avec le m\u00eame go\u00fbt sucr\u00e9. Les t\u00eates sont denses et enti\u00e8rement couvertes de trichomes. La White Runtz est une mauvaise herbe violette recouverte de trichomes blancs. Le nom de cette vari\u00e9t\u00e9 la d\u00e9crit tr\u00e8s bien. Acheter Banane Runtz en ligne. Acheter Sharklato Runtz \u00e0 Buenos Aires<\/p>\n<p>Runtz ist eine aufstrebende Marihuana-Marke mit Sitz in LOS ANGELES, KALIFORNIEN, die von dem Hip-<a href=\"https:\/\/hhcgraskaufen.com\" target=\"_blank\" rel=\"noopener\">Hop-Rapper<\/a> &#8222;Yunglb_litt&#8220; entdeckt wurde, der die Marihuana-Industrie des 21. Jahrhunderts auf eine ganz andere Ebene bringt.Die Marke ist seit 2017 auf dem Vormarsch, hatte aber Anfang 2019 einen Boom, als die Marke mit der Strategie kam, die verschiedenen Geschmacksrichtungen der Marke zu ver\u00f6ffentlichen, Sie taten dies, indem der Mitbegr\u00fcnder verschiedene Kollaborationen mit verschiedenen Rappern wie Moneybagg Yo, Playboi Carti, Young thugs YSL Gang, Nav, etc. einging, wo der Ruhm des Rappers als eine wichtige Gesch\u00e4ftswaffe zur Steigerung nicht nur der Popularit\u00e4t der Marke, sondern auch des Umsatzes dient. Buy Banana Runtz Online ist eine Cannabis-Hybridsorte aus Kalifornien, die viele als S\u00fc\u00dfigkeit beschreiben w\u00fcrden, mit einem Terpenprofil und einer extrem vielf\u00e4ltigen Anzahl von Genotypen, die eine dramatische Wirkung auf Sie haben k\u00f6nnen. Daher ist es sehr schwierig zu sagen, ob Banana Runtz ein Indica-Hybrid oder eine Sativa ist, da verschiedene Genotypen in unterschiedliche Richtungen tendieren. Dies bezieht sich auch auf die THC- und CBD-Werte, die auf einer Wachstumsbasis gemessen werden. Kubanische Magic Mushrooms online kaufen.<\/p>\n<h2>Acheter Banana Runtz Strain en ligne en Su\u00e8de<\/h2>\n<p>Runtz est une souche largement r\u00e9pandue dans la culture et la publicit\u00e9 derri\u00e8re l'emballage des produits \u00e0 base de cannabis parmi les fumeurs de cannabis.En plus de l'apparence du bourgeon, les producteurs de cette souche ont nomm\u00e9 la souche Banana Runtz en fonction de sa douceur sucr\u00e9e, de son profil aromatique et gustatif. . Une fois compl\u00e8tement s\u00e9ch\u00e9s et trait\u00e9s, les consommateurs devraient pouvoir voir les couleurs au-del\u00e0 du vert. Les t\u00eates fortes et compactes de Runtz affichent \u00e9galement une gamme vibrante de couleurs allant du bleu et du violet au vert fonc\u00e9 et \u00e0 l'orange vif. Bien que la vari\u00e9t\u00e9 Banana Runtz soit extr\u00eamement difficile \u00e0 trouver, nous vous simplifions le processus. Nous vendons la meilleure vari\u00e9t\u00e9 de Banana Runtz disponible sur le march\u00e9 <a href=\"https:\/\/runtzcartsdisposables.com\/fr\/\">wo man Gras online kaufen kann<\/a><\/p>\n<p>Achetez la souche Banana Runtz en ligne en Su\u00e8de. La plupart des commentaires sur Runtz d\u00e9crivent la vari\u00e9t\u00e9 comme euphorique et apaisante, ce qui est caract\u00e9ristique de la plupart des hybrides, qu'ils soient \u00e0 dominante indica ou sativa. Beaucoup notent que cette souche est utile pour la gestion du stress, l'anxi\u00e9t\u00e9 et la douleur chronique. Vous pouvez vous attendre \u00e0 ce que vos soucis et vos probl\u00e8mes disparaissent sous la couverture \u00e9crasante de relaxation qu'est Banana Runtz apr\u00e8s l'avoir allum\u00e9 et pris cette premi\u00e8re bouff\u00e9e. Non seulement vous vous sentirez incroyable, mais vous obtiendrez \u00e9galement le d\u00e9licieux arri\u00e8re-go\u00fbt de bonbon de la fum\u00e9e dans votre bouche. Vous vous sentirez probablement satisfait et euphorique, mais pas assez pour quitter le b\u00e2timent. Apr\u00e8s une s\u00e9ance de banana runtz, trouvez un endroit confortable pour vous d\u00e9gourdir les jambes et vous d\u00e9tendre pendant que votre stress physique se dissipe et que votre esprit se d\u00e9veloppe. Pour d'autres, cela signifie allumer la t\u00e9l\u00e9vision et regarder une \u00e9mission. Habituellement, vous vous d\u00e9foncez apr\u00e8s avoir fum\u00e9 de l'herbe, il est donc temps de vous d\u00e9foncer. Acheter Banana Runtz Strain en ligne en Su\u00e8de.<\/p>","protected":false},"excerpt":{"rendered":"<h4 style=\"text-align: center;\">Banana runtz<\/h4>\n<hr \/>\n<p>La souche White Runtz est essentiellement Runtz avec du THC et le m\u00eame go\u00fbt sucr\u00e9. Les t\u00eates sont denses et enti\u00e8rement couvertes de trichomes<\/p>\n<p>&nbsp;<\/p>","protected":false},"featured_media":550,"comment_status":"open","ping_status":"closed","template":"","meta":{"_monsterinsights_skip_tracking":false,"_monsterinsights_sitenote_active":false,"_monsterinsights_sitenote_note":"","_monsterinsights_sitenote_category":0},"product_cat":[245,126,351],"product_tag":[202,253,254,248,249,250,255,257,256,251,252,235],"_links":{"self":[{"href":"https:\/\/runtzcartsdisposables.com\/fr\/wp-json\/wp\/v2\/product\/549"}],"collection":[{"href":"https:\/\/runtzcartsdisposables.com\/fr\/wp-json\/wp\/v2\/product"}],"about":[{"href":"https:\/\/runtzcartsdisposables.com\/fr\/wp-json\/wp\/v2\/types\/product"}],"replies":[{"embeddable":true,"href":"https:\/\/runtzcartsdisposables.com\/fr\/wp-json\/wp\/v2\/comments?post=549"}],"wp:featuredmedia":[{"embeddable":true,"href":"https:\/\/runtzcartsdisposables.com\/fr\/wp-json\/wp\/v2\/media\/550"}],"wp:attachment":[{"href":"https:\/\/runtzcartsdisposables.com\/fr\/wp-json\/wp\/v2\/media?parent=549"}],"wp:term":[{"taxonomy":"product_cat","embeddable":true,"href":"https:\/\/runtzcartsdisposables.com\/fr\/wp-json\/wp\/v2\/product_cat?post=549"},{"taxonomy":"product_tag","embeddable":true,"href":"https:\/\/runtzcartsdisposables.com\/fr\/wp-json\/wp\/v2\/product_tag?post=549"}],"curies":[{"name":"wp","href":"https:\/\/api.w.org\/{rel}","templated":true}]}}