{"id":591,"date":"2023-01-14T17:01:33","date_gmt":"2023-01-14T17:01:33","guid":{"rendered":"https:\/\/runtzcartsdisposables.com\/?post_type=product&#038;p=591"},"modified":"2024-11-25T20:11:34","modified_gmt":"2024-11-25T20:11:34","slug":"gelato","status":"publish","type":"product","link":"https:\/\/runtzcartsdisposables.com\/fr\/product\/gelato\/","title":{"rendered":"Gelato"},"content":{"rendered":"<h1>Acheter de la glace en ligne<\/h1>\n<p>Gelato online kaufen. Gel-ato (auch als &#8222;<a href=\"https:\/\/en.wikipedia.org\/wiki\/Larry_Bird\" target=\"_blank\" rel=\"noopener\">Larry Bird<\/a>\") est s\u00e9duisant <a href=\"https:\/\/runtzcartsdisposables.com\/index.php\/product-category\/blumen\/hybrid-sorten\/\">Cannabis-Hybridsorte<\/a> par Cookie Fam et Sherbinski, suivant les traces de ses parents Sunset Sherbet et Thin Mint GSC. Originaire de la r\u00e9gion de la baie de Californie, cette vari\u00e9t\u00e9 doit son nom \u00e0 l'ar\u00f4me fruit\u00e9 de type dessert qui parcourt comme un fil conducteur la famille Cookie. Ses bourgeons ont tendance \u00e0 s'\u00e9panouir dans des teintes violettes profondes, illumin\u00e9es par des poils orange vif et une couche blanche brillante de r\u00e9sine cristalline. d\u00e9butant<\/p>\n<p>sollten sich diesem THC-Kraftpaket mit Vorsicht n\u00e4hern, aber diejenigen, die \u00fcber eine hohe Toleranz verf\u00fcgen, werden sich an Gel-atos schwerf\u00e4lliger Euphorie erfreuen. Die k\u00f6rperliche Entspannung setzt stark ein, aber viele finden sich geistig noch agil genug, um produktiv und kreativ zu bleiben, wenn sie Gelato tags\u00fcber genie\u00dfen.<\/p>\n<h2>Acheter de la glace en ligne<\/h2>\n<p><strong>INDICA %SATIVA %REINHEIT \/ POTENZENTSPANNUNGSCHLAFENDE ENERGIEEUPHORIESCHMERZLINDERUNG<\/strong><\/p>\n<p>Nom de la vari\u00e9t\u00e9 : vari\u00e9t\u00e9 de cannabis Gelato<\/p>\n<p>Dominante Sorte: Indica-dominant mit 55% Indica \/ 45% Sativa.<\/p>\n<p>Kurze Geschichte: Gel-ato stammt aus der Bay Area, Kalifornien, und wurde von Cookie Fam Genetics entwickelt. Diese k\u00f6stliche Sorte wurde durch Kreuzung von Sunset Sherbet mit Thin Mint Girl Scout Cookies erzeugt. Die Elternsorten sind beide f\u00fcr ihre vollmundige Wirkung bekannt.<\/p>\n<p>Cependant, ne laissez pas son joli nom vous tromper. Gelato est une vari\u00e9t\u00e9 tr\u00e8s puissante. Apr\u00e8s tout, cette d\u00e9licieuse vari\u00e9t\u00e9 poss\u00e8de toutes les meilleures qualit\u00e9s de ses vari\u00e9t\u00e9s parentes.<\/p>\n<p>Gelato frappe fort et vite. Sa teneur \u00e9lev\u00e9e en THC est connue pour induire de puissants effets psychoactifs et psych\u00e9d\u00e9liques. Ce n'est pas une vari\u00e9t\u00e9 pour les d\u00e9butants et ceux qui ne tol\u00e8rent pas bien le THC. Si vous voulez toujours les essayer, faites-le avec prudence.<\/p>\n<p>Caract\u00e9ristiques distinctives : Les bourgeons de Gelato sont l\u00e9g\u00e8rement plus petits que ceux des autres vari\u00e9t\u00e9s. Cependant, ils sont \u00e9pais et denses. Les bourgeons sont d'une couleur vert for\u00eat fonc\u00e9e entrecoup\u00e9e de poils violets et orange vifs. Les feuilles sont \u00e9galement de couleur vert for\u00eat avec une l\u00e9g\u00e8re teinte violette.<\/p>\n<p>Cannabinoid- und Terpenprofil: Der THC-Gehalt von Gel-ato ist mit etwa 20% hoch, obwohl einige Tests ergeben haben, dass er bis zu 25% betragen kann. Der CBD-Gehalt liegt bei etwa 0,1%, wobei einige Tests einen CBD-Gehalt von bis zu 1,59% ergaben. Der CBN-Gehalt ist mit 0,07 % gering.<br \/>\nDas Terpenprofil von Gela to enth\u00e4lt Myrcen, Caryophyllen und Pinen.<\/p>\n<p>Geschmacksrichtungen\/Aroma: Gela to macht seinem s\u00fc\u00dfen Namen alle Ehre. Es hat ein s\u00fc\u00dfes, erdiges Aroma mit k\u00f6stlichen Ankl\u00e4ngen von Blaubeeren und Orangen. Es riecht auch s\u00fc\u00df und holzig, mit kr\u00e4ftigen Noten von Fr\u00fcchten wie Beeren, Kirschen und Zitrusfr\u00fcchten wie Zitrone und Limette. Du wirst auch einige Untert\u00f6ne von Lavendel wahrnehmen.<\/p>\n<p>Wirkungen: Gela to ist eine indicadominierte Sorte, deren zerebrale und k\u00f6rperliche Wirkung Sie schnell und stark treffen kann. Vielleicht sp\u00fcrst Du die starke Wirkung sogar schon, bevor Du tats\u00e4chlich ausatmest.<br \/>\nVous ressentirez d'abord un high c\u00e9r\u00e9bral fort, qui sera rapidement suivi d'un high corporel tout aussi puissant. Ces effets vous laissent compl\u00e8tement d\u00e9tendu, calme, heureux, euphorique et exalt\u00e9. L'effet relaxant ne vous clouera cependant pas au canap\u00e9.<\/p>","protected":false},"excerpt":{"rendered":"<h4 style=\"text-align: center;\">Gelato<\/h4>\n<hr \/>\n<p>Achetez de la glace en ligne. Achetez de la glace en ligne. Achetez de la glace en ligne. La vari\u00e9t\u00e9 de cannabis est un hybride \u00e0 dominance indica 55\/45 \u00e9lev\u00e9 par Cookie Fam Genetics. Elle est connue pour elle\u2026<\/p>\n<p>&nbsp;<\/p>","protected":false},"featured_media":592,"comment_status":"open","ping_status":"closed","template":"","meta":{"_monsterinsights_skip_tracking":false,"_monsterinsights_sitenote_active":false,"_monsterinsights_sitenote_note":"","_monsterinsights_sitenote_category":0},"product_cat":[126,245],"product_tag":[],"_links":{"self":[{"href":"https:\/\/runtzcartsdisposables.com\/fr\/wp-json\/wp\/v2\/product\/591"}],"collection":[{"href":"https:\/\/runtzcartsdisposables.com\/fr\/wp-json\/wp\/v2\/product"}],"about":[{"href":"https:\/\/runtzcartsdisposables.com\/fr\/wp-json\/wp\/v2\/types\/product"}],"replies":[{"embeddable":true,"href":"https:\/\/runtzcartsdisposables.com\/fr\/wp-json\/wp\/v2\/comments?post=591"}],"wp:featuredmedia":[{"embeddable":true,"href":"https:\/\/runtzcartsdisposables.com\/fr\/wp-json\/wp\/v2\/media\/592"}],"wp:attachment":[{"href":"https:\/\/runtzcartsdisposables.com\/fr\/wp-json\/wp\/v2\/media?parent=591"}],"wp:term":[{"taxonomy":"product_cat","embeddable":true,"href":"https:\/\/runtzcartsdisposables.com\/fr\/wp-json\/wp\/v2\/product_cat?post=591"},{"taxonomy":"product_tag","embeddable":true,"href":"https:\/\/runtzcartsdisposables.com\/fr\/wp-json\/wp\/v2\/product_tag?post=591"}],"curies":[{"name":"wp","href":"https:\/\/api.w.org\/{rel}","templated":true}]}}