{"id":597,"date":"2023-01-14T17:07:21","date_gmt":"2023-01-14T17:07:21","guid":{"rendered":"https:\/\/runtzcartsdisposables.com\/?post_type=product&#038;p=597"},"modified":"2024-11-25T20:11:33","modified_gmt":"2024-11-25T20:11:33","slug":"girl-scout-cookies","status":"publish","type":"product","link":"https:\/\/runtzcartsdisposables.com\/fr\/product\/girl-scout-cookies\/","title":{"rendered":"Girl Scout Cookies"},"content":{"rendered":"<h1>Acheter des biscuits Girl Scout en ligne<\/h1>\n<p>Achetez des biscuits Girls Scout en ligne. GSC, anciennement connue sous le nom de Girl Scout Cookies, est un croisement de <a href=\"https:\/\/runtzcartsdisposables.com\/index.php\/product\/og-kush\/\">OG Kush<\/a> und <a href=\"https:\/\/www.leafly.com\/strains\/durban-poison\" target=\"_blank\" rel=\"noopener\">Durban Poison<\/a>, dont la r\u00e9putation est devenue trop grande pour rester dans les limites de leur maison californienne.acheter de l'herbe en ligne Europe Avec un ar\u00f4me doux et terreux, GSC vous emm\u00e8ne au dernier \u00e9tage de l'euphorie, o\u00f9 la relaxation de tout le corps rencontre un espace c\u00e9r\u00e9bral qui prend du temps. Cet hybride, dont les niveaux \u00e9lev\u00e9s de THC ont valu \u00e0 GSC de nombreuses r\u00e9compenses \u00e0 la Cannabis Cup, va loin avec peu. Cependant, les patients ayant besoin d'une forte dose de soulagement peuvent consulter GSC pour des douleurs intenses, des naus\u00e9es et une perte d'app\u00e9tit.<\/p>\n<p>Il existe plusieurs ph\u00e9notypes diff\u00e9rents de la souche GSC, y compris Thin Mint et Platinum GSC, qui diff\u00e8rent l\u00e9g\u00e8rement en apparence et en effet. Typiquement, cependant, GSC exprime sa beaut\u00e9 dans des calices verts tordus entour\u00e9s de feuilles violettes et de poils orange ardents. Les patients et les utilisateurs souhaitant cultiver cet aliment de base du cannabis \u00e0 la maison doivent attendre 9 \u00e0 10 semaines pour que leurs plantes d'int\u00e9rieur finissent de fleurir.<\/p>\n<h2>Girls Scout Cookies achat en ligne<\/h2>\n<p>Girl Scout Cookies, \u00e9galement connue sous le nom de GSC, est une vari\u00e9t\u00e9 prim\u00e9e de Californie. Cet hybride offre un high c\u00e9r\u00e9bral comme aucune autre vari\u00e9t\u00e9 sur le march\u00e9, ce qui a permis \u00e0 sa popularit\u00e9 de se r\u00e9pandre dans le monde entier. Girl Scout Cookies offre un grand soulagement des naus\u00e9es et de la douleur tout en ayant des effets stimulants sur l'app\u00e9tit, ce qui les rend parfaits pour ceux qui subissent un traitement de chimioth\u00e9rapie contre le cancer. Puisque GSC est le r\u00e9sultat du croisement des g\u00e9n\u00e9tiques Durban Poison et OG Kush, elle offre un high corporel tr\u00e8s \u00e9quilibr\u00e9 accompagn\u00e9 d'une euphorie \u00e9crasante dans la t\u00eate. La popularit\u00e9 de cette vari\u00e9t\u00e9 et ses effets incroyables ont entra\u00een\u00e9 l'apparition de nombreux ph\u00e9notypes GSC diff\u00e9rents sur la sc\u00e8ne du cannabis ces derni\u00e8res ann\u00e9es,<\/p>\n<p>Eltern: Durban Poison, OG Kush<br \/>\n\u00c4hnlich zu: Red Dragon, Space Queen, Premium Jack<br \/>\nGeschm\u00e4cker: S\u00fc\u00df, stechend, erdig<br \/>\nWirkungen: Gl\u00fccklich, Entspannt, Kreativ, Euphorisch<br \/>\nMedizinisch: Appetitlosigkeit, Schmerzen, Schlaflosigkeit, Depression, Stress, Angstzust\u00e4nde<br \/>\nPotenz: 17-28% THC<\/p>","protected":false},"excerpt":{"rendered":"<h3 style=\"text-align: center;\">Girl Scout Cookies<\/h3>\n<hr \/>\n<p>Achetez de l'herbe Girl Scout Cookies en ligne. Achetez GSC Online, la meilleure vari\u00e9t\u00e9 de marijuana m\u00e9dicale. Commandez maintenant en toute s\u00e9curit\u00e9 et faites-vous livrer dans la nuit. Discret.<\/p>\n<p>&nbsp;<\/p>","protected":false},"featured_media":598,"comment_status":"open","ping_status":"closed","template":"","meta":{"_monsterinsights_skip_tracking":false,"_monsterinsights_sitenote_active":false,"_monsterinsights_sitenote_note":"","_monsterinsights_sitenote_category":0},"product_cat":[126,245],"product_tag":[280,277,278,279,222],"_links":{"self":[{"href":"https:\/\/runtzcartsdisposables.com\/fr\/wp-json\/wp\/v2\/product\/597"}],"collection":[{"href":"https:\/\/runtzcartsdisposables.com\/fr\/wp-json\/wp\/v2\/product"}],"about":[{"href":"https:\/\/runtzcartsdisposables.com\/fr\/wp-json\/wp\/v2\/types\/product"}],"replies":[{"embeddable":true,"href":"https:\/\/runtzcartsdisposables.com\/fr\/wp-json\/wp\/v2\/comments?post=597"}],"wp:featuredmedia":[{"embeddable":true,"href":"https:\/\/runtzcartsdisposables.com\/fr\/wp-json\/wp\/v2\/media\/598"}],"wp:attachment":[{"href":"https:\/\/runtzcartsdisposables.com\/fr\/wp-json\/wp\/v2\/media?parent=597"}],"wp:term":[{"taxonomy":"product_cat","embeddable":true,"href":"https:\/\/runtzcartsdisposables.com\/fr\/wp-json\/wp\/v2\/product_cat?post=597"},{"taxonomy":"product_tag","embeddable":true,"href":"https:\/\/runtzcartsdisposables.com\/fr\/wp-json\/wp\/v2\/product_tag?post=597"}],"curies":[{"name":"wp","href":"https:\/\/api.w.org\/{rel}","templated":true}]}}