{"id":610,"date":"2023-01-14T17:17:43","date_gmt":"2023-01-14T17:17:43","guid":{"rendered":"https:\/\/runtzcartsdisposables.com\/?post_type=product&#038;p=610"},"modified":"2024-11-25T20:11:30","modified_gmt":"2024-11-25T20:11:30","slug":"gushers","status":"publish","type":"product","link":"https:\/\/runtzcartsdisposables.com\/fr\/product\/gushers\/","title":{"rendered":"Gushers"},"content":{"rendered":"<h1>Achetez la souche de marijuana Gushers en ligne en France<\/h1>\n<p>Achetez la souche de marijuana Gushers en ligne en France. La dominante indica <a href=\"https:\/\/runtzcartsdisposables.com\/index.php\/product-category\/blumen\/hybrid-sorten\/\">Hybridsorte<\/a> Gus-hers ist eine Kreuzung zwischen <a href=\"https:\/\/www.allbud.com\/marijuana-strains\/sativa-dominant-hybrid\/gelato-41\" target=\"_blank\" rel=\"noopener\">Gelato #41<\/a> und <a href=\"https:\/\/www.leafly.com\/strains\/triangle-kush\" target=\"_blank\" rel=\"noopener\">Triangle Kush<\/a>. Diese Sorte erhielt ihren Namen aufgrund ihres Duftes und Geschmacks, der s\u00fc\u00dfe und fruchtige S\u00fc\u00dfigkeiten imitiert. Sie erzeugt einen s\u00fc\u00df-sauren tropischen Kick mit einem leichten pflanzlichen Unterton. Peach Kobbler Runtz in Katar kaufen Wenn Sie die Sorte Gushers sehen, werden Sie feststellen, dass die ausgeh\u00e4rteten Nuggets lang und olivgr\u00fcn sind, mit hellgr\u00fcnen Flecken, die zusammen mit d\u00fcnnen, bernsteinfarbenen Stempeln verstreut sind. Fans von Gus-hers haben erkl\u00e4rt, dass die Wirkung der Sorte hervorragend zur Linderung von Angstzust\u00e4nden und Depressionen geeignet ist, da sie hilft, ihre rasenden Gedanken zu beruhigen. Kaufen Sie Gus-hers in Montana Andere sagen, dass sie Gus-hers f\u00fcr faule Tage verwendet haben, da sie ihre Muskeln entspannt und ihre Gedanken frei schweifen l\u00e4sst. Pink Runtz in Saudi-Arabien kaufen<\/p>\n<h2>Gushers Marijuana Strain acheter en ligne en France<\/h2>\n<p>Der THC-Gehalt von Gus-hers Cannabis bewegt sich in der Regel zwischen den mittleren Zehnern und den mittleren Zwanzigern, daher sollte man sich vor dem Kauf oder der Zusammenstellung einer Portionsgr\u00f6\u00dfe \u00fcber den THC-Gehalt informieren. Gus-hers sind eine leicht indicadominierte Hybridsorte (60% Indica\/40% Sativa), die durch Kreuzung der klassischen Gelato #41 X Triangle Kush-Sorten entstanden ist. Buy Gruntz in Connecticut Benannt nach der k\u00f6stlichen S\u00fc\u00dfigkeit, bringt Gus-hers die Aromen mit einer Kombination aus sauren tropischen Fr\u00fcchten und reichhaltigen cremigen Keksen in jedem einzelnen Zug. Das Aroma folgt dem gleichen Profil, wenn auch mit einem leicht krautigen Unterton und einem Hauch von w\u00fcrzigen Trauben. Kaufen Sie Gus-hers Marihuana Strain Online in Frankreich. Der Rausch von Gushers ist nicht ganz so stark wie der Geschmack, mit einer super entspannenden Wirkung, die sich am besten f\u00fcr faule N\u00e4chte eignet, die man zu Hause mit Freunden verbringt, um Netflix zu schauen. Das High beginnt mit einem Zustrom prickelnder Euphorie, die den Hinterkopf mit einem leicht erregenden Kribbeln erf\u00fcllt. Kaufen Sie MoneyBagg Runtz in Dammam Dies breitet sich schnell im Rest Ihres K\u00f6rpers aus und l\u00e4sst Sie ziemlich erregt und unglaublich entspannt zur\u00fcck. Du wirst in diesem Zustand nicht schl\u00e4frig sein, sondern v\u00f6llig entspannt mit allem, was um Dich herum passiert. Kaufen Sie Gus-hers in Montana Mit diesen Effekten und ihrem hohen durchschnittlichen THC-Gehalt von 15-22% soll Gushers perfekt zur Behandlung von chronischem Stress oder Angstzust\u00e4nden, Depressionen und chronischen Schmerzen geeignet sein. Diese Knospe hat l\u00e4ngliche olivgr\u00fcne Nugs mit hellgr\u00fcnen Bl\u00e4ttern, vielen d\u00fcnnen bernsteinfarbenen Haaren und einer Beschichtung aus winzigen bernsteinfarbenen Kristalltrichomen. Big Mex Magic Mushroom Online USA.<\/p>\n<p>&nbsp;<\/p>\n<p>&nbsp;<\/p>\n<p>&nbsp;<\/p>\n<p>&nbsp;<\/p>","protected":false},"excerpt":{"rendered":"<p>La vari\u00e9t\u00e9 hybride \u00e0 dominante indica Gushers est un croisement entre la Gelato #41 et la Triangle Kush. Cette vari\u00e9t\u00e9 tire son nom de son parfum et de sa saveur qui imite les bonbons sucr\u00e9s et fruit\u00e9s. Elle induit un coup de pied tropical aigre-doux avec une l\u00e9g\u00e8re nuance herbac\u00e9e.<\/p>\n<p>&nbsp;<\/p>","protected":false},"featured_media":611,"comment_status":"open","ping_status":"closed","template":"","meta":{"_monsterinsights_skip_tracking":false,"_monsterinsights_sitenote_active":false,"_monsterinsights_sitenote_note":"","_monsterinsights_sitenote_category":0},"product_cat":[126,245,351],"product_tag":[202,283,285,286,288,282,284,287,289,281,290],"_links":{"self":[{"href":"https:\/\/runtzcartsdisposables.com\/fr\/wp-json\/wp\/v2\/product\/610"}],"collection":[{"href":"https:\/\/runtzcartsdisposables.com\/fr\/wp-json\/wp\/v2\/product"}],"about":[{"href":"https:\/\/runtzcartsdisposables.com\/fr\/wp-json\/wp\/v2\/types\/product"}],"replies":[{"embeddable":true,"href":"https:\/\/runtzcartsdisposables.com\/fr\/wp-json\/wp\/v2\/comments?post=610"}],"wp:featuredmedia":[{"embeddable":true,"href":"https:\/\/runtzcartsdisposables.com\/fr\/wp-json\/wp\/v2\/media\/611"}],"wp:attachment":[{"href":"https:\/\/runtzcartsdisposables.com\/fr\/wp-json\/wp\/v2\/media?parent=610"}],"wp:term":[{"taxonomy":"product_cat","embeddable":true,"href":"https:\/\/runtzcartsdisposables.com\/fr\/wp-json\/wp\/v2\/product_cat?post=610"},{"taxonomy":"product_tag","embeddable":true,"href":"https:\/\/runtzcartsdisposables.com\/fr\/wp-json\/wp\/v2\/product_tag?post=610"}],"curies":[{"name":"wp","href":"https:\/\/api.w.org\/{rel}","templated":true}]}}