{"id":616,"date":"2023-01-14T17:23:20","date_gmt":"2023-01-14T17:23:20","guid":{"rendered":"https:\/\/runtzcartsdisposables.com\/?post_type=product&#038;p=616"},"modified":"2024-11-25T20:11:28","modified_gmt":"2024-11-25T20:11:28","slug":"hawaiian-skunk","status":"publish","type":"product","link":"https:\/\/runtzcartsdisposables.com\/fr\/product\/hawaiian-skunk\/","title":{"rendered":"Hawaiian Skunk"},"content":{"rendered":"<h1>Acheter Hawaiian Skunk en ligne en Norv\u00e8ge<\/h1>\n<p>Achetez Hawaiian Skunk en ligne en Norv\u00e8ge. Hawaiian Skunk est une vari\u00e9t\u00e9 hybride \u00e0 dominance indica (certaines plantes sont r\u00e9colt\u00e9es comme \u00e9tant \u00e0 dominance indica) qui produit des bourgeons pr\u00eats \u00e0 \u00eatre r\u00e9colt\u00e9s qui pr\u00e9sentent une gamme de tons vert fonc\u00e9 et vert clair et d\u00e9gagent un parfum rappelant les fruits avec des nuances de mouffette et de terre . Certains remarquent un soup\u00e7on de sauge.<\/p>\n<p>Les niveaux de THC se situent en moyenne entre 11 et 17 %, la puissance doit donc \u00eatre v\u00e9rifi\u00e9e avant l'achat\/la consommation. Le high est connu pour induire un effet \u00e9l\u00e9vateur chez les utilisateurs qui am\u00e9liore l'humeur et soulage la tension physique. Bien que cette vari\u00e9t\u00e9 soit \u00e0 dominance sativa, elle produit un esprit brumeux plut\u00f4t qu'une am\u00e9lioration de la concentration et induit une s\u00e9dation, c'est pourquoi la consommation \u00e0 la maison quelques heures avant le coucher est recommand\u00e9e. L'attention et la concentration diminueront, mais le consommateur flottera joyeusement dans sa propre t\u00eate. Acheter de l'herbe en ligne<\/p>\n<p>Zu den negativen Nebeneffekten geh\u00f6ren neben Mund- und Augentrockenheit auch Paranoia und Schwindelgef\u00fchl, wenn der Konsum die Toleranzgrenze \u00fcberschreitet. Hawaiian-Skunk online in Norwegen kaufen<\/p>\n<p>Il faut environ 11 semaines pour qu'Hawaiian Skunk fleurisse compl\u00e8tement, donc les cultivateurs impatients devraient choisir une autre vari\u00e9t\u00e9 \u00e0 cultiver.<\/p>\n<p>Hawaiian-Skunk ist ein Indica-dominanter Hybrid (einige Ernten werden als Indica-dominant eingestuft), der erntereife Knospen produziert, die eine Reihe von dunklen und hellen Gr\u00fcnt\u00f6nen aufweisen und einen Duft verstr\u00f6men, der an Fr\u00fcchte mit Untert\u00f6nen von Skunk und Erde erinnert. Super <a href=\"https:\/\/runtzcartsdisposables.com\/fr\/product\/florida-cake-jungleboys-kaufen\/\">Og Cookie<\/a>.<\/p>\n<p>Hawaiian-Skunk ist ein 65%iger Indica-Hybrid, der dicke \u00c4ste mit schweren Knospen in dunkelgr\u00fcner Farbe hervorbringt. Diese Sorte f\u00f6rdert die totale Entspannung und wird als medizinische Sorte von denjenigen bevorzugt, die mit chronischer Schlaflosigkeit zu k\u00e4mpfen haben. Unkraut online kaufen<\/p>\n<p>Die Eltern dieser Sorte sind Hawaiian Indica und Skunk #1, die beide potente Eigenschaften haben, die ihrem Ph\u00e4notyp entsprechen. Hawaiian Skunk erh\u00e4lt ihren moschusartigen, skunkigen Geruch und den starken Rausch von ihren Skunk #1-Wurzeln, und ihre beruhigenden Eigenschaften stammen von der Indica-Abstammung. Hawaiian-Skunk online kaufen in Norwegen<\/p>\n<p>Go\u00fbt:<\/p>\n<p>Hawaiian-Skunk ist sehr geschmackvoll und angenehm. Der s\u00fc\u00dfe und erdige Geschmack ist am offensichtlichsten beim Einatmen und kann in einen skunkigen und chemischen Nachgeschmack \u00fcbergehen. Der Rauch dieser Sorte schmeckt wie s\u00fc\u00dfer Salbei, gemischt mit holzigen und pflanzlichen Untert\u00f6nen, die an der Innenseite des Mundes haften bleiben.<\/p>\n<h2>Acheter Hawaiian Skunk en ligne en Norv\u00e8ge<\/h2>\n<p>Avantages m\u00e9dicinaux de la mouffette hawa\u00efenne<\/p>\n<p>Wenn Sie unter Schlaflosigkeit leiden, ist dieses Gras die Linderung, nach der Sie gesucht haben. Aufgrund ihrer stark sedierenden Eigenschaften brauchen die Nutzer nur wenige Z\u00fcge, um in einen tiefen Schlaf zu fallen. Der Rausch scheint zun\u00e4chst zu t\u00e4uschen, da er einen anf\u00e4nglichen Rausch ausl\u00f6st, der den Konsumenten f\u00fcr kurze Zeit geselliger macht, der jedoch nach kurzer Zeit durch einen extrem schweren K\u00f6rper und einen nebligen Geist ersetzt wird, der perfekt f\u00fcr die Schlafenszeit ist. Diese Sorte kann f\u00fcr Nutzer, die unter \u00dcbelkeit und Kopfschmerzen sowie einigen anderen psychischen Problemen wie Depressionen und Stress leiden, von Vorteil sein, wird aber nicht zur prim\u00e4ren Behandlung empfohlen. Diese Sorte kann auch denjenigen helfen, die unter leichten Anf\u00e4llen von chronischer Depression leiden, da sie das Gef\u00fchl vermittelt, sich erhobener und frei von st\u00e4ndigen Sorgen zu f\u00fchlen. Hawaiian-Skunk online in Norwegen kaufen. Kubanische Magic Mushrooms <a href=\"https:\/\/hhcvapekaufen.com\/\" target=\"_blank\" rel=\"noopener\">online kaufen<\/a>.<\/p>\n<p>Wirkungen von Hawaiian-Skunk<\/p>\n<p>Effets positifs:<\/p>\n<p>Hawaiian-Skunk hat viele positive Wirkungen, die die Nutzer dazu bringen, immer wieder zu kommen. Diese Sorte macht nicht nur unglaublich schl\u00e4frig, sondern wirkt auch erhebend, entspannend und euphorisierend. Es ist ein gl\u00fcckliches High, das oft zu einem Kicheranfall f\u00fchrt &#8211; wenn der Schlaf nicht zuerst kommt. Sowohl der K\u00f6rper als auch der Geist werden beeinflusst: W\u00e4hrend die Gezeiten des Schlummers den K\u00f6rper verlangsamen, schwirrt der Geist vor dem Absturz in fr\u00f6hlicher Stimmung. Kaufen Sie Hawaiian Skunk Online in Norwegen. Diazepam 10mg Tabletten online kaufen<\/p>\n<p>Effets n\u00e9gatifs<\/p>\n<p>W\u00e4hrend Hawaiian-Skunk \u00fcberwiegend positive Wirkungen hat, hat der Konsum eine klare negative Konsequenz: Schwindelgef\u00fchl. Benutzer sollten sich dessen bewusst sein und entsprechend planen. Man sollte sich bequem und an einem sicheren Ort hinlegen oder schlafen gehen. Andere Nebenwirkungen, wie trockener Mund und trockene Augen, sind ebenfalls m\u00f6glich. Hawaiian-Skunk online in Norwegen kaufen.<\/p>","protected":false},"excerpt":{"rendered":"<p>Hawaiian Skunk est super aromatique et agr\u00e9able. La saveur sucr\u00e9e et terreuse est plus \u00e9vidente \u00e0 l'inhalation et peut s'estomper en un arri\u00e8re-go\u00fbt de skunk et chimique. La fum\u00e9e de cette vari\u00e9t\u00e9 a un go\u00fbt de sauge douce m\u00e9lang\u00e9e \u00e0 des nuances bois\u00e9es et herbac\u00e9es qui persistent \u00e0 l'int\u00e9rieur de la bouche.<\/p>\n<p>&nbsp;<\/p>","protected":false},"featured_media":617,"comment_status":"open","ping_status":"closed","template":"","meta":{"_monsterinsights_skip_tracking":false,"_monsterinsights_sitenote_active":false,"_monsterinsights_sitenote_note":"","_monsterinsights_sitenote_category":0},"product_cat":[126,245,351],"product_tag":[291,292,294,293,295,296,297,298],"_links":{"self":[{"href":"https:\/\/runtzcartsdisposables.com\/fr\/wp-json\/wp\/v2\/product\/616"}],"collection":[{"href":"https:\/\/runtzcartsdisposables.com\/fr\/wp-json\/wp\/v2\/product"}],"about":[{"href":"https:\/\/runtzcartsdisposables.com\/fr\/wp-json\/wp\/v2\/types\/product"}],"replies":[{"embeddable":true,"href":"https:\/\/runtzcartsdisposables.com\/fr\/wp-json\/wp\/v2\/comments?post=616"}],"wp:featuredmedia":[{"embeddable":true,"href":"https:\/\/runtzcartsdisposables.com\/fr\/wp-json\/wp\/v2\/media\/617"}],"wp:attachment":[{"href":"https:\/\/runtzcartsdisposables.com\/fr\/wp-json\/wp\/v2\/media?parent=616"}],"wp:term":[{"taxonomy":"product_cat","embeddable":true,"href":"https:\/\/runtzcartsdisposables.com\/fr\/wp-json\/wp\/v2\/product_cat?post=616"},{"taxonomy":"product_tag","embeddable":true,"href":"https:\/\/runtzcartsdisposables.com\/fr\/wp-json\/wp\/v2\/product_tag?post=616"}],"curies":[{"name":"wp","href":"https:\/\/api.w.org\/{rel}","templated":true}]}}