{"id":646,"date":"2023-01-14T17:44:24","date_gmt":"2023-01-14T17:44:24","guid":{"rendered":"https:\/\/runtzcartsdisposables.com\/?post_type=product&#038;p=646"},"modified":"2024-11-25T20:11:22","modified_gmt":"2024-11-25T20:11:22","slug":"lemon-cherry","status":"publish","type":"product","link":"https:\/\/runtzcartsdisposables.com\/fr\/product\/lemon-cherry\/","title":{"rendered":"Lemon cherry"},"content":{"rendered":"<h1>Acheter Lemon Cherry en ligne en Suisse<\/h1>\n<p>Achetez Lemon Cherry en ligne en Suisse. est une vari\u00e9t\u00e9 \u00e0 pr\u00e9dominance Indica de Secret Santa Genetics et peut \u00eatre cultiv\u00e9e en l'int\u00e9rieur (o\u00f9 les plantes auront besoin d'une p\u00e9riode de floraison de \u00b156 jours), en ext\u00e9rieur et en serre. Graines de Lemon Cherry ZmartieZ de Secret Santa Genetics est une vari\u00e9t\u00e9 \u00e0 dominante THC et ne sont pas disponibles en versions f\u00e9minis\u00e9es. Commandez Motor Breath Jungleboys \u00e0 Chicago<\/p>\n<p>D\u00e9couvrez les facteurs uniques qui rendent la vari\u00e9t\u00e9 Lemon Cherry si puissante. Champignon magique Big Mex en ligne aux \u00c9tats-Unis.<\/p>\n<p>Dans le nord-ouest am\u00e9ricain, le changement des saisons est plus qu'un simple coup d'\u0153il sur le calendrier. Dans notre beau coin des \u00c9tats-Unis, nous vivons le v\u00e9ritable changement des saisons : feuillage d'automne, soleil d'\u00e9t\u00e9 et neige d'hiver. Par cons\u00e9quent, les nouvelles saisons peuvent nous inspirer \u00e0 de nouvelles exp\u00e9riences. Le temps qu'il fait dehors influence notre routine quotidienne, nos aliments et boissons pr\u00e9f\u00e9r\u00e9s et, pour certains d'entre nous, nos vari\u00e9t\u00e9s de cannabis pr\u00e9f\u00e9r\u00e9es \u00e9galement. L'une de nos vari\u00e9t\u00e9s pr\u00e9f\u00e9r\u00e9es est sans aucun doute la Lemon Cherry de Gasworks Garden. Au printemps, le temps capricieux dans le nord-ouest du Pacifique signifie qu'il faut s'attendre \u00e0 un soleil radieux un jour et \u00e0 un surplomb sombre de nuages \u200b\u200b\u200b\u200b\u00e9pais et gris le lendemain. Compte tenu de cette vari\u00e9t\u00e9, vous feriez bien d'obtenir une vari\u00e9t\u00e9 hybride de haute qualit\u00e9,<\/p>\n<h2>Acheter Lemon Cherry en ligne en Suisse<\/h2>\n<p>Es gibt nur wenige Sorten, die f\u00fcr diesen Zweck besser geeignet sind als Lemon Cherry, eine sorgf\u00e4ltig gez\u00fcchtete Sorte von Gasworks Garden. Sie haben viel Zeit damit verbracht, diese beeindruckend vielf\u00e4ltige Sorte zu produzieren, indem sie ihre Lieblingsmerkmale aus Lemon OG, Cherry Pie und einem Hauch von <a href=\"https:\/\/runtzcartsdisposables.com\/fr\/product\/platinum-og\/\">OG<\/a> Kush ausgew\u00e4hlt haben. Das Ergebnis ist eine Sorte, die in m\u00fchevoller Kleinarbeit entstanden ist, eine Sorte, die Gasworks gerne als &#8222;Desert Island&#8220;-Sorte bezeichnet, die perfekte Blume, die man ohne zu z\u00f6gern Sch\u00fcssel f\u00fcr Sch\u00fcssel f\u00fcr den Rest seiner Tage rauchen w\u00fcrde. Die Sorte weist sativadominierte Eigenschaften auf, die denen von Lemon OG \u00e4hneln, aber ihre 10-w\u00f6chige Bl\u00fctezeit &#8211; weitaus k\u00fcrzer als die einer typischen Sativa &#8211; verleiht ihr einige wirklich wunderbare Indica-Qualit\u00e4ten sowie ein dekadentes, reichhaltiges Terpenprofil, das stark von Myrcen und Limonen gepr\u00e4gt ist. Diese zweifache Terpenkombination verleiht Cherry Pie eine nasenfl\u00fcgelerweiternde Sch\u00e4rfe mit erdigen, aromatischen T\u00f6nen, die von scharfen, pikanten Kirsch- und Zitrusnoten erhellt werden. Mit ihrem ausgewogenen High und ihrer Terpen-Belastung ist Lemon Cherry eine Sorte, die geradezu darum bittet, f\u00fcr Konzentrate verwendet zu werden, und Gasworks hat sie genau aus diesem Grund gez\u00fcchtet.<\/p>\n<p>Nachdem sie eine ihrer Meinung nach perfekt ausbalancierte Sorte geschaffen hatten, verschwendete Gasworks keine Zeit damit, sie zur Herstellung einer Reihe von erstklassigen Konzentratprodukten zu verwenden, darunter Terpen-Teig, Kristallit-Konzentrate und BHO- (oder PHO-) Kartuschen. Diese ph\u00e4nomenalen Konzentratprodukte verst\u00e4rken den abgerundeten Charakter von Lemon Cherry und machen sie gleicherma\u00dfen geeignet f\u00fcr einen entspannten Tag zu Hause oder einen aufregenden Tag unterwegs. Lemon Cherry online in der Schweiz<a href=\"https:\/\/kokaindrogekaufen.com\/\" target=\"_blank\" rel=\"noopener\"> kaufen<\/a>.<\/p>","protected":false},"excerpt":{"rendered":"<p>Lemon Cherry ZmartieZ est une vari\u00e9t\u00e9 Indica de Secret Santa Genetics et peut \u00eatre cultiv\u00e9e en l'int\u00e9rieur (o\u00f9 les plantes auront besoin d'une p\u00e9riode de floraison de \u00b156 jours), en ext\u00e9rieur et en serre.<\/p>\n<p>&nbsp;<\/p>","protected":false},"featured_media":647,"comment_status":"open","ping_status":"closed","template":"","meta":{"_monsterinsights_skip_tracking":false,"_monsterinsights_sitenote_active":false,"_monsterinsights_sitenote_note":"","_monsterinsights_sitenote_category":0},"product_cat":[126,245,351],"product_tag":[311,313,312,310,201,314],"_links":{"self":[{"href":"https:\/\/runtzcartsdisposables.com\/fr\/wp-json\/wp\/v2\/product\/646"}],"collection":[{"href":"https:\/\/runtzcartsdisposables.com\/fr\/wp-json\/wp\/v2\/product"}],"about":[{"href":"https:\/\/runtzcartsdisposables.com\/fr\/wp-json\/wp\/v2\/types\/product"}],"replies":[{"embeddable":true,"href":"https:\/\/runtzcartsdisposables.com\/fr\/wp-json\/wp\/v2\/comments?post=646"}],"wp:featuredmedia":[{"embeddable":true,"href":"https:\/\/runtzcartsdisposables.com\/fr\/wp-json\/wp\/v2\/media\/647"}],"wp:attachment":[{"href":"https:\/\/runtzcartsdisposables.com\/fr\/wp-json\/wp\/v2\/media?parent=646"}],"wp:term":[{"taxonomy":"product_cat","embeddable":true,"href":"https:\/\/runtzcartsdisposables.com\/fr\/wp-json\/wp\/v2\/product_cat?post=646"},{"taxonomy":"product_tag","embeddable":true,"href":"https:\/\/runtzcartsdisposables.com\/fr\/wp-json\/wp\/v2\/product_tag?post=646"}],"curies":[{"name":"wp","href":"https:\/\/api.w.org\/{rel}","templated":true}]}}