{"id":652,"date":"2023-01-14T17:49:08","date_gmt":"2023-01-14T17:49:08","guid":{"rendered":"https:\/\/runtzcartsdisposables.com\/?post_type=product&#038;p=652"},"modified":"2024-11-25T20:11:21","modified_gmt":"2024-11-25T20:11:21","slug":"lemon-cherry-gelato","status":"publish","type":"product","link":"https:\/\/runtzcartsdisposables.com\/fr\/product\/lemon-cherry-gelato\/","title":{"rendered":"Lemon cherry gelato"},"content":{"rendered":"<h1>Acheter Lemon Cherry Gelato en ligne en Gr\u00e8ce<\/h1>\n<p>Achetez de la glace au citron et aux cerises en ligne en Gr\u00e8ce. Antique, une op\u00e9ration bas\u00e9e \u00e0 Oakland, travaille dur pour montrer que l'East Bay est toujours \u00e0 l'avant-garde.<\/p>\n<p>Sa derni\u00e8re goutte de Lemon Cherry Gelato ? ? est le niveau suivant. Champignon magique Big Mex en ligne aux \u00c9tats-Unis.<\/p>\n<p>La premi\u00e8re chose qui vous frappe, c'est \u00e0 quel point il a bien grandi, rougi, gu\u00e9ri et soign\u00e9. Il br\u00fble incroyablement lisse, rappelant les fleurs certifi\u00e9es vertes et propres.<\/p>\n<p>Le profil de saveur donne l'impression d'avoir \u00e9t\u00e9 pr\u00e9par\u00e9 par un chef c\u00e9l\u00e8bre. L'\u00e9quilibre entre la cerise, le citron et la glace est impeccable. La glace n'est pas trop \u00e9crasante tandis que les notes de citron et de cerise compl\u00e8tent si bien la glace.<\/p>\n<p>Lemon Gelato ist eine indicadominierte Hybridsorte, die Liebhabern von Geruch und Geschmack gefallen wird. Wie der Name schon sagt, bietet Lemon Gelato einen s\u00fc\u00dfen, Sorbet-\u00e4hnlichen Geschmack, der an Zitronen und Blaubeeren erinnert, aber mit einem holzartigen Geschmack beim Ausatmen. Der Duft ist \u00e4hnlich und wird nur noch intensiver, wenn man die Knospen dieser Sorte aufbricht. Mit ihrer Abstammung von Sunset Sherbet, Thin Mint Girl Scout Cookies und Lemon Haze ist es kein Wunder, dass sowohl ihr Duft als auch ihr Geschmack so abwechslungsreich und lecker sind. Kubanische <a href=\"https:\/\/bobdispensary.com\/\" target=\"_blank\" rel=\"noopener\">Magic Mushrooms<\/a> online kaufen<\/p>\n<h2>Acheter Lemon Cherry Gelato en ligne en Gr\u00e8ce<\/h2>\n<p>Un lot de Lemon Gelato bien cultiv\u00e9 produit des p\u00e9pites avec des pointes vert fonc\u00e9 qui s'\u00e9claircissent vers la tige, ainsi que des pistils brun dor\u00e9 et une l\u00e9g\u00e8re pollinisation des trichomes. Acheter MoneyBagg Runtz \u00e0 Dammam<\/p>\n<p>Der<a href=\"https:\/\/runtzcartsdisposables.com\/fr\/product\/la-kush-cake-jungleboy-bestellen\/\"> THC-Gehalt<\/a> von Lemon Gelato kann variieren, daher sollte man den Prozentsatz \u00fcberpr\u00fcfen, bevor man sie probiert. Rezensenten dieser Sorte haben oft angegeben, dass ihr Fokus zusammen mit der Energie zunimmt, und ein zerebraler Kopf Rausch wird von einem K\u00f6rper Summen, das von Kopf bis Fu\u00df schwingt begleitetFans dieser Sorte schwelgen oft in Entspannung, Ruhe und Frieden, wenn sie es versuchen, und haben auch festgestellt, dass es helfen kann, Schmerzen zu lindern, Kopfschmerzen, und m\u00f6glicherweise von M\u00fcdigkeit zu befreien.<\/p>","protected":false},"excerpt":{"rendered":"<h4 style=\"text-align: center;\">Lemon cherry gelato<\/h4>\n<hr \/>\n<p>Cette vari\u00e9t\u00e9 descend de la vari\u00e9t\u00e9 Sunset Sherbet. Nous sommes le premier fournisseur de glaces.<br \/>\nLemon Gelato est une vari\u00e9t\u00e9 hybride \u00e0 dominance indica qui plaira aux amateurs d'odorat et de. Comme son nom l'indique, Lemon Gelato offre une douce saveur de sorbet rappelant les citrons et les myrtilles.<\/p>","protected":false},"featured_media":653,"comment_status":"open","ping_status":"closed","template":"","meta":{"_monsterinsights_skip_tracking":false,"_monsterinsights_sitenote_active":false,"_monsterinsights_sitenote_note":"","_monsterinsights_sitenote_category":0},"product_cat":[126,245,351],"product_tag":[],"_links":{"self":[{"href":"https:\/\/runtzcartsdisposables.com\/fr\/wp-json\/wp\/v2\/product\/652"}],"collection":[{"href":"https:\/\/runtzcartsdisposables.com\/fr\/wp-json\/wp\/v2\/product"}],"about":[{"href":"https:\/\/runtzcartsdisposables.com\/fr\/wp-json\/wp\/v2\/types\/product"}],"replies":[{"embeddable":true,"href":"https:\/\/runtzcartsdisposables.com\/fr\/wp-json\/wp\/v2\/comments?post=652"}],"wp:featuredmedia":[{"embeddable":true,"href":"https:\/\/runtzcartsdisposables.com\/fr\/wp-json\/wp\/v2\/media\/653"}],"wp:attachment":[{"href":"https:\/\/runtzcartsdisposables.com\/fr\/wp-json\/wp\/v2\/media?parent=652"}],"wp:term":[{"taxonomy":"product_cat","embeddable":true,"href":"https:\/\/runtzcartsdisposables.com\/fr\/wp-json\/wp\/v2\/product_cat?post=652"},{"taxonomy":"product_tag","embeddable":true,"href":"https:\/\/runtzcartsdisposables.com\/fr\/wp-json\/wp\/v2\/product_tag?post=652"}],"curies":[{"name":"wp","href":"https:\/\/api.w.org\/{rel}","templated":true}]}}