{"id":658,"date":"2023-01-14T18:02:05","date_gmt":"2023-01-14T18:02:05","guid":{"rendered":"https:\/\/runtzcartsdisposables.com\/?post_type=product&#038;p=658"},"modified":"2024-11-25T20:11:19","modified_gmt":"2024-11-25T20:11:19","slug":"mimosa","status":"publish","type":"product","link":"https:\/\/runtzcartsdisposables.com\/fr\/product\/mimosa\/","title":{"rendered":"Mimosa"},"content":{"rendered":"<h1>Acheter du mimosa en Virginie aux \u00c9tats-Unis<\/h1>\n<p><span class=\"css-1uwmyp9-text css-1en5rd2 css-13sga99 css-6n7j50\">Mimosa strain <\/span>Achetez du mimosa en Virginie aux \u00c9tats-Unis. Commandez du mimosa en Virginie aux \u00c9tats-Unis. Mimosa est une vari\u00e9t\u00e9 \u00e0 dominance sativa <a href=\"https:\/\/runtzcartsdisposables.com\/index.php\/product-category\/blumen\/hybrid-sorten\/\">Hybridsorte<\/a> (70% Sativa\/30% Indica) obtenu en croisant le classique P<a href=\"https:\/\/www.alchimiaweb.com\/en\/purple-punch-x-do-si-dos-product-12372.php#:~:text=Purple%20Punch%20x%20Do%2DSi%2Ddos%20by%20Philosopher%20Seeds%20is,production%2C%20appearance%20and%20psychedelic%20effect.\" target=\"_blank\" rel=\"noopener\">urple Punch X<\/a> Des vari\u00e9t\u00e9s de cl\u00e9mentines sont apparues. Si vous cherchez un remontant matinal (sans alcool), cette vari\u00e9t\u00e9 est faite pour vous. Le mimosa a un effet diurne lumineux et optimiste, parfait pour chasser le sommeil et commencer votre journ\u00e9e avec une ambiance positive. Au d\u00e9but de l'effet, vous ressentirez une t\u00eate \u00e9nergique et claire, remplissant votre cerveau d'une motivation euphorique et d'une concentration ultra-pr\u00e9cise. Cet effet s'accompagne d'une l\u00e9g\u00e8re sensation de picotement, principalement dans le corps et non dans la t\u00eate. Avec ces effets et des niveaux moyens \u00e9lev\u00e9s de THC de 19 \u00e0 27 %, Mimosa est un choix parfait pour traiter les personnes souffrant de Strawnana.<\/p>\n<h4>THC<\/h4>\n<p>T\u00e9trahydrocannabinol<br \/>\nPlus le pourcentage de THC est \u00e9lev\u00e9, plus la puissance (\u00e9lev\u00e9e) est \u00e9lev\u00e9e. Acheter Mimosa Cannabis Europe<\/p>\n<h4>CBD<\/h4>\n<p><strong>Cannabidiol<\/strong><br \/>\nLe CBD, ou cannabidiol, est le deuxi\u00e8me ingr\u00e9dient le plus courant dans la plupart des vari\u00e9t\u00e9s de marijuana. Certaines vari\u00e9t\u00e9s sont s\u00e9lectionn\u00e9es pour contenir plus de CBD que de THC. Le CBD a un effet m\u00e9dicinal \u00e9lev\u00e9, mais ne vous fait pas planer car il n'a pas de propri\u00e9t\u00e9s psychoactives. Le CBD est utilis\u00e9 pour traiter de nombreuses affections : douleur, inflammation, anxi\u00e9t\u00e9 et bien d'autres maux. brownies \u00e0 la CDB<\/p>\n<p>Mimosa ist eine dominante Indica-Sorte, die ein starkes Hybrid-High hat. Sie hat eine unglaublich hohe <a href=\"https:\/\/runtzcartsdisposables.com\/fr\/product\/orangenkekse-jungleboys-kaufen\/\">THC<\/a>-Konzentration, die bei 20 Prozent beginnt. Sie hat ein sehr einzigartiges und stechendes Aroma, das manchmal s\u00fc\u00df erscheint.<\/p>\n<p>Son ar\u00f4me a \u00e9galement des notes d'agrumes et de saveurs terreuses. La vari\u00e9t\u00e9 a une apparence moussue de couleur verd\u00e2tre et rouille. Le mimosa a une bonne saveur qui est un m\u00e9lange de saveurs terreuses et d'agrumes. Les effets positifs de cette vari\u00e9t\u00e9 sont incroyables. Il a un fort effet calmant sur les nerfs, vous rendant heureux et euphorique en m\u00eame temps.<\/p>\n<p><span class=\"css-1uwmyp9-text css-1en5rd2 css-13sga99 css-6n7j50\">Mimosa strain <\/span>Nach dem Rauchen von Mimosa f\u00fchlt man sich entspannt. Es kann auch dazu f\u00fchren, dass man sich kreativ f\u00fchlt. Mimose eignet sich hervorragend zur Behandlung von Angstzust\u00e4nden und Depressionen verschiedener Art. Sie k\u00f6nnen es auch f\u00fcr die Heilung von Hyperaktivit\u00e4t verwenden<a href=\"http:\/\/gblkaufenn.com\" target=\"_blank\" rel=\"noopener\">.<\/a> High THC Weed kaufen. All American Brownie kaufen<\/p>\n<p>Un hybride est un m\u00e9lange de deux vari\u00e9t\u00e9s de marijuana g\u00e9n\u00e9tiquement diff\u00e9rentes. Les hybrides se forment lorsque le pollen d'un cultivar (m\u00e2le) est transf\u00e9r\u00e9 (par un insecte ou \u00e0 la main) \u00e0 une fleur (femelle) d'un autre cultivar. La plante produit alors des graines qui contiennent la g\u00e9n\u00e9tique des deux parents. Les hybrides pr\u00e9sentent parfois une puissance et une r\u00e9sistance sup\u00e9rieures \u00e0 celles de leurs parents. Par exemple, la vari\u00e9t\u00e9 Chemdawg est un croisement entre OG Kush et Sour Diesel.<\/p>","protected":false},"excerpt":{"rendered":"<h2 class=\"css-1uwmyp9-text css-1en5rd2 css-13sga99 css-13o7eu2 css-542wex\" style=\"text-align: center;\"><span class=\"css-1uwmyp9-text css-1en5rd2 css-13sga99 css-6n7j50\"><span class=\"css-1uwmyp9-text css-1en5rd2 css-13sga99 css-6n7j50\">Mimosa strain<\/span><\/span><\/h2>\n<hr \/>\n<p>Mimosa est une vari\u00e9t\u00e9 hybride \u00e0 dominance sativa (70 % sativa\/30 % indica) cr\u00e9\u00e9e en croisant les vari\u00e9t\u00e9s classiques Purple Punch X Clementine.<\/p>\n<p>&nbsp;<\/p>","protected":false},"featured_media":659,"comment_status":"open","ping_status":"closed","template":"","meta":{"_monsterinsights_skip_tracking":false,"_monsterinsights_sitenote_active":false,"_monsterinsights_sitenote_note":"","_monsterinsights_sitenote_category":0},"product_cat":[126,245,351],"product_tag":[],"_links":{"self":[{"href":"https:\/\/runtzcartsdisposables.com\/fr\/wp-json\/wp\/v2\/product\/658"}],"collection":[{"href":"https:\/\/runtzcartsdisposables.com\/fr\/wp-json\/wp\/v2\/product"}],"about":[{"href":"https:\/\/runtzcartsdisposables.com\/fr\/wp-json\/wp\/v2\/types\/product"}],"replies":[{"embeddable":true,"href":"https:\/\/runtzcartsdisposables.com\/fr\/wp-json\/wp\/v2\/comments?post=658"}],"wp:featuredmedia":[{"embeddable":true,"href":"https:\/\/runtzcartsdisposables.com\/fr\/wp-json\/wp\/v2\/media\/659"}],"wp:attachment":[{"href":"https:\/\/runtzcartsdisposables.com\/fr\/wp-json\/wp\/v2\/media?parent=658"}],"wp:term":[{"taxonomy":"product_cat","embeddable":true,"href":"https:\/\/runtzcartsdisposables.com\/fr\/wp-json\/wp\/v2\/product_cat?post=658"},{"taxonomy":"product_tag","embeddable":true,"href":"https:\/\/runtzcartsdisposables.com\/fr\/wp-json\/wp\/v2\/product_tag?post=658"}],"curies":[{"name":"wp","href":"https:\/\/api.w.org\/{rel}","templated":true}]}}